{"id":1837,"date":"2021-11-01T14:49:33","date_gmt":"2021-11-01T14:49:33","guid":{"rendered":"https:\/\/delimpaltasplasticsurgery.com\/?page_id=1837"},"modified":"2021-11-10T08:46:33","modified_gmt":"2021-11-10T08:46:33","slug":"seins","status":"publish","type":"page","link":"https:\/\/delimpaltasplasticsurgery.com\/index.php\/language\/fr\/seins\/","title":{"rendered":"Seins"},"content":{"rendered":"<p><div class=\"fusion-fullwidth fullwidth-box fusion-builder-row-1 fusion-flex-container nonhundred-percent-fullwidth non-hundred-percent-height-scrolling\" style=\"--awb-border-radius-top-left:0px;--awb-border-radius-top-right:0px;--awb-border-radius-bottom-right:0px;--awb-border-radius-bottom-left:0px;--awb-padding-top:10px;--awb-margin-bottom:0px;--awb-flex-wrap:wrap;\" ><div class=\"fusion-builder-row fusion-row fusion-flex-align-items-center fusion-flex-justify-content-center fusion-flex-content-wrap\" style=\"max-width:1289.6px;margin-left: calc(-4% \/ 2 );margin-right: calc(-4% \/ 2 );\"><div class=\"fusion-layout-column fusion_builder_column fusion-builder-column-0 fusion_builder_column_1_1 1_1 fusion-flex-column\" style=\"--awb-bg-size:cover;--awb-width-large:100%;--awb-margin-top-large:0px;--awb-spacing-right-large:1.92%;--awb-margin-bottom-large:20px;--awb-spacing-left-large:1.92%;--awb-width-medium:100%;--awb-order-medium:0;--awb-spacing-right-medium:1.92%;--awb-spacing-left-medium:1.92%;--awb-width-small:100%;--awb-order-small:0;--awb-spacing-right-small:1.92%;--awb-spacing-left-small:1.92%;\"><div class=\"fusion-column-wrapper fusion-column-has-shadow fusion-flex-justify-content-flex-start fusion-content-layout-column\"><div class=\"fusion-title title fusion-title-1 fusion-sep-none fusion-title-text fusion-title-size-one\" style=\"--awb-text-color:#000000;--awb-margin-top:-5px;--awb-margin-bottom:30px;--awb-margin-top-small:10px;--awb-margin-right-small:0px;--awb-margin-bottom-small:10px;--awb-margin-left-small:0px;--awb-link-color:#000000;--awb-font-size:15px;\"><h1 class=\"fusion-title-heading title-heading-left fusion-responsive-typography-calculated\" style=\"font-family:&quot;Century Gothic&quot;;margin:0;font-size:1em;--fontSize:15;--minFontSize:15;line-height:2.07;\"><a href=\"https:\/\/delimpaltasplasticsurgery.com\/index.php\/aesthetic-procedures\/#aesthetic\" class=\"awb-custom-text-color awb-custom-text-hover-color\" target=\"_self\"><a href=\"https:\/\/delimpaltasplasticsurgery.com\/index.php\/fr\/procedures-esthetiques\/#aesthetic\">&lt; Back to proc\u00e9dures ESTH\u00c9TIQUES<br \/>\n<\/a><\/a><\/h1><\/div><\/div><\/div><div class=\"fusion-layout-column fusion_builder_column fusion-builder-column-1 fusion_builder_column_1_2 1_2 fusion-flex-column\" style=\"--awb-bg-size:cover;--awb-width-large:50%;--awb-margin-top-large:0px;--awb-spacing-right-large:3.84%;--awb-margin-bottom-large:20px;--awb-spacing-left-large:3.84%;--awb-width-medium:100%;--awb-order-medium:0;--awb-spacing-right-medium:1.92%;--awb-spacing-left-medium:1.92%;--awb-width-small:100%;--awb-order-small:0;--awb-spacing-right-small:1.92%;--awb-spacing-left-small:1.92%;\"><div class=\"fusion-column-wrapper fusion-column-has-shadow fusion-flex-justify-content-flex-start fusion-content-layout-column\"><div class=\"fusion-image-element \" style=\"text-align:center;--awb-max-width:640px;--awb-caption-title-font-family:var(--h2_typography-font-family);--awb-caption-title-font-weight:var(--h2_typography-font-weight);--awb-caption-title-font-style:var(--h2_typography-font-style);--awb-caption-title-size:var(--h2_typography-font-size);--awb-caption-title-transform:var(--h2_typography-text-transform);--awb-caption-title-line-height:var(--h2_typography-line-height);--awb-caption-title-letter-spacing:var(--h2_typography-letter-spacing);\"><span class=\" fusion-imageframe imageframe-none imageframe-1 hover-type-none\"><img decoding=\"async\" width=\"697\" height=\"300\" title=\"breasts_new\" src=\"https:\/\/delimpaltasplasticsurgery.com\/wp-content\/uploads\/2021\/11\/breasts_new.png\" alt class=\"img-responsive wp-image-2279\" srcset=\"https:\/\/delimpaltasplasticsurgery.com\/wp-content\/uploads\/2021\/11\/breasts_new-200x86.png 200w, https:\/\/delimpaltasplasticsurgery.com\/wp-content\/uploads\/2021\/11\/breasts_new-400x172.png 400w, https:\/\/delimpaltasplasticsurgery.com\/wp-content\/uploads\/2021\/11\/breasts_new-600x258.png 600w, https:\/\/delimpaltasplasticsurgery.com\/wp-content\/uploads\/2021\/11\/breasts_new.png 697w\" sizes=\"(max-width: 1024px) 100vw, (max-width: 640px) 100vw, 600px\" \/><\/span><\/div><\/div><\/div><div class=\"fusion-layout-column fusion_builder_column fusion-builder-column-2 fusion_builder_column_1_2 1_2 fusion-flex-column\" style=\"--awb-bg-size:cover;--awb-width-large:50%;--awb-margin-top-large:0px;--awb-spacing-right-large:3.84%;--awb-margin-bottom-large:50px;--awb-spacing-left-large:3.84%;--awb-width-medium:100%;--awb-order-medium:0;--awb-spacing-right-medium:1.92%;--awb-spacing-left-medium:1.92%;--awb-width-small:100%;--awb-order-small:0;--awb-spacing-right-small:1.92%;--awb-spacing-left-small:1.92%;\"><div class=\"fusion-column-wrapper fusion-column-has-shadow fusion-flex-justify-content-flex-start fusion-content-layout-column\"><div class=\"fusion-title title fusion-title-2 fusion-sep-none fusion-title-center fusion-title-text fusion-title-size-one\" style=\"--awb-text-color:#848484;--awb-margin-top-small:10px;--awb-margin-right-small:0px;--awb-margin-bottom-small:10px;--awb-margin-left-small:0px;\"><h1 class=\"fusion-title-heading title-heading-center fusion-responsive-typography-calculated\" style=\"margin:0;--fontSize:32;line-height:0.97;\"><span style=\"font-family: 'Century Gothic';\" data-fusion-font=\"true\">Seins &#8211; <\/span>proc\u00e9dures ESTH\u00c9TIQUES<\/h1><\/div><\/div><\/div><\/div><\/div><div class=\"fusion-fullwidth fullwidth-box fusion-builder-row-2 fusion-flex-container nonhundred-percent-fullwidth non-hundred-percent-height-scrolling\" style=\"--awb-border-radius-top-left:0px;--awb-border-radius-top-right:0px;--awb-border-radius-bottom-right:0px;--awb-border-radius-bottom-left:0px;--awb-padding-top:80px;--awb-padding-bottom:80px;--awb-margin-top:0px;--awb-background-color:#383838;--awb-flex-wrap:wrap;\" ><div class=\"fusion-builder-row fusion-row fusion-flex-align-items-center fusion-flex-justify-content-center fusion-flex-content-wrap\" style=\"max-width:1289.6px;margin-left: calc(-4% \/ 2 );margin-right: calc(-4% \/ 2 );\"><div class=\"fusion-layout-column fusion_builder_column fusion-builder-column-3 fusion_builder_column_1_1 1_1 fusion-flex-column fusion-flex-align-self-center\" style=\"--awb-padding-right:120px;--awb-padding-left:120px;--awb-padding-right-medium:20px;--awb-padding-left-medium:20px;--awb-padding-right-small:10px;--awb-padding-left-small:10px;--awb-bg-size:cover;--awb-width-large:100%;--awb-margin-top-large:0px;--awb-spacing-right-large:1.92%;--awb-margin-bottom-large:20px;--awb-spacing-left-large:1.92%;--awb-width-medium:100%;--awb-order-medium:0;--awb-spacing-right-medium:1.92%;--awb-spacing-left-medium:1.92%;--awb-width-small:100%;--awb-order-small:0;--awb-spacing-right-small:1.92%;--awb-spacing-left-small:1.92%;\"><div class=\"fusion-column-wrapper fusion-column-has-shadow fusion-flex-justify-content-center fusion-content-layout-column\"><div class=\"accordian fusion-accordian\" style=\"--awb-border-size:1px;--awb-icon-size:16px;--awb-content-font-size:16px;--awb-icon-alignment:right;--awb-hover-color:#f9f9fb;--awb-border-color:#e2e2e2;--awb-background-color:#ffffff;--awb-divider-color:#e0dede;--awb-divider-hover-color:#e0dede;--awb-icon-color:#ffffff;--awb-title-color:#ffffff;--awb-content-color:#050505;--awb-icon-box-color:#333333;--awb-toggle-hover-accent-color:#c6b429;--awb-toggle-active-accent-color:#c6b429;--awb-title-font-family:&quot;Century Gothic&quot;;--awb-title-font-weight:400;--awb-title-font-style:normal;--awb-title-font-size:18px;--awb-content-font-family:&quot;Century Gothic&quot;;--awb-content-font-style:normal;--awb-content-font-weight:400;\"><div class=\"panel-group fusion-toggle-icon-right fusion-toggle-icon-unboxed\" id=\"accordion-1837-1\"><div class=\"fusion-panel panel-default panel-32b9e72e0bd740fc9 fusion-toggle-has-divider\"><div class=\"panel-heading\"><h4 class=\"panel-title toggle\" id=\"toggle_32b9e72e0bd740fc9\"><a aria-expanded=\"false\" aria-controls=\"32b9e72e0bd740fc9\" role=\"button\" data-toggle=\"collapse\" data-parent=\"#accordion-1837-1\" data-target=\"#32b9e72e0bd740fc9\" href=\"#32b9e72e0bd740fc9\"><span class=\"fusion-toggle-icon-wrapper\" aria-hidden=\"true\"><i class=\"fa-fusion-box active-icon awb-icon-minus\" aria-hidden=\"true\"><\/i><i class=\"fa-fusion-box inactive-icon awb-icon-plus\" aria-hidden=\"true\"><\/i><\/span><span class=\"fusion-toggle-heading\">Plastie Mammaire d\u2019Augmentation<\/span><\/a><\/h4><\/div><div id=\"32b9e72e0bd740fc9\" class=\"panel-collapse collapse \" aria-labelledby=\"toggle_32b9e72e0bd740fc9\"><div class=\"panel-body toggle-content fusion-clearfix\">\n<p style=\"color: #ffffff; font-size: 16px; font-family: 'Century Gothic'; line-height: 24px; letter-spacing: 0.3px;\" data-fusion-font=\"true\">Augmentation du volume, restauration du contour et correction d&#8217;une \u00e9ventuelle asym\u00e9trie ou d\u2019une chute l\u00e9g\u00e8re des sein avec des implants en silicone et\/ou injection de graisse (greffe de graisse).<\/p>\n<\/div><\/div><\/div><div class=\"fusion-panel panel-default panel-b8c137120760ba9f0 fusion-toggle-has-divider\"><div class=\"panel-heading\"><h4 class=\"panel-title toggle\" id=\"toggle_b8c137120760ba9f0\"><a aria-expanded=\"false\" aria-controls=\"b8c137120760ba9f0\" role=\"button\" data-toggle=\"collapse\" data-parent=\"#accordion-1837-1\" data-target=\"#b8c137120760ba9f0\" href=\"#b8c137120760ba9f0\"><span class=\"fusion-toggle-icon-wrapper\" aria-hidden=\"true\"><i class=\"fa-fusion-box active-icon awb-icon-minus\" aria-hidden=\"true\"><\/i><i class=\"fa-fusion-box inactive-icon awb-icon-plus\" aria-hidden=\"true\"><\/i><\/span><span class=\"fusion-toggle-heading\">Plastie Mammaire d\u2019Augmentation avec Mastopexie<\/span><\/a><\/h4><\/div><div id=\"b8c137120760ba9f0\" class=\"panel-collapse collapse \" aria-labelledby=\"toggle_b8c137120760ba9f0\"><div class=\"panel-body toggle-content fusion-clearfix\">\n<p style=\"color: #ffffff; font-size: 16px; font-family: 'Century Gothic'; line-height: 24px; letter-spacing: 0.3px;\" data-fusion-font=\"true\">Augmentation du volume, redressement (chute l\u00e9g\u00e8re \u00e0 mod\u00e9r\u00e9e), restauration du contour et correction d\u2019asym\u00e9trie possible des sein avec des implants en silicone et\/ou injection de graisse (greffe de graisse).<\/p>\n<\/div><\/div><\/div><div class=\"fusion-panel panel-default panel-c352ead34b8d3223b fusion-toggle-has-divider\"><div class=\"panel-heading\"><h4 class=\"panel-title toggle\" id=\"toggle_c352ead34b8d3223b\"><a aria-expanded=\"false\" aria-controls=\"c352ead34b8d3223b\" role=\"button\" data-toggle=\"collapse\" data-parent=\"#accordion-1837-1\" data-target=\"#c352ead34b8d3223b\" href=\"#c352ead34b8d3223b\"><span class=\"fusion-toggle-icon-wrapper\" aria-hidden=\"true\"><i class=\"fa-fusion-box active-icon awb-icon-minus\" aria-hidden=\"true\"><\/i><i class=\"fa-fusion-box inactive-icon awb-icon-plus\" aria-hidden=\"true\"><\/i><\/span><span class=\"fusion-toggle-heading\">Plastie Mammaire de R\u00e9duction<\/span><\/a><\/h4><\/div><div id=\"c352ead34b8d3223b\" class=\"panel-collapse collapse \" aria-labelledby=\"toggle_c352ead34b8d3223b\"><div class=\"panel-body toggle-content fusion-clearfix\">\n<p style=\"color: #ffffff; font-size: 16px; line-height: 24px; letter-spacing: 0.3px;\" data-fusion-font=\"true\">R\u00e9duction du volume, restauration du contour et correction d&#8217;une \u00e9ventuelle asym\u00e9trie et\/ou d\u2019une chute l\u00e9g\u00e8re \u00e0 mod\u00e9r\u00e9e des sein.<\/p>\n<\/div><\/div><\/div><div class=\"fusion-panel panel-default panel-a8dc48dc348967575 fusion-toggle-has-divider\"><div class=\"panel-heading\"><h4 class=\"panel-title toggle\" id=\"toggle_a8dc48dc348967575\"><a aria-expanded=\"false\" aria-controls=\"a8dc48dc348967575\" role=\"button\" data-toggle=\"collapse\" data-parent=\"#accordion-1837-1\" data-target=\"#a8dc48dc348967575\" href=\"#a8dc48dc348967575\"><span class=\"fusion-toggle-icon-wrapper\" aria-hidden=\"true\"><i class=\"fa-fusion-box active-icon awb-icon-minus\" aria-hidden=\"true\"><\/i><i class=\"fa-fusion-box inactive-icon awb-icon-plus\" aria-hidden=\"true\"><\/i><\/span><span class=\"fusion-toggle-heading\">Plastie Mammaire de R\u00e9duction avec Mastopexie<\/span><\/a><\/h4><\/div><div id=\"a8dc48dc348967575\" class=\"panel-collapse collapse \" aria-labelledby=\"toggle_a8dc48dc348967575\"><div class=\"panel-body toggle-content fusion-clearfix\"><span style=\"color: #ffffff; font-size: 16px; font-family: 'Century Gothic'; line-height: 24px; letter-spacing: 0.3px;\" data-fusion-font=\"true\">R\u00e9duction du volume, redressement (chute mod\u00e9r\u00e9e \u00e0 s\u00e9v\u00e8re), restauration du contour et correction d&#8217;une \u00e9ventuelle asym\u00e9trie des sein.<\/span><\/div><\/div><\/div><div class=\"fusion-panel panel-default panel-0aa626e1f40f2a0d9 fusion-toggle-has-divider\"><div class=\"panel-heading\"><h4 class=\"panel-title toggle\" id=\"toggle_0aa626e1f40f2a0d9\"><a aria-expanded=\"false\" aria-controls=\"0aa626e1f40f2a0d9\" role=\"button\" data-toggle=\"collapse\" data-parent=\"#accordion-1837-1\" data-target=\"#0aa626e1f40f2a0d9\" href=\"#0aa626e1f40f2a0d9\"><span class=\"fusion-toggle-icon-wrapper\" aria-hidden=\"true\"><i class=\"fa-fusion-box active-icon awb-icon-minus\" aria-hidden=\"true\"><\/i><i class=\"fa-fusion-box inactive-icon awb-icon-plus\" aria-hidden=\"true\"><\/i><\/span><span class=\"fusion-toggle-heading\">Mastopexie \/ Lifting des Seins<\/span><\/a><\/h4><\/div><div id=\"0aa626e1f40f2a0d9\" class=\"panel-collapse collapse \" aria-labelledby=\"toggle_0aa626e1f40f2a0d9\"><div class=\"panel-body toggle-content fusion-clearfix\">\n<p style=\"color: #ffffff; font-size: 16px; font-family: 'Century Gothic'; line-height: 24px; letter-spacing: 0.3px;\" data-fusion-font=\"true\">Redressement (chute l\u00e9g\u00e8re \u00e0 s\u00e9v\u00e8re), remodelage avec ou sans appui des seins, restauration de contour et correction d&#8217;une \u00e9ventuelle asym\u00e9trie sans augmentation du volume avec utilisation d&#8217;implants en silicone ou r\u00e9duction substantielle du volume des seins<\/p>\n<\/div><\/div><\/div><div class=\"fusion-panel panel-default panel-acf5b95766c007578 fusion-toggle-has-divider\"><div class=\"panel-heading\"><h4 class=\"panel-title toggle\" id=\"toggle_acf5b95766c007578\"><a aria-expanded=\"false\" aria-controls=\"acf5b95766c007578\" role=\"button\" data-toggle=\"collapse\" data-parent=\"#accordion-1837-1\" data-target=\"#acf5b95766c007578\" href=\"#acf5b95766c007578\"><span class=\"fusion-toggle-icon-wrapper\" aria-hidden=\"true\"><i class=\"fa-fusion-box active-icon awb-icon-minus\" aria-hidden=\"true\"><\/i><i class=\"fa-fusion-box inactive-icon awb-icon-plus\" aria-hidden=\"true\"><\/i><\/span><span class=\"fusion-toggle-heading\">Traitement Invasif de la Gyn\u00e9comastie<\/span><\/a><\/h4><\/div><div id=\"acf5b95766c007578\" class=\"panel-collapse collapse \" aria-labelledby=\"toggle_acf5b95766c007578\"><div class=\"panel-body toggle-content fusion-clearfix\"><span style=\"color: #fcfcfc; font-size: 16px; font-family: 'Century Gothic'; line-height: 26px; letter-spacing: 0.3px;\" data-fusion-font=\"true\"><span style=\"line-height: 24px; font-size: 16px;\" data-fusion-font=\"true\">\u00c9limination de l&#8217;exc\u00e8s de graisse (liposuccion) et\/ou de la glande mammaire et\/ou de la peau (mastoplastie) des sein masculins<\/span> <\/span><\/div><\/div><\/div><div class=\"fusion-panel panel-default panel-18143b2b06e9ae866 fusion-toggle-has-divider\"><div class=\"panel-heading\"><h4 class=\"panel-title toggle\" id=\"toggle_18143b2b06e9ae866\"><a aria-expanded=\"false\" aria-controls=\"18143b2b06e9ae866\" role=\"button\" data-toggle=\"collapse\" data-parent=\"#accordion-1837-1\" data-target=\"#18143b2b06e9ae866\" href=\"#18143b2b06e9ae866\"><span class=\"fusion-toggle-icon-wrapper\" aria-hidden=\"true\"><i class=\"fa-fusion-box active-icon awb-icon-minus\" aria-hidden=\"true\"><\/i><i class=\"fa-fusion-box inactive-icon awb-icon-plus\" aria-hidden=\"true\"><\/i><\/span><span class=\"fusion-toggle-heading\">R\u00e9duction\/Augmentation del\u2019Ar\u00e9ole\/Mamelon<\/span><\/a><\/h4><\/div><div id=\"18143b2b06e9ae866\" class=\"panel-collapse collapse \" aria-labelledby=\"toggle_18143b2b06e9ae866\"><div class=\"panel-body toggle-content fusion-clearfix\"><span style=\"color: #ffffff; font-size: 16px; font-family: 'Century Gothic'; line-height: 24px; letter-spacing: 0.3px;\" data-fusion-font=\"true\">Remodelage de la hauteur et du volume du mamelon et\/ou changement de la taille du p\u00e9rim\u00e8tre de l&#8217;ar\u00e9ole<\/span><\/div><\/div><\/div><\/div><\/div><\/div><\/div><\/div><\/div><\/p>\n","protected":false},"excerpt":{"rendered":"","protected":false},"author":1,"featured_media":0,"parent":0,"menu_order":0,"comment_status":"closed","ping_status":"closed","template":"100-width.php","meta":{"footnotes":""},"class_list":["post-1837","page","type-page","status-publish","hentry"],"_links":{"self":[{"href":"https:\/\/delimpaltasplasticsurgery.com\/index.php\/wp-json\/wp\/v2\/pages\/1837","targetHints":{"allow":["GET"]}}],"collection":[{"href":"https:\/\/delimpaltasplasticsurgery.com\/index.php\/wp-json\/wp\/v2\/pages"}],"about":[{"href":"https:\/\/delimpaltasplasticsurgery.com\/index.php\/wp-json\/wp\/v2\/types\/page"}],"author":[{"embeddable":true,"href":"https:\/\/delimpaltasplasticsurgery.com\/index.php\/wp-json\/wp\/v2\/users\/1"}],"replies":[{"embeddable":true,"href":"https:\/\/delimpaltasplasticsurgery.com\/index.php\/wp-json\/wp\/v2\/comments?post=1837"}],"version-history":[{"count":10,"href":"https:\/\/delimpaltasplasticsurgery.com\/index.php\/wp-json\/wp\/v2\/pages\/1837\/revisions"}],"predecessor-version":[{"id":2282,"href":"https:\/\/delimpaltasplasticsurgery.com\/index.php\/wp-json\/wp\/v2\/pages\/1837\/revisions\/2282"}],"wp:attachment":[{"href":"https:\/\/delimpaltasplasticsurgery.com\/index.php\/wp-json\/wp\/v2\/media?parent=1837"}],"curies":[{"name":"wp","href":"https:\/\/api.w.org\/{rel}","templated":true}]}}