{"id":1856,"date":"2021-11-01T15:05:09","date_gmt":"2021-11-01T15:05:09","guid":{"rendered":"https:\/\/delimpaltasplasticsurgery.com\/?page_id=1856"},"modified":"2021-11-01T15:11:43","modified_gmt":"2021-11-01T15:11:43","slug":"tronc-extremites","status":"publish","type":"page","link":"https:\/\/delimpaltasplasticsurgery.com\/index.php\/language\/fr\/tronc-extremites\/","title":{"rendered":"Tronc &#038; Extr\u00e9mit\u00e9s"},"content":{"rendered":"<p><div class=\"fusion-fullwidth fullwidth-box fusion-builder-row-1 fusion-flex-container nonhundred-percent-fullwidth non-hundred-percent-height-scrolling\" style=\"--awb-border-radius-top-left:0px;--awb-border-radius-top-right:0px;--awb-border-radius-bottom-right:0px;--awb-border-radius-bottom-left:0px;--awb-padding-top:10px;--awb-margin-bottom:0px;--awb-flex-wrap:wrap;\" ><div class=\"fusion-builder-row fusion-row fusion-flex-align-items-center fusion-flex-justify-content-center fusion-flex-content-wrap\" style=\"max-width:1289.6px;margin-left: calc(-4% \/ 2 );margin-right: calc(-4% \/ 2 );\"><div class=\"fusion-layout-column fusion_builder_column fusion-builder-column-0 fusion_builder_column_1_1 1_1 fusion-flex-column\" style=\"--awb-bg-size:cover;--awb-width-large:100%;--awb-margin-top-large:0px;--awb-spacing-right-large:1.92%;--awb-margin-bottom-large:20px;--awb-spacing-left-large:1.92%;--awb-width-medium:100%;--awb-order-medium:0;--awb-spacing-right-medium:1.92%;--awb-spacing-left-medium:1.92%;--awb-width-small:100%;--awb-order-small:0;--awb-spacing-right-small:1.92%;--awb-spacing-left-small:1.92%;\"><div class=\"fusion-column-wrapper fusion-column-has-shadow fusion-flex-justify-content-flex-start fusion-content-layout-column\"><div class=\"fusion-title title fusion-title-1 fusion-sep-none fusion-title-text fusion-title-size-one\" style=\"--awb-text-color:#000000;--awb-margin-top:-5px;--awb-margin-bottom:30px;--awb-margin-top-small:10px;--awb-margin-right-small:0px;--awb-margin-bottom-small:10px;--awb-margin-left-small:0px;--awb-link-color:#000000;--awb-font-size:15px;\"><h1 class=\"fusion-title-heading title-heading-left fusion-responsive-typography-calculated\" style=\"font-family:&quot;Century Gothic&quot;;margin:0;font-size:1em;--fontSize:15;--minFontSize:15;line-height:2.07;\"><a href=\"https:\/\/delimpaltasplasticsurgery.com\/index.php\/aesthetic-procedures\/\" class=\"awb-custom-text-color awb-custom-text-hover-color\" target=\"_self\"><a href=\"https:\/\/delimpaltasplasticsurgery.com\/index.php\/fr\/procedures-esthetiques\/#aesthetic\">&lt; Back to proc\u00e9dures ESTH\u00c9TIQUES<\/a><\/a><\/h1><\/div><\/div><\/div><div class=\"fusion-layout-column fusion_builder_column fusion-builder-column-1 fusion_builder_column_1_3 1_3 fusion-flex-column\" style=\"--awb-bg-size:cover;--awb-width-large:33.333333333333%;--awb-margin-top-large:0px;--awb-spacing-right-large:5.76%;--awb-margin-bottom-large:20px;--awb-spacing-left-large:50px;--awb-width-medium:100%;--awb-order-medium:0;--awb-spacing-right-medium:1.92%;--awb-spacing-left-medium:1.92%;--awb-width-small:100%;--awb-order-small:0;--awb-spacing-right-small:1.92%;--awb-spacing-left-small:1.92%;\"><div class=\"fusion-column-wrapper fusion-column-has-shadow fusion-flex-justify-content-flex-start fusion-content-layout-column\"><div class=\"fusion-image-element \" style=\"text-align:center;--awb-caption-title-font-family:var(--h2_typography-font-family);--awb-caption-title-font-weight:var(--h2_typography-font-weight);--awb-caption-title-font-style:var(--h2_typography-font-style);--awb-caption-title-size:var(--h2_typography-font-size);--awb-caption-title-transform:var(--h2_typography-text-transform);--awb-caption-title-line-height:var(--h2_typography-line-height);--awb-caption-title-letter-spacing:var(--h2_typography-letter-spacing);\"><span class=\" fusion-imageframe imageframe-none imageframe-1 hover-type-none\"><img decoding=\"async\" width=\"243\" height=\"300\" title=\"trunk_image\" src=\"https:\/\/delimpaltasplasticsurgery.com\/wp-content\/uploads\/2021\/10\/trunk_image.png\" alt class=\"img-responsive wp-image-1466\" srcset=\"https:\/\/delimpaltasplasticsurgery.com\/wp-content\/uploads\/2021\/10\/trunk_image-200x247.png 200w, https:\/\/delimpaltasplasticsurgery.com\/wp-content\/uploads\/2021\/10\/trunk_image.png 243w\" sizes=\"(max-width: 1024px) 100vw, (max-width: 640px) 100vw, 243px\" \/><\/span><\/div><\/div><\/div><div class=\"fusion-layout-column fusion_builder_column fusion-builder-column-2 fusion_builder_column_2_3 2_3 fusion-flex-column\" style=\"--awb-bg-size:cover;--awb-width-large:66.666666666667%;--awb-margin-top-large:0px;--awb-spacing-right-large:2.88%;--awb-margin-bottom-large:60px;--awb-spacing-left-large:2.88%;--awb-width-medium:100%;--awb-order-medium:0;--awb-spacing-right-medium:1.92%;--awb-spacing-left-medium:1.92%;--awb-width-small:100%;--awb-order-small:0;--awb-spacing-right-small:1.92%;--awb-spacing-left-small:1.92%;\"><div class=\"fusion-column-wrapper fusion-column-has-shadow fusion-flex-justify-content-flex-start fusion-content-layout-column\"><div class=\"fusion-title title fusion-title-2 fusion-sep-none fusion-title-center fusion-title-text fusion-title-size-one\" style=\"--awb-text-color:#848484;--awb-margin-top-small:10px;--awb-margin-right-small:0px;--awb-margin-bottom-small:10px;--awb-margin-left-small:0px;\"><h1 class=\"fusion-title-heading title-heading-center fusion-responsive-typography-calculated\" style=\"margin:0;--fontSize:32;line-height:0.97;\"><span style=\"font-family: 'Century Gothic';\" data-fusion-font=\"true\">Tronc &amp; Extr\u00e9mit\u00e9s &#8211; proc\u00e9dures ESTH\u00c9TIQUES<\/span><\/h1><\/div><\/div><\/div><\/div><\/div><div class=\"fusion-fullwidth fullwidth-box fusion-builder-row-2 fusion-flex-container nonhundred-percent-fullwidth non-hundred-percent-height-scrolling\" style=\"--awb-border-radius-top-left:0px;--awb-border-radius-top-right:0px;--awb-border-radius-bottom-right:0px;--awb-border-radius-bottom-left:0px;--awb-padding-top:80px;--awb-padding-bottom:80px;--awb-margin-top:0px;--awb-background-color:#383838;--awb-flex-wrap:wrap;\" ><div class=\"fusion-builder-row fusion-row fusion-flex-align-items-center fusion-flex-justify-content-center fusion-flex-content-wrap\" style=\"max-width:1289.6px;margin-left: calc(-4% \/ 2 );margin-right: calc(-4% \/ 2 );\"><div class=\"fusion-layout-column fusion_builder_column fusion-builder-column-3 fusion_builder_column_1_1 1_1 fusion-flex-column fusion-flex-align-self-center\" style=\"--awb-padding-right:120px;--awb-padding-left:120px;--awb-padding-right-medium:20px;--awb-padding-left-medium:20px;--awb-padding-right-small:10px;--awb-padding-left-small:10px;--awb-bg-size:cover;--awb-width-large:100%;--awb-margin-top-large:0px;--awb-spacing-right-large:1.92%;--awb-margin-bottom-large:20px;--awb-spacing-left-large:1.92%;--awb-width-medium:100%;--awb-order-medium:0;--awb-spacing-right-medium:1.92%;--awb-spacing-left-medium:1.92%;--awb-width-small:100%;--awb-order-small:0;--awb-spacing-right-small:1.92%;--awb-spacing-left-small:1.92%;\"><div class=\"fusion-column-wrapper fusion-column-has-shadow fusion-flex-justify-content-center fusion-content-layout-column\"><div class=\"accordian fusion-accordian\" style=\"--awb-border-size:1px;--awb-icon-size:16px;--awb-content-font-size:16px;--awb-icon-alignment:right;--awb-hover-color:#f9f9fb;--awb-border-color:#e2e2e2;--awb-background-color:#ffffff;--awb-divider-color:#e0dede;--awb-divider-hover-color:#e0dede;--awb-icon-color:#ffffff;--awb-title-color:#ffffff;--awb-content-color:#050505;--awb-icon-box-color:#333333;--awb-toggle-hover-accent-color:#c6b429;--awb-toggle-active-accent-color:#c6b429;--awb-title-font-family:&quot;Century Gothic&quot;;--awb-title-font-weight:400;--awb-title-font-style:normal;--awb-title-font-size:18px;--awb-content-font-family:&quot;Century Gothic&quot;;--awb-content-font-style:normal;--awb-content-font-weight:400;\"><div class=\"panel-group fusion-toggle-icon-right fusion-toggle-icon-unboxed\" id=\"accordion-1856-1\"><div class=\"fusion-panel panel-default panel-92ae13e55eb81bcec fusion-toggle-has-divider\"><div class=\"panel-heading\"><h4 class=\"panel-title toggle\" id=\"toggle_92ae13e55eb81bcec\"><a aria-expanded=\"false\" aria-controls=\"92ae13e55eb81bcec\" role=\"button\" data-toggle=\"collapse\" data-parent=\"#accordion-1856-1\" data-target=\"#92ae13e55eb81bcec\" href=\"#92ae13e55eb81bcec\"><span class=\"fusion-toggle-icon-wrapper\" aria-hidden=\"true\"><i class=\"fa-fusion-box active-icon awb-icon-minus\" aria-hidden=\"true\"><\/i><i class=\"fa-fusion-box inactive-icon awb-icon-plus\" aria-hidden=\"true\"><\/i><\/span><span class=\"fusion-toggle-heading\">Liposuccion de la Silhouette<\/span><\/a><\/h4><\/div><div id=\"92ae13e55eb81bcec\" class=\"panel-collapse collapse \" aria-labelledby=\"toggle_92ae13e55eb81bcec\"><div class=\"panel-body toggle-content fusion-clearfix\">\n<p style=\"color: rgb(255, 255, 255); letter-spacing: 0.3px; font-size: 16px; line-height: 24px;\" data-fusion-font=\"true\">\u00c9limination de l&#8217;exc\u00e8s de graisse et remodelage sculptural du contour du tronc et des extr\u00e9mit\u00e9s<\/p>\n<\/div><\/div><\/div><div class=\"fusion-panel panel-default panel-3e75fc6f4a86cb55e fusion-toggle-has-divider\"><div class=\"panel-heading\"><h4 class=\"panel-title toggle\" id=\"toggle_3e75fc6f4a86cb55e\"><a aria-expanded=\"false\" aria-controls=\"3e75fc6f4a86cb55e\" role=\"button\" data-toggle=\"collapse\" data-parent=\"#accordion-1856-1\" data-target=\"#3e75fc6f4a86cb55e\" href=\"#3e75fc6f4a86cb55e\"><span class=\"fusion-toggle-icon-wrapper\" aria-hidden=\"true\"><i class=\"fa-fusion-box active-icon awb-icon-minus\" aria-hidden=\"true\"><\/i><i class=\"fa-fusion-box inactive-icon awb-icon-plus\" aria-hidden=\"true\"><\/i><\/span><span class=\"fusion-toggle-heading\">Abdominoplastie<\/span><\/a><\/h4><\/div><div id=\"3e75fc6f4a86cb55e\" class=\"panel-collapse collapse \" aria-labelledby=\"toggle_3e75fc6f4a86cb55e\"><div class=\"panel-body toggle-content fusion-clearfix\">\n<p style=\"color: #ffffff; font-size: 16px; font-family: 'Century Gothic'; line-height: 26px; letter-spacing: 0.3px;\" data-fusion-font=\"true\"><span style=\"color: rgb(255, 255, 255); font-size: 16px; line-height: 24px;\" data-fusion-font=\"true\">\u00c9limination de l&#8217;exc\u00e8s de peau et\/ou de graisse avec restauration esth\u00e9tique et fonctionnelle de la paroi musculaire ant\u00e9rieur et\/ou lat\u00e9ral de l&#8217;abdomen avec ou sans ombilicoplastie avec ou sans liposculpture de l&#8217;abdomen (formation de 6 paquets ou de courbes esth\u00e9tiques en forme de la lyre grecque antique)<\/span><\/p>\n<\/div><\/div><\/div><div class=\"fusion-panel panel-default panel-eab53a31e648705e7 fusion-toggle-has-divider\"><div class=\"panel-heading\"><h4 class=\"panel-title toggle\" id=\"toggle_eab53a31e648705e7\"><a aria-expanded=\"false\" aria-controls=\"eab53a31e648705e7\" role=\"button\" data-toggle=\"collapse\" data-parent=\"#accordion-1856-1\" data-target=\"#eab53a31e648705e7\" href=\"#eab53a31e648705e7\"><span class=\"fusion-toggle-icon-wrapper\" aria-hidden=\"true\"><i class=\"fa-fusion-box active-icon awb-icon-minus\" aria-hidden=\"true\"><\/i><i class=\"fa-fusion-box inactive-icon awb-icon-plus\" aria-hidden=\"true\"><\/i><\/span><span class=\"fusion-toggle-heading\">Liposculpture \/ Lipofilling (Liporemplissage) du corps<\/span><\/a><\/h4><\/div><div id=\"eab53a31e648705e7\" class=\"panel-collapse collapse \" aria-labelledby=\"toggle_eab53a31e648705e7\"><div class=\"panel-body toggle-content fusion-clearfix\"><span style=\"color: rgb(255, 255, 255); font-family: var(--body_typography-font-family); font-size: 16px; font-style: var(--body_typography-font-style,normal); font-weight: var(--body_typography-font-weight); letter-spacing: 0.3px; line-height: 24px;\" data-fusion-font=\"true\">Remodelage, rajeunissement et restauration du contour et du volume du tronc et des extr\u00e9mit\u00e9s par transplantation de graisse autologue dans l&#8217;abdomen, les mollets, les chevilles, les fesses, les bras<\/span><\/div><\/div><\/div><div class=\"fusion-panel panel-default panel-a4b9d516e45030d6c fusion-toggle-has-divider\"><div class=\"panel-heading\"><h4 class=\"panel-title toggle\" id=\"toggle_a4b9d516e45030d6c\"><a aria-expanded=\"false\" aria-controls=\"a4b9d516e45030d6c\" role=\"button\" data-toggle=\"collapse\" data-parent=\"#accordion-1856-1\" data-target=\"#a4b9d516e45030d6c\" href=\"#a4b9d516e45030d6c\"><span class=\"fusion-toggle-icon-wrapper\" aria-hidden=\"true\"><i class=\"fa-fusion-box active-icon awb-icon-minus\" aria-hidden=\"true\"><\/i><i class=\"fa-fusion-box inactive-icon awb-icon-plus\" aria-hidden=\"true\"><\/i><\/span><span class=\"fusion-toggle-heading\">Plastie d&#x27;augmentation fessiere (Lifting des fesses)<\/span><\/a><\/h4><\/div><div id=\"a4b9d516e45030d6c\" class=\"panel-collapse collapse \" aria-labelledby=\"toggle_a4b9d516e45030d6c\"><div class=\"panel-body toggle-content fusion-clearfix\">\n<p style=\"color: #ffffff; font-size: 16px; letter-spacing: 0.3px;\" data-fusion-font=\"true\"><span style=\"color: rgb(255, 255, 255); font-family: var(--body_typography-font-family); font-size: 16px; font-style: var(--body_typography-font-style,normal); font-weight: var(--body_typography-font-weight); letter-spacing: 0.3px; line-height: 24px;\" data-fusion-font=\"true\">Redresserment, augmentation du volume et restauration du contour des fesses en utilisant des implants ou des lambeaux<\/span><\/p>\n<\/div><\/div><\/div><div class=\"fusion-panel panel-default panel-4d5b363d4404a9c4f fusion-toggle-has-divider\"><div class=\"panel-heading\"><h4 class=\"panel-title toggle\" id=\"toggle_4d5b363d4404a9c4f\"><a aria-expanded=\"false\" aria-controls=\"4d5b363d4404a9c4f\" role=\"button\" data-toggle=\"collapse\" data-parent=\"#accordion-1856-1\" data-target=\"#4d5b363d4404a9c4f\" href=\"#4d5b363d4404a9c4f\"><span class=\"fusion-toggle-icon-wrapper\" aria-hidden=\"true\"><i class=\"fa-fusion-box active-icon awb-icon-minus\" aria-hidden=\"true\"><\/i><i class=\"fa-fusion-box inactive-icon awb-icon-plus\" aria-hidden=\"true\"><\/i><\/span><span class=\"fusion-toggle-heading\">Cruroplastie (lifting des cuisses)<\/span><\/a><\/h4><\/div><div id=\"4d5b363d4404a9c4f\" class=\"panel-collapse collapse \" aria-labelledby=\"toggle_4d5b363d4404a9c4f\"><div class=\"panel-body toggle-content fusion-clearfix\">\n<p style=\"color: #ffffff; font-size: 16px; letter-spacing: 0.3px;\" data-fusion-font=\"true\"><span style=\"color: rgb(255, 255, 255); font-family: var(--body_typography-font-family); font-size: 16px; font-style: var(--body_typography-font-style,normal); font-weight: var(--body_typography-font-weight); letter-spacing: 0.3px; line-height: 24px;\" data-fusion-font=\"true\">Redressement et \u00e9limination de l&#8217;exc\u00e8s de peau des cuisses en combinaison avec une liposuccion<\/span><\/p>\n<\/div><\/div><\/div><div class=\"fusion-panel panel-default panel-14602158c04fc0e32 fusion-toggle-has-divider\"><div class=\"panel-heading\"><h4 class=\"panel-title toggle\" id=\"toggle_14602158c04fc0e32\"><a aria-expanded=\"false\" aria-controls=\"14602158c04fc0e32\" role=\"button\" data-toggle=\"collapse\" data-parent=\"#accordion-1856-1\" data-target=\"#14602158c04fc0e32\" href=\"#14602158c04fc0e32\"><span class=\"fusion-toggle-icon-wrapper\" aria-hidden=\"true\"><i class=\"fa-fusion-box active-icon awb-icon-minus\" aria-hidden=\"true\"><\/i><i class=\"fa-fusion-box inactive-icon awb-icon-plus\" aria-hidden=\"true\"><\/i><\/span><span class=\"fusion-toggle-heading\">Brachioplastie (lifting des bras)<\/span><\/a><\/h4><\/div><div id=\"14602158c04fc0e32\" class=\"panel-collapse collapse \" aria-labelledby=\"toggle_14602158c04fc0e32\"><div class=\"panel-body toggle-content fusion-clearfix\">\n<p style=\"color: rgb(252, 252, 252); font-size: 16px; letter-spacing: 0.3px; line-height: 24px;\" data-fusion-font=\"true\">Redressement et \u00e9limination de l&#8217;exc\u00e8s de peau des bras en combinaison avec une liposuccion<\/p>\n<\/div><\/div><\/div><div class=\"fusion-panel panel-default panel-570a5453056600115 fusion-toggle-has-divider\"><div class=\"panel-heading\"><h4 class=\"panel-title toggle\" id=\"toggle_570a5453056600115\"><a aria-expanded=\"false\" aria-controls=\"570a5453056600115\" role=\"button\" data-toggle=\"collapse\" data-parent=\"#accordion-1856-1\" data-target=\"#570a5453056600115\" href=\"#570a5453056600115\"><span class=\"fusion-toggle-icon-wrapper\" aria-hidden=\"true\"><i class=\"fa-fusion-box active-icon awb-icon-minus\" aria-hidden=\"true\"><\/i><i class=\"fa-fusion-box inactive-icon awb-icon-plus\" aria-hidden=\"true\"><\/i><\/span><span class=\"fusion-toggle-heading\">Plastie d\u2019Augmentation des mollets<\/span><\/a><\/h4><\/div><div id=\"570a5453056600115\" class=\"panel-collapse collapse \" aria-labelledby=\"toggle_570a5453056600115\"><div class=\"panel-body toggle-content fusion-clearfix\">\n<p style=\"color: rgb(255, 255, 255); font-size: 16px; line-height: 24px; letter-spacing: 0.3px;\" data-fusion-font=\"true\">Augmentation du volume et restauration du contour des mollets en utilisant des implants en silicone et\/ou injection de graisse (greffe de graisse)<\/p>\n<\/div><\/div><\/div><\/div><\/div><\/div><\/div><\/div><\/div><\/p>\n","protected":false},"excerpt":{"rendered":"","protected":false},"author":1,"featured_media":0,"parent":0,"menu_order":0,"comment_status":"closed","ping_status":"closed","template":"100-width.php","meta":{"footnotes":""},"class_list":["post-1856","page","type-page","status-publish","hentry"],"_links":{"self":[{"href":"https:\/\/delimpaltasplasticsurgery.com\/index.php\/wp-json\/wp\/v2\/pages\/1856","targetHints":{"allow":["GET"]}}],"collection":[{"href":"https:\/\/delimpaltasplasticsurgery.com\/index.php\/wp-json\/wp\/v2\/pages"}],"about":[{"href":"https:\/\/delimpaltasplasticsurgery.com\/index.php\/wp-json\/wp\/v2\/types\/page"}],"author":[{"embeddable":true,"href":"https:\/\/delimpaltasplasticsurgery.com\/index.php\/wp-json\/wp\/v2\/users\/1"}],"replies":[{"embeddable":true,"href":"https:\/\/delimpaltasplasticsurgery.com\/index.php\/wp-json\/wp\/v2\/comments?post=1856"}],"version-history":[{"count":5,"href":"https:\/\/delimpaltasplasticsurgery.com\/index.php\/wp-json\/wp\/v2\/pages\/1856\/revisions"}],"predecessor-version":[{"id":1861,"href":"https:\/\/delimpaltasplasticsurgery.com\/index.php\/wp-json\/wp\/v2\/pages\/1856\/revisions\/1861"}],"wp:attachment":[{"href":"https:\/\/delimpaltasplasticsurgery.com\/index.php\/wp-json\/wp\/v2\/media?parent=1856"}],"curies":[{"name":"wp","href":"https:\/\/api.w.org\/{rel}","templated":true}]}}