{"id":1862,"date":"2021-11-01T15:13:27","date_gmt":"2021-11-01T15:13:27","guid":{"rendered":"https:\/\/delimpaltasplasticsurgery.com\/?page_id=1862"},"modified":"2021-11-01T15:19:36","modified_gmt":"2021-11-01T15:19:36","slug":"peau-tissus-mous","status":"publish","type":"page","link":"https:\/\/delimpaltasplasticsurgery.com\/index.php\/language\/fr\/peau-tissus-mous\/","title":{"rendered":"Peau &#038; Tissus Mous"},"content":{"rendered":"<p><div class=\"fusion-fullwidth fullwidth-box fusion-builder-row-1 fusion-flex-container nonhundred-percent-fullwidth non-hundred-percent-height-scrolling\" style=\"--awb-border-radius-top-left:0px;--awb-border-radius-top-right:0px;--awb-border-radius-bottom-right:0px;--awb-border-radius-bottom-left:0px;--awb-padding-top:10px;--awb-margin-bottom:0px;--awb-flex-wrap:wrap;\" ><div class=\"fusion-builder-row fusion-row fusion-flex-align-items-center fusion-flex-justify-content-center fusion-flex-content-wrap\" style=\"max-width:1289.6px;margin-left: calc(-4% \/ 2 );margin-right: calc(-4% \/ 2 );\"><div class=\"fusion-layout-column fusion_builder_column fusion-builder-column-0 fusion_builder_column_1_1 1_1 fusion-flex-column\" style=\"--awb-bg-size:cover;--awb-width-large:100%;--awb-margin-top-large:0px;--awb-spacing-right-large:1.92%;--awb-margin-bottom-large:20px;--awb-spacing-left-large:1.92%;--awb-width-medium:100%;--awb-order-medium:0;--awb-spacing-right-medium:1.92%;--awb-spacing-left-medium:1.92%;--awb-width-small:100%;--awb-order-small:0;--awb-spacing-right-small:1.92%;--awb-spacing-left-small:1.92%;\"><div class=\"fusion-column-wrapper fusion-column-has-shadow fusion-flex-justify-content-flex-start fusion-content-layout-column\"><div class=\"fusion-title title fusion-title-1 fusion-sep-none fusion-title-text fusion-title-size-one\" style=\"--awb-text-color:#000000;--awb-margin-top:-5px;--awb-margin-bottom:30px;--awb-margin-top-small:10px;--awb-margin-right-small:0px;--awb-margin-bottom-small:10px;--awb-margin-left-small:0px;--awb-link-color:#000000;--awb-font-size:15px;\"><h1 class=\"fusion-title-heading title-heading-left fusion-responsive-typography-calculated\" style=\"font-family:&quot;Century Gothic&quot;;margin:0;font-size:1em;--fontSize:15;--minFontSize:15;line-height:2.07;\"><a href=\"https:\/\/delimpaltasplasticsurgery.com\/index.php\/aesthetic-procedures\/\" class=\"awb-custom-text-color awb-custom-text-hover-color\" target=\"_self\"><a href=\"https:\/\/delimpaltasplasticsurgery.com\/index.php\/fr\/procedures-esthetiques\/#aesthetic\">&lt; Back to proc\u00e9dures ESTH\u00c9TIQUES<\/a><\/a><\/h1><\/div><\/div><\/div><div class=\"fusion-layout-column fusion_builder_column fusion-builder-column-1 fusion_builder_column_1_3 1_3 fusion-flex-column\" style=\"--awb-bg-size:cover;--awb-width-large:33.333333333333%;--awb-margin-top-large:0px;--awb-spacing-right-large:5.76%;--awb-margin-bottom-large:20px;--awb-spacing-left-large:5.76%;--awb-width-medium:100%;--awb-order-medium:0;--awb-spacing-right-medium:1.92%;--awb-spacing-left-medium:1.92%;--awb-width-small:100%;--awb-order-small:0;--awb-spacing-right-small:1.92%;--awb-spacing-left-small:1.92%;\"><div class=\"fusion-column-wrapper fusion-column-has-shadow fusion-flex-justify-content-flex-start fusion-content-layout-column\"><div class=\"fusion-image-element \" style=\"text-align:center;--awb-caption-title-font-family:var(--h2_typography-font-family);--awb-caption-title-font-weight:var(--h2_typography-font-weight);--awb-caption-title-font-style:var(--h2_typography-font-style);--awb-caption-title-size:var(--h2_typography-font-size);--awb-caption-title-transform:var(--h2_typography-text-transform);--awb-caption-title-line-height:var(--h2_typography-line-height);--awb-caption-title-letter-spacing:var(--h2_typography-letter-spacing);\"><span class=\" fusion-imageframe imageframe-none imageframe-1 hover-type-none\"><img decoding=\"async\" width=\"264\" height=\"300\" title=\"skin_tissue\" src=\"https:\/\/delimpaltasplasticsurgery.com\/wp-content\/uploads\/2021\/10\/skin_tissue.png\" alt class=\"img-responsive wp-image-1464\" srcset=\"https:\/\/delimpaltasplasticsurgery.com\/wp-content\/uploads\/2021\/10\/skin_tissue-200x227.png 200w, https:\/\/delimpaltasplasticsurgery.com\/wp-content\/uploads\/2021\/10\/skin_tissue.png 264w\" sizes=\"(max-width: 1024px) 100vw, (max-width: 640px) 100vw, 264px\" \/><\/span><\/div><\/div><\/div><div class=\"fusion-layout-column fusion_builder_column fusion-builder-column-2 fusion_builder_column_2_3 2_3 fusion-flex-column\" style=\"--awb-bg-size:cover;--awb-width-large:66.666666666667%;--awb-margin-top-large:0px;--awb-spacing-right-large:2.88%;--awb-margin-bottom-large:60px;--awb-spacing-left-large:2.88%;--awb-width-medium:100%;--awb-order-medium:0;--awb-spacing-right-medium:1.92%;--awb-spacing-left-medium:1.92%;--awb-width-small:100%;--awb-order-small:0;--awb-spacing-right-small:1.92%;--awb-spacing-left-small:1.92%;\"><div class=\"fusion-column-wrapper fusion-column-has-shadow fusion-flex-justify-content-flex-start fusion-content-layout-column\"><div class=\"fusion-title title fusion-title-2 fusion-sep-none fusion-title-center fusion-title-text fusion-title-size-one\" style=\"--awb-text-color:#848484;--awb-margin-top-small:10px;--awb-margin-right-small:0px;--awb-margin-bottom-small:10px;--awb-margin-left-small:0px;\"><h1 class=\"fusion-title-heading title-heading-center fusion-responsive-typography-calculated\" style=\"margin:0;--fontSize:32;line-height:0.97;\"><span style=\"font-family: 'Century Gothic';\" data-fusion-font=\"true\">Peau &amp; Tissus Mous &#8211; proc\u00e9dures ESTH\u00c9TIQUES<\/span><\/h1><\/div><\/div><\/div><\/div><\/div><div class=\"fusion-fullwidth fullwidth-box fusion-builder-row-2 fusion-flex-container nonhundred-percent-fullwidth non-hundred-percent-height-scrolling\" style=\"--awb-border-radius-top-left:0px;--awb-border-radius-top-right:0px;--awb-border-radius-bottom-right:0px;--awb-border-radius-bottom-left:0px;--awb-padding-top:80px;--awb-padding-bottom:80px;--awb-margin-top:0px;--awb-background-color:#383838;--awb-flex-wrap:wrap;\" ><div class=\"fusion-builder-row fusion-row fusion-flex-align-items-center fusion-flex-justify-content-center fusion-flex-content-wrap\" style=\"max-width:1289.6px;margin-left: calc(-4% \/ 2 );margin-right: calc(-4% \/ 2 );\"><div class=\"fusion-layout-column fusion_builder_column fusion-builder-column-3 fusion_builder_column_1_1 1_1 fusion-flex-column fusion-flex-align-self-center\" style=\"--awb-padding-right:120px;--awb-padding-left:120px;--awb-padding-right-medium:20px;--awb-padding-left-medium:20px;--awb-padding-right-small:10px;--awb-padding-left-small:10px;--awb-bg-size:cover;--awb-width-large:100%;--awb-margin-top-large:0px;--awb-spacing-right-large:1.92%;--awb-margin-bottom-large:20px;--awb-spacing-left-large:1.92%;--awb-width-medium:100%;--awb-order-medium:0;--awb-spacing-right-medium:1.92%;--awb-spacing-left-medium:1.92%;--awb-width-small:100%;--awb-order-small:0;--awb-spacing-right-small:1.92%;--awb-spacing-left-small:1.92%;\"><div class=\"fusion-column-wrapper fusion-column-has-shadow fusion-flex-justify-content-center fusion-content-layout-column\"><div class=\"accordian fusion-accordian\" style=\"--awb-border-size:1px;--awb-icon-size:16px;--awb-content-font-size:16px;--awb-icon-alignment:right;--awb-hover-color:#f9f9fb;--awb-border-color:#e2e2e2;--awb-background-color:#ffffff;--awb-divider-color:#e0dede;--awb-divider-hover-color:#e0dede;--awb-icon-color:#ffffff;--awb-title-color:#ffffff;--awb-content-color:#050505;--awb-icon-box-color:#333333;--awb-toggle-hover-accent-color:#c6b429;--awb-toggle-active-accent-color:#c6b429;--awb-title-font-family:&quot;Century Gothic&quot;;--awb-title-font-weight:400;--awb-title-font-style:normal;--awb-title-font-size:18px;--awb-content-font-family:&quot;Century Gothic&quot;;--awb-content-font-style:normal;--awb-content-font-weight:400;\"><div class=\"panel-group fusion-toggle-icon-right fusion-toggle-icon-unboxed\" id=\"accordion-1862-1\"><div class=\"fusion-panel panel-default panel-0ef7e27b92b575f2d fusion-toggle-has-divider\"><div class=\"panel-heading\"><h4 class=\"panel-title toggle\" id=\"toggle_0ef7e27b92b575f2d\"><a aria-expanded=\"false\" aria-controls=\"0ef7e27b92b575f2d\" role=\"button\" data-toggle=\"collapse\" data-parent=\"#accordion-1862-1\" data-target=\"#0ef7e27b92b575f2d\" href=\"#0ef7e27b92b575f2d\"><span class=\"fusion-toggle-icon-wrapper\" aria-hidden=\"true\"><i class=\"fa-fusion-box active-icon awb-icon-minus\" aria-hidden=\"true\"><\/i><i class=\"fa-fusion-box inactive-icon awb-icon-plus\" aria-hidden=\"true\"><\/i><\/span><span class=\"fusion-toggle-heading\">Infusion de graisse avec liposuccion-micro transfert de graisse (Fat fillers)<\/span><\/a><\/h4><\/div><div id=\"0ef7e27b92b575f2d\" class=\"panel-collapse collapse \" aria-labelledby=\"toggle_0ef7e27b92b575f2d\"><div class=\"panel-body toggle-content fusion-clearfix\">\n<p style=\"color: #ffffff; font-size: 16px; font-family: 'Century Gothic'; line-height: 26px; letter-spacing: 0.3px;\" data-fusion-font=\"true\"><span data-fusion-font=\"true\" style=\"font-size: 16px; line-height: 24px; letter-spacing: 0.3px;\">S\u00e9ances d&#8217;infusion de microcanules, \u00e0 des fins de r\u00e9g\u00e9n\u00e9ration et de rajeunissement en restaurant la texture, l&#8217;apparence et l&#8217;\u00e9paisseur de la peau en cas de vieillissement, les cicatrices (post-traumatiques, postop\u00e9ratoires, post-br\u00fblures, acn\u00e9) ainsi qu&#8217;en restaurant le volume des parties molles sous-jacente de la peau y compris les os en cas de malformations g\u00e9n\u00e9tiques et esth\u00e9tiques ou de perte de volume normal dans des zones telles que le visage \u00e0 la suite d&#8217;un vieillissement normal. Il est utilis\u00e9 seul ou en combinaison avec des chirurgies ou d&#8217;autres fillers<\/span> <\/p>\n<\/div><\/div><\/div><div class=\"fusion-panel panel-default panel-2d6d73963a40ce6c0 fusion-toggle-has-divider\"><div class=\"panel-heading\"><h4 class=\"panel-title toggle\" id=\"toggle_2d6d73963a40ce6c0\"><a aria-expanded=\"false\" aria-controls=\"2d6d73963a40ce6c0\" role=\"button\" data-toggle=\"collapse\" data-parent=\"#accordion-1862-1\" data-target=\"#2d6d73963a40ce6c0\" href=\"#2d6d73963a40ce6c0\"><span class=\"fusion-toggle-icon-wrapper\" aria-hidden=\"true\"><i class=\"fa-fusion-box active-icon awb-icon-minus\" aria-hidden=\"true\"><\/i><i class=\"fa-fusion-box inactive-icon awb-icon-plus\" aria-hidden=\"true\"><\/i><\/span><span class=\"fusion-toggle-heading\">Infusion d&#x27;acide hyaluronique (H.A. fillers)<\/span><\/a><\/h4><\/div><div id=\"2d6d73963a40ce6c0\" class=\"panel-collapse collapse \" aria-labelledby=\"toggle_2d6d73963a40ce6c0\"><div class=\"panel-body toggle-content fusion-clearfix\">\n<p style=\"color: #ffffff; font-size: 16px; font-family: 'Century Gothic'; line-height: 26px; letter-spacing: 0.3px;\" data-fusion-font=\"true\"><span style=\"color: rgb(255, 255, 255); font-family: var(--body_typography-font-family); font-size: 16px; font-style: var(--body_typography-font-style,normal); font-weight: var(--body_typography-font-weight); letter-spacing: 0.3px; line-height: 24px;\" data-fusion-font=\"true\">S\u00e9ances injectables \u00e0 des fins de rajeunissement et de r\u00e9g\u00e9n\u00e9ration mod\u00e9r\u00e9 de la peau, da suppression des rides, d&#8217;am\u00e9lioration des cicatrices (post-traumatique, postop\u00e9ratoire, post-br\u00fblure, acn\u00e9), ainsi que le degr\u00e9 interm\u00e9diaire temporaire de ciselage, de redressement et de mise en forme du contour du visage, mise en forme esth\u00e9tique transitoire des l\u00e8vres (bio-scalpure des l\u00e8vres) et des d\u00e9formations nasales (rhinoplastie non chirurgicale) et rajeunissement total temporaire du cou et du visage (lifting liquide du visage). Il est utilis\u00e9 seul ou en combinaison avec des chirurgies ou d&#8217;autres charges<\/span><\/p>\n<\/div><\/div><\/div><div class=\"fusion-panel panel-default panel-277369298ee609a86 fusion-toggle-has-divider\"><div class=\"panel-heading\"><h4 class=\"panel-title toggle\" id=\"toggle_277369298ee609a86\"><a aria-expanded=\"false\" aria-controls=\"277369298ee609a86\" role=\"button\" data-toggle=\"collapse\" data-parent=\"#accordion-1862-1\" data-target=\"#277369298ee609a86\" href=\"#277369298ee609a86\"><span class=\"fusion-toggle-icon-wrapper\" aria-hidden=\"true\"><i class=\"fa-fusion-box active-icon awb-icon-minus\" aria-hidden=\"true\"><\/i><i class=\"fa-fusion-box inactive-icon awb-icon-plus\" aria-hidden=\"true\"><\/i><\/span><span class=\"fusion-toggle-heading\">Infusion de toxine botulique (Botox\/ Dyspor)<\/span><\/a><\/h4><\/div><div id=\"277369298ee609a86\" class=\"panel-collapse collapse \" aria-labelledby=\"toggle_277369298ee609a86\"><div class=\"panel-body toggle-content fusion-clearfix\">\n<p style=\"color: rgb(255, 255, 255); font-size: 16px; line-height: 24px; letter-spacing: 0.3px;\" data-fusion-font=\"true\">S\u00e9ances injectables \u00e0 des fins dd&#8217;affaiblissement temporaire jusqu&#8217;\u00e0 l&#8217;\u00e9limination des rides petites et moyennes, principalement d&#8217;expression du visage ainsi que l&#8217;affaiblissement temporaire du volume ind\u00e9sirable et de petit \u00e0 moyen degr\u00e9 de remodelage temporaire des unit\u00e9s esth\u00e9tiques et des points du visage. Il est utilis\u00e9 seul ou en combinaison avec des chirurgies ou d&#8217;autres charges<\/p>\n<\/div><\/div><\/div><div class=\"fusion-panel panel-default panel-d9b3d1385a8c04aa6 fusion-toggle-has-divider\"><div class=\"panel-heading\"><h4 class=\"panel-title toggle\" id=\"toggle_d9b3d1385a8c04aa6\"><a aria-expanded=\"false\" aria-controls=\"d9b3d1385a8c04aa6\" role=\"button\" data-toggle=\"collapse\" data-parent=\"#accordion-1862-1\" data-target=\"#d9b3d1385a8c04aa6\" href=\"#d9b3d1385a8c04aa6\"><span class=\"fusion-toggle-icon-wrapper\" aria-hidden=\"true\"><i class=\"fa-fusion-box active-icon awb-icon-minus\" aria-hidden=\"true\"><\/i><i class=\"fa-fusion-box inactive-icon awb-icon-plus\" aria-hidden=\"true\"><\/i><\/span><span class=\"fusion-toggle-heading\">M\u00e9soth\u00e9rapie par perfusion de plasma riche en plaquettes (PRP)<\/span><\/a><\/h4><\/div><div id=\"d9b3d1385a8c04aa6\" class=\"panel-collapse collapse \" aria-labelledby=\"toggle_d9b3d1385a8c04aa6\"><div class=\"panel-body toggle-content fusion-clearfix\">\n<p style=\"color: rgb(255, 255, 255); line-height: 24px; letter-spacing: 0.3px; font-size: 16px;\" data-fusion-font=\"true\">S\u00e9ances injectables \u00e0 des fins de  restauration esth\u00e9tique de la texture et de l&#8217;aspect de la peau en cas de rajeunissement simple, vieillissement l\u00e9ger ou mod\u00e9r\u00e9, am\u00e9lioration des cicatrices (post-traumatique, postop\u00e9ratoire, post-br\u00fblure, acn\u00e9)<\/p>\n<\/div><\/div><\/div><div class=\"fusion-panel panel-default panel-c05bffc8839e0bf27 fusion-toggle-has-divider\"><div class=\"panel-heading\"><h4 class=\"panel-title toggle\" id=\"toggle_c05bffc8839e0bf27\"><a aria-expanded=\"false\" aria-controls=\"c05bffc8839e0bf27\" role=\"button\" data-toggle=\"collapse\" data-parent=\"#accordion-1862-1\" data-target=\"#c05bffc8839e0bf27\" href=\"#c05bffc8839e0bf27\"><span class=\"fusion-toggle-icon-wrapper\" aria-hidden=\"true\"><i class=\"fa-fusion-box active-icon awb-icon-minus\" aria-hidden=\"true\"><\/i><i class=\"fa-fusion-box inactive-icon awb-icon-plus\" aria-hidden=\"true\"><\/i><\/span><span class=\"fusion-toggle-heading\">Dermabrasion chimique et \/ou m\u00e9canique (lasers, peelings)<\/span><\/a><\/h4><\/div><div id=\"c05bffc8839e0bf27\" class=\"panel-collapse collapse \" aria-labelledby=\"toggle_c05bffc8839e0bf27\"><div class=\"panel-body toggle-content fusion-clearfix\">\n<p style=\"color: rgb(255, 255, 255); line-height: 24px; letter-spacing: 0.3px; font-size: 16px;\" data-fusion-font=\"true\">S\u00e9ances de restauration esth\u00e9tique de la texture, de l&#8217;aspect et de la couleur de la peau en cas de rajeunissement simple, de vieillissement l\u00e9ger ou mod\u00e9r\u00e9, d&#8217;am\u00e9lioration des cicatrices (post-traumatique, postop\u00e9ratoire, post-br\u00fblure, acn\u00e9)<\/p>\n<\/div><\/div><\/div><\/div><\/div><\/div><\/div><\/div><\/div><\/p>\n","protected":false},"excerpt":{"rendered":"","protected":false},"author":1,"featured_media":0,"parent":0,"menu_order":0,"comment_status":"closed","ping_status":"closed","template":"100-width.php","meta":{"footnotes":""},"class_list":["post-1862","page","type-page","status-publish","hentry"],"_links":{"self":[{"href":"https:\/\/delimpaltasplasticsurgery.com\/index.php\/wp-json\/wp\/v2\/pages\/1862","targetHints":{"allow":["GET"]}}],"collection":[{"href":"https:\/\/delimpaltasplasticsurgery.com\/index.php\/wp-json\/wp\/v2\/pages"}],"about":[{"href":"https:\/\/delimpaltasplasticsurgery.com\/index.php\/wp-json\/wp\/v2\/types\/page"}],"author":[{"embeddable":true,"href":"https:\/\/delimpaltasplasticsurgery.com\/index.php\/wp-json\/wp\/v2\/users\/1"}],"replies":[{"embeddable":true,"href":"https:\/\/delimpaltasplasticsurgery.com\/index.php\/wp-json\/wp\/v2\/comments?post=1862"}],"version-history":[{"count":3,"href":"https:\/\/delimpaltasplasticsurgery.com\/index.php\/wp-json\/wp\/v2\/pages\/1862\/revisions"}],"predecessor-version":[{"id":1865,"href":"https:\/\/delimpaltasplasticsurgery.com\/index.php\/wp-json\/wp\/v2\/pages\/1862\/revisions\/1865"}],"wp:attachment":[{"href":"https:\/\/delimpaltasplasticsurgery.com\/index.php\/wp-json\/wp\/v2\/media?parent=1862"}],"curies":[{"name":"wp","href":"https:\/\/api.w.org\/{rel}","templated":true}]}}