{"id":1917,"date":"2021-11-02T09:26:31","date_gmt":"2021-11-02T09:26:31","guid":{"rendered":"https:\/\/delimpaltasplasticsurgery.com\/?page_id=1917"},"modified":"2021-12-28T13:43:56","modified_gmt":"2021-12-28T13:43:56","slug":"mastologie","status":"publish","type":"page","link":"https:\/\/delimpaltasplasticsurgery.com\/index.php\/language\/fr\/mastologie\/","title":{"rendered":"Mastologie"},"content":{"rendered":"<p><div class=\"fusion-fullwidth fullwidth-box fusion-builder-row-1 fusion-flex-container nonhundred-percent-fullwidth non-hundred-percent-height-scrolling\" style=\"--awb-border-radius-top-left:0px;--awb-border-radius-top-right:0px;--awb-border-radius-bottom-right:0px;--awb-border-radius-bottom-left:0px;--awb-padding-top:10px;--awb-margin-bottom:0px;--awb-flex-wrap:wrap;\" ><div class=\"fusion-builder-row fusion-row fusion-flex-align-items-center fusion-flex-justify-content-center fusion-flex-content-wrap\" style=\"max-width:1289.6px;margin-left: calc(-4% \/ 2 );margin-right: calc(-4% \/ 2 );\"><div class=\"fusion-layout-column fusion_builder_column fusion-builder-column-0 fusion_builder_column_1_1 1_1 fusion-flex-column\" style=\"--awb-bg-size:cover;--awb-width-large:100%;--awb-margin-top-large:0px;--awb-spacing-right-large:1.92%;--awb-margin-bottom-large:20px;--awb-spacing-left-large:1.92%;--awb-width-medium:100%;--awb-order-medium:0;--awb-spacing-right-medium:1.92%;--awb-spacing-left-medium:1.92%;--awb-width-small:100%;--awb-order-small:0;--awb-spacing-right-small:1.92%;--awb-spacing-left-small:1.92%;\"><div class=\"fusion-column-wrapper fusion-column-has-shadow fusion-flex-justify-content-flex-start fusion-content-layout-column\"><div class=\"fusion-title title fusion-title-1 fusion-sep-none fusion-title-text fusion-title-size-one\" style=\"--awb-text-color:#000000;--awb-margin-top:-5px;--awb-margin-bottom:30px;--awb-margin-top-small:10px;--awb-margin-right-small:0px;--awb-margin-bottom-small:10px;--awb-margin-left-small:0px;--awb-link-color:#000000;--awb-font-size:15px;\"><h1 class=\"fusion-title-heading title-heading-left fusion-responsive-typography-calculated\" style=\"font-family:&quot;Century Gothic&quot;;margin:0;font-size:1em;--fontSize:15;--minFontSize:15;line-height:2.07;\"><a href=\"https:\/\/delimpaltasplasticsurgery.com\/index.php\/aesthetic-procedures\/\" class=\"awb-custom-text-color awb-custom-text-hover-color\" target=\"_self\"><a href=\" https:\/\/delimpaltasplasticsurgery.com\/index.php\/fr\/procedures-reconstructrices\/#reconstructive\">&lt; Back to Proc\u00e9dures Reconstructrices<\/a><\/a><\/h1><\/div><\/div><\/div><div class=\"fusion-layout-column fusion_builder_column fusion-builder-column-1 fusion_builder_column_1_3 1_3 fusion-flex-column\" style=\"--awb-bg-size:cover;--awb-width-large:33.333333333333%;--awb-margin-top-large:0px;--awb-spacing-right-large:5.76%;--awb-margin-bottom-large:20px;--awb-spacing-left-large:5.76%;--awb-width-medium:100%;--awb-order-medium:0;--awb-spacing-right-medium:1.92%;--awb-spacing-left-medium:1.92%;--awb-width-small:100%;--awb-order-small:0;--awb-spacing-right-small:1.92%;--awb-spacing-left-small:1.92%;\"><div class=\"fusion-column-wrapper fusion-column-has-shadow fusion-flex-justify-content-flex-start fusion-content-layout-column\"><div class=\"fusion-image-element \" style=\"text-align:center;--awb-caption-title-font-family:var(--h2_typography-font-family);--awb-caption-title-font-weight:var(--h2_typography-font-weight);--awb-caption-title-font-style:var(--h2_typography-font-style);--awb-caption-title-size:var(--h2_typography-font-size);--awb-caption-title-transform:var(--h2_typography-text-transform);--awb-caption-title-line-height:var(--h2_typography-line-height);--awb-caption-title-letter-spacing:var(--h2_typography-letter-spacing);\"><span class=\" fusion-imageframe imageframe-none imageframe-1 hover-type-none\"><img decoding=\"async\" width=\"295\" height=\"300\" title=\"mastology\" src=\"https:\/\/delimpaltasplasticsurgery.com\/wp-content\/uploads\/2021\/10\/mastology-1.png\" alt class=\"img-responsive wp-image-1469\" srcset=\"https:\/\/delimpaltasplasticsurgery.com\/wp-content\/uploads\/2021\/10\/mastology-1-200x203.png 200w, https:\/\/delimpaltasplasticsurgery.com\/wp-content\/uploads\/2021\/10\/mastology-1.png 295w\" sizes=\"(max-width: 1024px) 100vw, (max-width: 640px) 100vw, 295px\" \/><\/span><\/div><\/div><\/div><div class=\"fusion-layout-column fusion_builder_column fusion-builder-column-2 fusion_builder_column_2_3 2_3 fusion-flex-column\" style=\"--awb-bg-size:cover;--awb-width-large:66.666666666667%;--awb-margin-top-large:0px;--awb-spacing-right-large:2.88%;--awb-margin-bottom-large:60px;--awb-spacing-left-large:2.88%;--awb-width-medium:100%;--awb-order-medium:0;--awb-spacing-right-medium:1.92%;--awb-spacing-left-medium:1.92%;--awb-width-small:100%;--awb-order-small:0;--awb-spacing-right-small:1.92%;--awb-spacing-left-small:1.92%;\"><div class=\"fusion-column-wrapper fusion-column-has-shadow fusion-flex-justify-content-flex-start fusion-content-layout-column\"><div class=\"fusion-title title fusion-title-2 fusion-sep-none fusion-title-center fusion-title-text fusion-title-size-one\" style=\"--awb-text-color:#848484;--awb-margin-top-small:10px;--awb-margin-right-small:0px;--awb-margin-bottom-small:10px;--awb-margin-left-small:0px;\"><h1 class=\"fusion-title-heading title-heading-center fusion-responsive-typography-calculated\" style=\"margin:0;--fontSize:32;line-height:0.97;\"><span style=\"font-family: 'Century Gothic';\" data-fusion-font=\"true\">Mastologie &#8211; Proc\u00e9dures Reconstructrices<\/span><\/h1><\/div><\/div><\/div><\/div><\/div><div class=\"fusion-fullwidth fullwidth-box fusion-builder-row-2 fusion-flex-container nonhundred-percent-fullwidth non-hundred-percent-height-scrolling\" style=\"--awb-border-radius-top-left:0px;--awb-border-radius-top-right:0px;--awb-border-radius-bottom-right:0px;--awb-border-radius-bottom-left:0px;--awb-padding-top:80px;--awb-padding-bottom:80px;--awb-margin-top:0px;--awb-background-color:#383838;--awb-flex-wrap:wrap;\" ><div class=\"fusion-builder-row fusion-row fusion-flex-align-items-center fusion-flex-justify-content-center fusion-flex-content-wrap\" style=\"max-width:1289.6px;margin-left: calc(-4% \/ 2 );margin-right: calc(-4% \/ 2 );\"><div class=\"fusion-layout-column fusion_builder_column fusion-builder-column-3 fusion_builder_column_1_1 1_1 fusion-flex-column fusion-flex-align-self-center\" style=\"--awb-padding-right:120px;--awb-padding-left:120px;--awb-padding-right-medium:20px;--awb-padding-left-medium:20px;--awb-padding-right-small:10px;--awb-padding-left-small:10px;--awb-bg-size:cover;--awb-width-large:100%;--awb-margin-top-large:0px;--awb-spacing-right-large:1.92%;--awb-margin-bottom-large:20px;--awb-spacing-left-large:1.92%;--awb-width-medium:100%;--awb-order-medium:0;--awb-spacing-right-medium:1.92%;--awb-spacing-left-medium:1.92%;--awb-width-small:100%;--awb-order-small:0;--awb-spacing-right-small:1.92%;--awb-spacing-left-small:1.92%;\"><div class=\"fusion-column-wrapper fusion-column-has-shadow fusion-flex-justify-content-center fusion-content-layout-column\"><div class=\"accordian fusion-accordian\" style=\"--awb-border-size:1px;--awb-icon-size:16px;--awb-content-font-size:16px;--awb-icon-alignment:right;--awb-hover-color:#f9f9fb;--awb-border-color:#e2e2e2;--awb-background-color:#ffffff;--awb-divider-color:#e0dede;--awb-divider-hover-color:#e0dede;--awb-icon-color:#ffffff;--awb-title-color:#ffffff;--awb-content-color:#050505;--awb-icon-box-color:#333333;--awb-toggle-hover-accent-color:#919191;--awb-toggle-active-accent-color:#919191;--awb-title-font-family:&quot;Century Gothic&quot;;--awb-title-font-weight:400;--awb-title-font-style:normal;--awb-title-font-size:18px;--awb-content-font-family:&quot;Century Gothic&quot;;--awb-content-font-style:normal;--awb-content-font-weight:400;\"><div class=\"panel-group fusion-toggle-icon-right fusion-toggle-icon-unboxed\" id=\"accordion-1917-1\"><div class=\"fusion-panel panel-default panel-f8c5f58242f237961 fusion-toggle-has-divider\"><div class=\"panel-heading\"><h4 class=\"panel-title toggle\" id=\"toggle_f8c5f58242f237961\"><a aria-expanded=\"false\" aria-controls=\"f8c5f58242f237961\" role=\"button\" data-toggle=\"collapse\" data-parent=\"#accordion-1917-1\" data-target=\"#f8c5f58242f237961\" href=\"#f8c5f58242f237961\"><span class=\"fusion-toggle-icon-wrapper\" aria-hidden=\"true\"><i class=\"fa-fusion-box active-icon awb-icon-minus\" aria-hidden=\"true\"><\/i><i class=\"fa-fusion-box inactive-icon awb-icon-plus\" aria-hidden=\"true\"><\/i><\/span><span class=\"fusion-toggle-heading\">Remplacement du volume mammaire et restauration de la forme apr\u00e8s une mastectomie partielle ou totale (en raison de l\u2019ablation de l\u00e9sions mammaires malignes ou b\u00e9nignes)<\/span><\/a><\/h4><\/div><div id=\"f8c5f58242f237961\" class=\"panel-collapse collapse \" aria-labelledby=\"toggle_f8c5f58242f237961\"><div class=\"panel-body toggle-content fusion-clearfix\">\n<p style=\"color: #ffffff; font-size: 16px; font-family: 'Century Gothic'; line-height: 26px; letter-spacing: 0.3px;\" data-fusion-font=\"true\"><span data-fusion-font=\"true\" style=\"font-size: 16px; line-height: 24px;\">Redistribution ou remplacement chirurgicale du volume mammaire par des techniques de remodelage mammaire (oncoplastie) ou par des techniques de remplacement mammaire (lambeaux, expanteurs, implants, transfert de graisse)<\/span><\/p>\n<\/div><\/div><\/div><div class=\"fusion-panel panel-default panel-68b1d06ae036ee9bd fusion-toggle-has-divider\"><div class=\"panel-heading\"><h4 class=\"panel-title toggle\" id=\"toggle_68b1d06ae036ee9bd\"><a aria-expanded=\"false\" aria-controls=\"68b1d06ae036ee9bd\" role=\"button\" data-toggle=\"collapse\" data-parent=\"#accordion-1917-1\" data-target=\"#68b1d06ae036ee9bd\" href=\"#68b1d06ae036ee9bd\"><span class=\"fusion-toggle-icon-wrapper\" aria-hidden=\"true\"><i class=\"fa-fusion-box active-icon awb-icon-minus\" aria-hidden=\"true\"><\/i><i class=\"fa-fusion-box inactive-icon awb-icon-plus\" aria-hidden=\"true\"><\/i><\/span><span class=\"fusion-toggle-heading\">Asym\u00e9trie mammaire et correction des seins tub\u00e9reux (asym\u00e9trie, hypoplasie et projection intense de la plaque ar\u00e9ole-mamelon)<\/span><\/a><\/h4><\/div><div id=\"68b1d06ae036ee9bd\" class=\"panel-collapse collapse \" aria-labelledby=\"toggle_68b1d06ae036ee9bd\"><div class=\"panel-body toggle-content fusion-clearfix\">\n<p style=\"color: rgb(255, 255, 255); font-size: 16px; letter-spacing: 0.3px; line-height: 24px;\" data-fusion-font=\"true\">Redistribution ou remplacement chirurgicale du volume mammaire avec des techniques de remodelage mammaire (oncoplastie) ou avec des techniques de remplacement mammaire (lambeaux, implants, transfert de graisse)<\/p>\n<\/div><\/div><\/div><div class=\"fusion-panel panel-default panel-5905ebb16e91fc620 fusion-toggle-has-divider\"><div class=\"panel-heading\"><h4 class=\"panel-title toggle\" id=\"toggle_5905ebb16e91fc620\"><a aria-expanded=\"false\" aria-controls=\"5905ebb16e91fc620\" role=\"button\" data-toggle=\"collapse\" data-parent=\"#accordion-1917-1\" data-target=\"#5905ebb16e91fc620\" href=\"#5905ebb16e91fc620\"><span class=\"fusion-toggle-icon-wrapper\" aria-hidden=\"true\"><i class=\"fa-fusion-box active-icon awb-icon-minus\" aria-hidden=\"true\"><\/i><i class=\"fa-fusion-box inactive-icon awb-icon-plus\" aria-hidden=\"true\"><\/i><\/span><span class=\"fusion-toggle-heading\">Ablation des l\u00e9sions cutan\u00e9es des seins et des mamelons (naevus, BCC, neurofibromatose et al.)<\/span><\/a><\/h4><\/div><div id=\"5905ebb16e91fc620\" class=\"panel-collapse collapse \" aria-labelledby=\"toggle_5905ebb16e91fc620\"><div class=\"panel-body toggle-content fusion-clearfix\">\n<p style=\"color: rgb(249, 249, 249); font-size: 16px; line-height: 24px; letter-spacing: 0.3px;\" data-fusion-font=\"true\">Restauration chirurgicale esth\u00e9tique et fonctionnelle (r\u00e9section, lambeaux)<\/p>\n<\/div><\/div><\/div><div class=\"fusion-panel panel-default panel-43db25d7e600cbfe6 fusion-toggle-has-divider\"><div class=\"panel-heading\"><h4 class=\"panel-title toggle\" id=\"toggle_43db25d7e600cbfe6\"><a aria-expanded=\"false\" aria-controls=\"43db25d7e600cbfe6\" role=\"button\" data-toggle=\"collapse\" data-parent=\"#accordion-1917-1\" data-target=\"#43db25d7e600cbfe6\" href=\"#43db25d7e600cbfe6\"><span class=\"fusion-toggle-icon-wrapper\" aria-hidden=\"true\"><i class=\"fa-fusion-box active-icon awb-icon-minus\" aria-hidden=\"true\"><\/i><i class=\"fa-fusion-box inactive-icon awb-icon-plus\" aria-hidden=\"true\"><\/i><\/span><span class=\"fusion-toggle-heading\">Reconstruction du mamelon et de l&#x27;ar\u00e9ole en cas d&#x27;absence cong\u00e9nitale (ath\u00e9lie) ou d&#x27;absence apr\u00e8s reconstruction due \u00e0 une mastectomie <\/span><\/a><\/h4><\/div><div id=\"43db25d7e600cbfe6\" class=\"panel-collapse collapse \" aria-labelledby=\"toggle_43db25d7e600cbfe6\"><div class=\"panel-body toggle-content fusion-clearfix\">\n<p style=\"color: rgb(255, 255, 255); font-size: 16px; line-height: 24px; letter-spacing: 0.3px;\" data-fusion-font=\"true\">Reconstruction chirurgicale du mamelon et de l\u2019ar\u00e9ole (mini lambeaux, implants, tatouages)<\/p>\n<\/div><\/div><\/div><div class=\"fusion-panel panel-default panel-39db1388017058cea fusion-toggle-has-divider\"><div class=\"panel-heading\"><h4 class=\"panel-title toggle\" id=\"toggle_39db1388017058cea\"><a aria-expanded=\"false\" aria-controls=\"39db1388017058cea\" role=\"button\" data-toggle=\"collapse\" data-parent=\"#accordion-1917-1\" data-target=\"#39db1388017058cea\" href=\"#39db1388017058cea\"><span class=\"fusion-toggle-icon-wrapper\" aria-hidden=\"true\"><i class=\"fa-fusion-box active-icon awb-icon-minus\" aria-hidden=\"true\"><\/i><i class=\"fa-fusion-box inactive-icon awb-icon-plus\" aria-hidden=\"true\"><\/i><\/span><span class=\"fusion-toggle-heading\">Inversion et projection normale du mamelon en cas d&#x27;insertion<\/span><\/a><\/h4><\/div><div id=\"39db1388017058cea\" class=\"panel-collapse collapse \" aria-labelledby=\"toggle_39db1388017058cea\"><div class=\"panel-body toggle-content fusion-clearfix\">\n<p style=\"color: rgb(255, 255, 255); font-size: 16px; line-height: 24px; letter-spacing: 0.3px;\" data-fusion-font=\"true\">Restauration chirurgicale esth\u00e9tique et fonctionnelle du mamelon immerg\u00e9 (suture en cordon de bourse, fibrolyse, lambeaux)<\/p>\n<\/div><\/div><\/div><div class=\"fusion-panel panel-default panel-7d061243c7b557719 fusion-toggle-has-divider\"><div class=\"panel-heading\"><h4 class=\"panel-title toggle\" id=\"toggle_7d061243c7b557719\"><a aria-expanded=\"false\" aria-controls=\"7d061243c7b557719\" role=\"button\" data-toggle=\"collapse\" data-parent=\"#accordion-1917-1\" data-target=\"#7d061243c7b557719\" href=\"#7d061243c7b557719\"><span class=\"fusion-toggle-icon-wrapper\" aria-hidden=\"true\"><i class=\"fa-fusion-box active-icon awb-icon-minus\" aria-hidden=\"true\"><\/i><i class=\"fa-fusion-box inactive-icon awb-icon-plus\" aria-hidden=\"true\"><\/i><\/span><span class=\"fusion-toggle-heading\">Ablation du mamelon surnum\u00e9raire (polythelia)<\/span><\/a><\/h4><\/div><div id=\"7d061243c7b557719\" class=\"panel-collapse collapse \" aria-labelledby=\"toggle_7d061243c7b557719\"><div class=\"panel-body toggle-content fusion-clearfix\">\n<p style=\"color: rgb(255, 255, 255); font-size: 16px; line-height: 24px; letter-spacing: 0.3px;\" data-fusion-font=\"true\">Restauration chirurgicale esth\u00e9tique et fonctionnelle (r\u00e9section, lambeaux)<\/p>\n<\/div><\/div><\/div><\/div><\/div><\/div><\/div><\/div><\/div><\/p>\n","protected":false},"excerpt":{"rendered":"","protected":false},"author":1,"featured_media":0,"parent":0,"menu_order":0,"comment_status":"closed","ping_status":"closed","template":"100-width.php","meta":{"footnotes":""},"class_list":["post-1917","page","type-page","status-publish","hentry"],"_links":{"self":[{"href":"https:\/\/delimpaltasplasticsurgery.com\/index.php\/wp-json\/wp\/v2\/pages\/1917","targetHints":{"allow":["GET"]}}],"collection":[{"href":"https:\/\/delimpaltasplasticsurgery.com\/index.php\/wp-json\/wp\/v2\/pages"}],"about":[{"href":"https:\/\/delimpaltasplasticsurgery.com\/index.php\/wp-json\/wp\/v2\/types\/page"}],"author":[{"embeddable":true,"href":"https:\/\/delimpaltasplasticsurgery.com\/index.php\/wp-json\/wp\/v2\/users\/1"}],"replies":[{"embeddable":true,"href":"https:\/\/delimpaltasplasticsurgery.com\/index.php\/wp-json\/wp\/v2\/comments?post=1917"}],"version-history":[{"count":8,"href":"https:\/\/delimpaltasplasticsurgery.com\/index.php\/wp-json\/wp\/v2\/pages\/1917\/revisions"}],"predecessor-version":[{"id":4309,"href":"https:\/\/delimpaltasplasticsurgery.com\/index.php\/wp-json\/wp\/v2\/pages\/1917\/revisions\/4309"}],"wp:attachment":[{"href":"https:\/\/delimpaltasplasticsurgery.com\/index.php\/wp-json\/wp\/v2\/media?parent=1917"}],"curies":[{"name":"wp","href":"https:\/\/api.w.org\/{rel}","templated":true}]}}