{"id":2052,"date":"2021-11-02T13:44:16","date_gmt":"2021-11-02T13:44:16","guid":{"rendered":"https:\/\/delimpaltasplasticsurgery.com\/?page_id=2052"},"modified":"2021-12-10T17:29:36","modified_gmt":"2021-12-10T17:29:36","slug":"congres","status":"publish","type":"page","link":"https:\/\/delimpaltasplasticsurgery.com\/index.php\/language\/fr\/congres\/","title":{"rendered":"CONGR\u00c8S"},"content":{"rendered":"<div class=\"fusion-fullwidth fullwidth-box fusion-builder-row-1 fusion-flex-container nonhundred-percent-fullwidth non-hundred-percent-height-scrolling\" style=\"--awb-border-radius-top-left:0px;--awb-border-radius-top-right:0px;--awb-border-radius-bottom-right:0px;--awb-border-radius-bottom-left:0px;--awb-flex-wrap:wrap;\" ><div class=\"fusion-builder-row fusion-row fusion-flex-align-items-flex-start fusion-flex-content-wrap\" style=\"max-width:1289.6px;margin-left: calc(-4% \/ 2 );margin-right: calc(-4% \/ 2 );\"><div class=\"fusion-layout-column fusion_builder_column fusion-builder-column-0 fusion_builder_column_1_1 1_1 fusion-flex-column\" style=\"--awb-padding-right:70px;--awb-padding-bottom:200px;--awb-padding-left:70px;--awb-bg-image:url(&#039;https:\/\/delimpaltasplasticsurgery.com\/wp-content\/uploads\/2021\/12\/congress_new.png&#039;);--awb-bg-repeat:repeat;--awb-width-large:100%;--awb-margin-top-large:0px;--awb-spacing-right-large:6.432%;--awb-margin-bottom-large:0px;--awb-spacing-left-large:6.432%;--awb-width-medium:100%;--awb-order-medium:0;--awb-spacing-right-medium:1.92%;--awb-spacing-left-medium:1.92%;--awb-width-small:100%;--awb-order-small:0;--awb-spacing-right-small:1.92%;--awb-spacing-left-small:1.92%;\"><div class=\"fusion-column-wrapper fusion-column-has-shadow fusion-flex-justify-content-flex-start fusion-content-layout-column fusion-column-has-bg-image\" data-bg-url=\"https:\/\/delimpaltasplasticsurgery.com\/wp-content\/uploads\/2021\/12\/congress_new.png\"><div class=\"fusion-title title fusion-title-1 fusion-sep-none fusion-title-center fusion-title-text fusion-title-size-one\" style=\"--awb-text-color:#ffffff;--awb-margin-top:50px;--awb-margin-bottom:50px;--awb-margin-top-small:10px;--awb-margin-right-small:0px;--awb-margin-bottom-small:10px;--awb-margin-left-small:0px;\"><h1 class=\"fusion-title-heading title-heading-center fusion-responsive-typography-calculated\" style=\"margin:0;--fontSize:32;line-height:0.97;\">&#8211; <span data-fusion-font=\"true\" style=\"font-size: 35px;\">CONGRES <\/span>&#8211;<\/h1><\/div><div class=\"fusion-blog-shortcode fusion-blog-shortcode-1 fusion-blog-archive fusion-blog-layout-medium fusion-blog-pagination\"><div class=\"fusion-posts-container fusion-posts-container-pagination fusion-no-meta-info fusion-blog-rollover\" data-pages=\"3\"><article id=\"blog-1-post-3486\" class=\"fusion-post-medium post-3486 post type-post status-publish format-standard hentry category-congress_pt\">\n\t<style type=\"text\/css\">\n\t\t\n\t\t\n\t\t\n\t\t\n\t\t\t<\/style>\n\n\n<div class=\"fusion-post-content post-content\"><h2 class=\"blog-shortcode-post-title entry-title\"><a href=\"https:\/\/delimpaltasplasticsurgery.com\/index.php\/language\/pt\/2021\/12\/11\/wsrm-2019-10th-congress-of-world-society-for-reconstructive-microsurgery-4\/\">\u2022 WSRM 2019 10th Congress of World Society for Reconstructive Microsurgery<\/a><\/h2><div class=\"fusion-post-content-container\"><p><strong>Bolonha, It\u00e1lia, 12-15.07.2019<br>\n<\/strong>AESTHETIC REFINMENTS IN HEAD AND NECK COMPLEX DEFECTS FREE FLAP RECONSTRUCTION<\/p>\n<\/div><\/div><div class=\"fusion-clearfix\"><\/div><\/article>\n<article id=\"blog-1-post-3484\" class=\"fusion-post-medium post-3484 post type-post status-publish format-standard hentry category-congress_pt\">\n\t<style type=\"text\/css\">\n\t\t\n\t\t\n\t\t\n\t\t\n\t\t\t<\/style>\n\n\n<div class=\"fusion-post-content post-content\"><h2 class=\"blog-shortcode-post-title entry-title\"><a href=\"https:\/\/delimpaltasplasticsurgery.com\/index.php\/language\/pt\/2021\/12\/11\/25o-congresso-comum-da-sociedade-helenica-de-cirurgia-da-mao-e-extremidade-superior-e-microcirurgia-reconstrutiva\/\">\u2022 25\u00ba Congresso Comum da Sociedade Hel\u00eanica de Cirurgia da M\u00e3o e Extremidade Superior e Microcirurgia Reconstrutiva<\/a><\/h2><div class=\"fusion-post-content-container\"><p><strong>Tessal\u00f4nica, Gr\u00e9cia, 19-21.09.2019<br>\n<\/strong>RECONSTRU\u00c7\u00c3O SECONT\u00c1RIA DE DEFEITOS, P\u00d3S AMPUTA\u00c7\u00c3O DO MEMBRO INFERIOR<\/p>\n<\/div><\/div><div class=\"fusion-clearfix\"><\/div><\/article>\n<article id=\"blog-1-post-3482\" class=\"fusion-post-medium post-3482 post type-post status-publish format-standard hentry category-congress_pt\">\n\t<style type=\"text\/css\">\n\t\t\n\t\t\n\t\t\n\t\t\n\t\t\t<\/style>\n\n\n<div class=\"fusion-post-content post-content\"><h2 class=\"blog-shortcode-post-title entry-title\"><a href=\"https:\/\/delimpaltasplasticsurgery.com\/index.php\/language\/pt\/2021\/12\/11\/espras-2018-13th-quadrennial-congress-of-european-society-of-plastic-reconstructive-and-aesthetic-surgery-4\/\">\u2022 ESPRAS 2018 13th Quadrennial Congress of European Society of Plastic, Reconstructive and Aesthetic Surgery<\/a><\/h2><div class=\"fusion-post-content-container\"><p><strong>Limassol, Chipre, 23-27.10.2018<br>\n<\/strong>PRELAMINATED CONVERSE FLAP FOR TOTAL NOSE RECONSTRUCTION<\/p>\n<\/div><\/div><div class=\"fusion-clearfix\"><\/div><\/article>\n<article id=\"blog-1-post-3480\" class=\"fusion-post-medium post-3480 post type-post status-publish format-standard hentry category-congress_pt\">\n\t<style type=\"text\/css\">\n\t\t\n\t\t\n\t\t\n\t\t\n\t\t\t<\/style>\n\n\n<div class=\"fusion-post-content post-content\"><h2 class=\"blog-shortcode-post-title entry-title\"><a href=\"https:\/\/delimpaltasplasticsurgery.com\/index.php\/language\/pt\/2021\/12\/11\/13o-congresso-pan-helenico-de-cirurgia-plastica-reconstrutiva-e-estetica\/\">\u2022 13o Congresso Pan-Hel\u00eanico de Cirurgia Pl\u00e1stica Reconstrutiva e Est\u00e9tica<\/a><\/h2><div class=\"fusion-post-content-container\"><p><strong>Atenas, Gr\u00e9cia<\/strong><strong>, 16-19.10.2018<br>\n<\/strong>RECONSTRU\u00c7\u00c3O DE DEFEITOS DE ESPESSURA TOTAL NO COURO CABELUDO COM RETALHOS DE ROTA\u00c7\u00c3O E AVAN\u00c7O<\/p>\n<\/div><\/div><div class=\"fusion-clearfix\"><\/div><\/article>\n<article id=\"blog-1-post-3478\" class=\"fusion-post-medium post-3478 post type-post status-publish format-standard hentry category-congress_pt\">\n\t<style type=\"text\/css\">\n\t\t\n\t\t\n\t\t\n\t\t\n\t\t\t<\/style>\n\n\n<div class=\"fusion-post-content post-content\"><h2 class=\"blog-shortcode-post-title entry-title\"><a href=\"https:\/\/delimpaltasplasticsurgery.com\/index.php\/language\/pt\/2021\/12\/11\/23o-congresso-comum-da-sociedade-helenica-de-cirurgia-da-mao-e-extremidade-superior-e-microcirurgia-reconstrutiva\/\">\u2022 23o Congresso Comum da Sociedade Hel\u00eanica de Cirurgia da M\u00e3o e Extremidade Superior e Microcirurgia Reconstrutiva<\/a><\/h2><div class=\"fusion-post-content-container\"><p><strong>Atenas, Gr\u00e9cia<\/strong><strong>, 02-04.11.2017<br>\n<\/strong>RECONSTRU\u00c7\u00c3O DE DEFEITOS COMPOSTOS DA CABE\u00c7A E PESCO\u00c7O COM RETALHOS LIVRES<\/p>\n<\/div><\/div><div class=\"fusion-clearfix\"><\/div><\/article>\n<article id=\"blog-1-post-3476\" class=\"fusion-post-medium post-3476 post type-post status-publish format-standard hentry category-congress_pt\">\n\t<style type=\"text\/css\">\n\t\t\n\t\t\n\t\t\n\t\t\n\t\t\t<\/style>\n\n\n<div class=\"fusion-post-content post-content\"><h2 class=\"blog-shortcode-post-title entry-title\"><a href=\"https:\/\/delimpaltasplasticsurgery.com\/index.php\/language\/pt\/2021\/12\/11\/24o-congresso-medico-da-grecia-norte\/\">\u2022 24o Congresso M\u00e9dico da Gr\u00e9cia Norte<\/a><\/h2><div class=\"fusion-post-content-container\"><p><strong>Tessal\u00f4nica, Gr\u00e9cia, 26-28.03.2009<br>\n<\/strong>MELANOMA PRIM\u00c1RIO DO INTESTINO DELGADO<\/p>\n<\/div><\/div><div class=\"fusion-clearfix\"><\/div><\/article>\n<article id=\"blog-1-post-3474\" class=\"fusion-post-medium post-3474 post type-post status-publish format-standard hentry category-congress_fr\">\n\t<style type=\"text\/css\">\n\t\t\n\t\t\n\t\t\n\t\t\n\t\t\t<\/style>\n\n\n<div class=\"fusion-post-content post-content\"><h2 class=\"blog-shortcode-post-title entry-title\"><a href=\"https:\/\/delimpaltasplasticsurgery.com\/index.php\/language\/fr\/2021\/12\/11\/wsrm-2019-10e-congres-de-la-societe-mondiale-de-microchirurgie-reparatrice\/\">\u2022 WSRM 2019  10e Congr\u00e8s de la Soci\u00e9t\u00e9 Mondiale de Microchirurgie R\u00e9paratrice<\/a><\/h2><div class=\"fusion-post-content-container\"><p><strong>Bologna, Italie, 12-15.07.2019<br>\n<\/strong>RAFFINEMENTS ESTH<em>\u00c9<\/em>TIQUES APRES RECONSTRUCTION DES PDS COMPLEXES DE LA T\u00caTE ET DU CU AVEC LAMBEAUX LIBRES<\/p>\n<\/div><\/div><div class=\"fusion-clearfix\"><\/div><\/article>\n<article id=\"blog-1-post-3472\" class=\"fusion-post-medium post-3472 post type-post status-publish format-standard hentry category-congress_fr\">\n\t<style type=\"text\/css\">\n\t\t\n\t\t\n\t\t\n\t\t\n\t\t\t<\/style>\n\n\n<div class=\"fusion-post-content post-content\"><h2 class=\"blog-shortcode-post-title entry-title\"><a href=\"https:\/\/delimpaltasplasticsurgery.com\/index.php\/language\/fr\/2021\/12\/11\/25e-congres-commun-de-societe-hellenique-de-chirurgie-de-la-main-et-du-member-superior-de-microchirurgie-reconstructrice\/\">\u2022 25\u00e8 Congr\u00e8s Commun de Soci\u00e9t\u00e9 Hellenique de Chirurgie de la Main et du Member Superior &#038; de Microchirurgie Reconstructrice<\/a><\/h2><div class=\"fusion-post-content-container\"><p><strong>Thessalonique<\/strong><strong>, <\/strong><strong>Gr\u00e8ce,<\/strong> <strong>19-21.09.2019<br>\n<\/strong>RECONSTRUCTION SECONTAIRE DE PDS APR\u00c8S UNE AMBUTATION DU MEMBRE INF\u00c9RIEUR<\/p>\n<\/div><\/div><div class=\"fusion-clearfix\"><\/div><\/article>\n<article id=\"blog-1-post-3470\" class=\"fusion-post-medium post-3470 post type-post status-publish format-standard hentry category-congress_fr\">\n\t<style type=\"text\/css\">\n\t\t\n\t\t\n\t\t\n\t\t\n\t\t\t<\/style>\n\n\n<div class=\"fusion-post-content post-content\"><h2 class=\"blog-shortcode-post-title entry-title\"><a href=\"https:\/\/delimpaltasplasticsurgery.com\/index.php\/language\/fr\/2021\/12\/11\/espras-2018-13e-congres-quadriennal-de-la-societe-europeenne-de-chirurgie-plastique-reconstructrice-et-esthetique\/\">\u2022 ESPRAS 2018 13\u00e8 Congr\u00e8s quadriennal de la Soci\u00e9t\u00e9 Europ\u00e9enne de Chirurgie Plastique, Reconstructrice et Esth\u00e9tique<\/a><\/h2><div class=\"fusion-post-content-container\"><p><strong>Limassol, Chypre, 23-27.10.2018<br>\n<\/strong><em>LAMBEAU FRONTAL PR\u00c9-LAMIN\u00c9 DE CONVERSE POUR LA RECONSTRUCTION TOTALE\u00a0 <\/em><em>DU NEZ <\/em><\/p>\n<\/div><\/div><div class=\"fusion-clearfix\"><\/div><\/article>\n<article id=\"blog-1-post-3468\" class=\"fusion-post-medium post-3468 post type-post status-publish format-standard hentry category-congress_fr\">\n\t<style type=\"text\/css\">\n\t\t\n\t\t\n\t\t\n\t\t\n\t\t\t<\/style>\n\n\n<div class=\"fusion-post-content post-content\"><h2 class=\"blog-shortcode-post-title entry-title\"><a href=\"https:\/\/delimpaltasplasticsurgery.com\/index.php\/language\/fr\/2021\/12\/11\/13-e-congres-panhellenique-de-chirurgie-plastique-reconstructrice-et-esthetique\/\">\u2022 13 \u00e8 Congr\u00e8s Panh\u00e9llenique de Chirurgie Plastique Reconstructrice et Esth\u00e9tique<\/a><\/h2><div class=\"fusion-post-content-container\"><p><strong>Atene, <\/strong><strong>Gr\u00e8ce,<\/strong> <strong>16-19.10.2018<br>\n<\/strong>RECONSTRUCTION DES PDS DE PLEIN <em>\u00c9<\/em>PAISSEUR AU NIVEAU DU CUIR CHEVELU<br>\nAVEC LAMBEAUX DE ROTATION ET LAMBEAUX D\u2019AVANCEMENT<\/p>\n<\/div><\/div><div class=\"fusion-clearfix\"><\/div><\/article>\n<\/div><div class=\"pagination clearfix\"><span class=\"current\">1<\/span><a href=\"https:\/\/delimpaltasplasticsurgery.com\/index.php\/wp-json\/wp\/v2\/pages\/2052\/page\/2\/\" class=\"inactive\">2<\/a><a class=\"pagination-next\" rel=\"next\" href=\"https:\/\/delimpaltasplasticsurgery.com\/index.php\/wp-json\/wp\/v2\/pages\/2052\/page\/2\/\"><span class=\"page-text\">Next<\/span><span class=\"page-next\"><\/span><\/a><\/div><div class=\"fusion-clearfix\"><\/div><\/div><\/div><\/div><\/div><\/div>\n","protected":false},"excerpt":{"rendered":"","protected":false},"author":1,"featured_media":0,"parent":0,"menu_order":0,"comment_status":"closed","ping_status":"closed","template":"100-width.php","meta":{"footnotes":""},"class_list":["post-2052","page","type-page","status-publish","hentry"],"_links":{"self":[{"href":"https:\/\/delimpaltasplasticsurgery.com\/index.php\/wp-json\/wp\/v2\/pages\/2052","targetHints":{"allow":["GET"]}}],"collection":[{"href":"https:\/\/delimpaltasplasticsurgery.com\/index.php\/wp-json\/wp\/v2\/pages"}],"about":[{"href":"https:\/\/delimpaltasplasticsurgery.com\/index.php\/wp-json\/wp\/v2\/types\/page"}],"author":[{"embeddable":true,"href":"https:\/\/delimpaltasplasticsurgery.com\/index.php\/wp-json\/wp\/v2\/users\/1"}],"replies":[{"embeddable":true,"href":"https:\/\/delimpaltasplasticsurgery.com\/index.php\/wp-json\/wp\/v2\/comments?post=2052"}],"version-history":[{"count":7,"href":"https:\/\/delimpaltasplasticsurgery.com\/index.php\/wp-json\/wp\/v2\/pages\/2052\/revisions"}],"predecessor-version":[{"id":3425,"href":"https:\/\/delimpaltasplasticsurgery.com\/index.php\/wp-json\/wp\/v2\/pages\/2052\/revisions\/3425"}],"wp:attachment":[{"href":"https:\/\/delimpaltasplasticsurgery.com\/index.php\/wp-json\/wp\/v2\/media?parent=2052"}],"curies":[{"name":"wp","href":"https:\/\/api.w.org\/{rel}","templated":true}]}}