{"id":2093,"date":"2021-11-03T10:10:46","date_gmt":"2021-11-03T10:10:46","guid":{"rendered":"https:\/\/delimpaltasplasticsurgery.com\/?page_id=2093"},"modified":"2022-06-02T17:16:12","modified_gmt":"2022-06-02T17:16:12","slug":"planejamento","status":"publish","type":"page","link":"https:\/\/delimpaltasplasticsurgery.com\/index.php\/language\/pt\/planejamento\/","title":{"rendered":"Planejamento"},"content":{"rendered":"<div class=\"fusion-fullwidth fullwidth-box fusion-builder-row-1 fusion-flex-container nonhundred-percent-fullwidth non-hundred-percent-height-scrolling\" style=\"--awb-border-radius-top-left:0px;--awb-border-radius-top-right:0px;--awb-border-radius-bottom-right:0px;--awb-border-radius-bottom-left:0px;--awb-padding-top:60px;--awb-padding-bottom:100px;--awb-margin-bottom:-70px;--awb-background-color:#f5f5f5;--awb-flex-wrap:wrap;\" ><div class=\"fusion-builder-row fusion-row fusion-flex-align-items-flex-start fusion-flex-content-wrap\" style=\"max-width:1289.6px;margin-left: calc(-4% \/ 2 );margin-right: calc(-4% \/ 2 );\"><div class=\"fusion-layout-column fusion_builder_column fusion-builder-column-0 fusion_builder_column_1_1 1_1 fusion-flex-column\" style=\"--awb-bg-size:cover;--awb-width-large:100%;--awb-margin-top-large:0px;--awb-spacing-right-large:1.92%;--awb-margin-bottom-large:20px;--awb-spacing-left-large:1.92%;--awb-width-medium:100%;--awb-order-medium:0;--awb-spacing-right-medium:1.92%;--awb-spacing-left-medium:1.92%;--awb-width-small:100%;--awb-order-small:0;--awb-spacing-right-small:1.92%;--awb-spacing-left-small:1.92%;\"><div class=\"fusion-column-wrapper fusion-column-has-shadow fusion-flex-justify-content-flex-start fusion-content-layout-column\"><div class=\"fusion-title title fusion-title-1 fusion-sep-none fusion-title-center fusion-title-text fusion-title-size-one\" style=\"--awb-margin-top:30px;--awb-margin-bottom:20px;--awb-margin-top-small:10px;--awb-margin-right-small:0px;--awb-margin-bottom-small:10px;--awb-margin-left-small:0px;--awb-font-size:36px;\"><h1 class=\"fusion-title-heading title-heading-center fusion-responsive-typography-calculated\" style=\"margin:0;font-size:1em;--fontSize:36;line-height:0.86;\">PLANO DE DUPLA AVALIA\u00c7\u00c3O<\/h1><\/div><div class=\"fusion-separator\" style=\"align-self: center;margin-left: auto;margin-right: auto;margin-top:0px;margin-bottom:20px;width:100%;max-width:420px;\"><div class=\"fusion-separator-border sep-single sep-solid\" style=\"--awb-height:20px;--awb-amount:20px;--awb-sep-color:#444444;border-color:#444444;border-top-width:1px;\"><\/div><\/div><div class=\"fusion-text fusion-text-1\"><p style=\"color: #0c0c0c; font-size: 16px; letter-spacing: 0.3px; line-height: 26px;\" data-fusion-font=\"true\"><span style=\"color: rgb(12, 12, 12); font-family: var(--body_typography-font-family); font-size: 16px; font-style: var(--body_typography-font-style,normal); font-weight: var(--body_typography-font-weight); letter-spacing: 0.3px; line-height: 24px;\" data-fusion-font=\"true\">Para o Dr. Delimpaltas, a parte mais importante de uma terapia \u00e9 a cria\u00e7\u00e3o do plano de tratamento inicial que visa fornecer o m\u00e1ximo poss\u00edvel de servi\u00e7os adequados aos dados e necessidades de cada paciente. Por esse motivo, um duplo plano de abordagem qualitativa \u00e9 seguido e apresentado ao paciente em um procedimento de duas consultas.<\/span><\/p>\n<p style=\"color: rgb(12, 12, 12); font-size: 16px; line-height: 24px; letter-spacing: 0.3px;\" data-fusion-font=\"true\"> A <b>1meira consulta<\/b> \u00e9 de conhecimento, registrando uma hist\u00f3ria completa, as necessidades, os desejos e as prioridades do paciente. Um exame cl\u00ednico completo \u00e9 realizado. Uma abordagem inicial tamb\u00e9m \u00e9 feita para as solu\u00e7\u00f5es poss\u00edveis existentes e seus custos. <\/p>\n<p style=\"color: rgb(12, 12, 12); font-size: 16px; line-height: 24px; letter-spacing: 0.3px;\" data-fusion-font=\"true\">Na <b>2\u00aa consulta<\/b> apresenta-se digitalmente a solu\u00e7\u00e3o ideal proposta, os resultados esperados bem como as regras e o tempo de recupera\u00e7\u00e3o. Todas as d\u00favidas s\u00e3o respondidas, o custo final \u00e9 calculado e a data e cl\u00ednica da opera\u00e7\u00e3o s\u00e3o definidas. <\/p>\n<p style=\"color: rgb(12, 12, 12); font-size: 16px; line-height: 24px; letter-spacing: 0.3px;\" data-fusion-font=\"true\">A 1\u00aa e 2\u00aa consulta s\u00e3o oferecidas financieramente como uma consulta que se paga no 1\u00ba contato com o Cirurgi\u00e3o Pl\u00e1stico. Se a partir da primeira consulta o planejamento estiver conclu\u00eddo e a forma de tratamento final estiver decidida, o agendamento da interven\u00e7\u00e3o prossegue imediatamente.<\/p>\n<\/div><\/div><\/div><\/div><\/div>\n","protected":false},"excerpt":{"rendered":"","protected":false},"author":1,"featured_media":0,"parent":0,"menu_order":0,"comment_status":"closed","ping_status":"closed","template":"100-width.php","meta":{"footnotes":""},"class_list":["post-2093","page","type-page","status-publish","hentry"],"_links":{"self":[{"href":"https:\/\/delimpaltasplasticsurgery.com\/index.php\/wp-json\/wp\/v2\/pages\/2093","targetHints":{"allow":["GET"]}}],"collection":[{"href":"https:\/\/delimpaltasplasticsurgery.com\/index.php\/wp-json\/wp\/v2\/pages"}],"about":[{"href":"https:\/\/delimpaltasplasticsurgery.com\/index.php\/wp-json\/wp\/v2\/types\/page"}],"author":[{"embeddable":true,"href":"https:\/\/delimpaltasplasticsurgery.com\/index.php\/wp-json\/wp\/v2\/users\/1"}],"replies":[{"embeddable":true,"href":"https:\/\/delimpaltasplasticsurgery.com\/index.php\/wp-json\/wp\/v2\/comments?post=2093"}],"version-history":[{"count":7,"href":"https:\/\/delimpaltasplasticsurgery.com\/index.php\/wp-json\/wp\/v2\/pages\/2093\/revisions"}],"predecessor-version":[{"id":4872,"href":"https:\/\/delimpaltasplasticsurgery.com\/index.php\/wp-json\/wp\/v2\/pages\/2093\/revisions\/4872"}],"wp:attachment":[{"href":"https:\/\/delimpaltasplasticsurgery.com\/index.php\/wp-json\/wp\/v2\/media?parent=2093"}],"curies":[{"name":"wp","href":"https:\/\/api.w.org\/{rel}","templated":true}]}}