{"id":2097,"date":"2021-11-03T10:15:13","date_gmt":"2021-11-03T10:15:13","guid":{"rendered":"https:\/\/delimpaltasplasticsurgery.com\/?page_id=2097"},"modified":"2021-11-10T08:45:34","modified_gmt":"2021-11-10T08:45:34","slug":"mamas","status":"publish","type":"page","link":"https:\/\/delimpaltasplasticsurgery.com\/index.php\/language\/pt\/mamas\/","title":{"rendered":"Mamas"},"content":{"rendered":"<p><div class=\"fusion-fullwidth fullwidth-box fusion-builder-row-1 fusion-flex-container nonhundred-percent-fullwidth non-hundred-percent-height-scrolling\" style=\"--awb-border-radius-top-left:0px;--awb-border-radius-top-right:0px;--awb-border-radius-bottom-right:0px;--awb-border-radius-bottom-left:0px;--awb-padding-top:10px;--awb-margin-bottom:0px;--awb-flex-wrap:wrap;\" ><div class=\"fusion-builder-row fusion-row fusion-flex-align-items-center fusion-flex-justify-content-center fusion-flex-content-wrap\" style=\"max-width:1289.6px;margin-left: calc(-4% \/ 2 );margin-right: calc(-4% \/ 2 );\"><div class=\"fusion-layout-column fusion_builder_column fusion-builder-column-0 fusion_builder_column_1_1 1_1 fusion-flex-column\" style=\"--awb-bg-size:cover;--awb-width-large:100%;--awb-margin-top-large:0px;--awb-spacing-right-large:1.92%;--awb-margin-bottom-large:20px;--awb-spacing-left-large:1.92%;--awb-width-medium:100%;--awb-order-medium:0;--awb-spacing-right-medium:1.92%;--awb-spacing-left-medium:1.92%;--awb-width-small:100%;--awb-order-small:0;--awb-spacing-right-small:1.92%;--awb-spacing-left-small:1.92%;\"><div class=\"fusion-column-wrapper fusion-column-has-shadow fusion-flex-justify-content-flex-start fusion-content-layout-column\"><div class=\"fusion-title title fusion-title-1 fusion-sep-none fusion-title-text fusion-title-size-one\" style=\"--awb-text-color:#000000;--awb-margin-top:-5px;--awb-margin-bottom:30px;--awb-margin-top-small:10px;--awb-margin-right-small:0px;--awb-margin-bottom-small:10px;--awb-margin-left-small:0px;--awb-link-color:#000000;--awb-font-size:15px;\"><h1 class=\"fusion-title-heading title-heading-left fusion-responsive-typography-calculated\" style=\"font-family:&quot;Century Gothic&quot;;margin:0;font-size:1em;--fontSize:15;--minFontSize:15;line-height:2.07;\"><a href=\"https:\/\/delimpaltasplasticsurgery.com\/index.php\/aesthetic-procedures\/#aesthetic\" class=\"awb-custom-text-color awb-custom-text-hover-color\" target=\"_self\"><a href=\"https:\/\/delimpaltasplasticsurgery.com\/index.php\/pt\/procedimentos-esteticos\/#aesthetic\">&lt; Back to procedimentos EST\u00c9TICOS<\/a><\/a><\/h1><\/div><\/div><\/div><div class=\"fusion-layout-column fusion_builder_column fusion-builder-column-1 fusion_builder_column_1_2 1_2 fusion-flex-column\" style=\"--awb-bg-size:cover;--awb-width-large:50%;--awb-margin-top-large:0px;--awb-spacing-right-large:3.84%;--awb-margin-bottom-large:20px;--awb-spacing-left-large:3.84%;--awb-width-medium:100%;--awb-order-medium:0;--awb-spacing-right-medium:1.92%;--awb-spacing-left-medium:1.92%;--awb-width-small:100%;--awb-order-small:0;--awb-spacing-right-small:1.92%;--awb-spacing-left-small:1.92%;\"><div class=\"fusion-column-wrapper fusion-column-has-shadow fusion-flex-justify-content-flex-start fusion-content-layout-column\"><div class=\"fusion-image-element \" style=\"text-align:center;--awb-max-width:640px;--awb-caption-title-font-family:var(--h2_typography-font-family);--awb-caption-title-font-weight:var(--h2_typography-font-weight);--awb-caption-title-font-style:var(--h2_typography-font-style);--awb-caption-title-size:var(--h2_typography-font-size);--awb-caption-title-transform:var(--h2_typography-text-transform);--awb-caption-title-line-height:var(--h2_typography-line-height);--awb-caption-title-letter-spacing:var(--h2_typography-letter-spacing);\"><span class=\" fusion-imageframe imageframe-none imageframe-1 hover-type-none\"><img decoding=\"async\" width=\"697\" height=\"300\" title=\"breasts_new\" src=\"https:\/\/delimpaltasplasticsurgery.com\/wp-content\/uploads\/2021\/11\/breasts_new.png\" alt class=\"img-responsive wp-image-2279\" srcset=\"https:\/\/delimpaltasplasticsurgery.com\/wp-content\/uploads\/2021\/11\/breasts_new-200x86.png 200w, https:\/\/delimpaltasplasticsurgery.com\/wp-content\/uploads\/2021\/11\/breasts_new-400x172.png 400w, https:\/\/delimpaltasplasticsurgery.com\/wp-content\/uploads\/2021\/11\/breasts_new-600x258.png 600w, https:\/\/delimpaltasplasticsurgery.com\/wp-content\/uploads\/2021\/11\/breasts_new.png 697w\" sizes=\"(max-width: 1024px) 100vw, (max-width: 640px) 100vw, 600px\" \/><\/span><\/div><\/div><\/div><div class=\"fusion-layout-column fusion_builder_column fusion-builder-column-2 fusion_builder_column_1_2 1_2 fusion-flex-column\" style=\"--awb-bg-size:cover;--awb-width-large:50%;--awb-margin-top-large:0px;--awb-spacing-right-large:3.84%;--awb-margin-bottom-large:50px;--awb-spacing-left-large:3.84%;--awb-width-medium:100%;--awb-order-medium:0;--awb-spacing-right-medium:1.92%;--awb-spacing-left-medium:1.92%;--awb-width-small:100%;--awb-order-small:0;--awb-spacing-right-small:1.92%;--awb-spacing-left-small:1.92%;\"><div class=\"fusion-column-wrapper fusion-column-has-shadow fusion-flex-justify-content-flex-start fusion-content-layout-column\"><div class=\"fusion-title title fusion-title-2 fusion-sep-none fusion-title-center fusion-title-text fusion-title-size-one\" style=\"--awb-text-color:#848484;--awb-margin-top-small:10px;--awb-margin-right-small:0px;--awb-margin-bottom-small:10px;--awb-margin-left-small:0px;\"><h1 class=\"fusion-title-heading title-heading-center fusion-responsive-typography-calculated\" style=\"margin:0;--fontSize:32;line-height:0.97;\"><span style=\"font-family: 'Century Gothic';\" data-fusion-font=\"true\">Mamas &#8211; procedimentos EST\u00c9TICOS<\/span><\/h1><\/div><\/div><\/div><\/div><\/div><div class=\"fusion-fullwidth fullwidth-box fusion-builder-row-2 fusion-flex-container nonhundred-percent-fullwidth non-hundred-percent-height-scrolling\" style=\"--awb-border-radius-top-left:0px;--awb-border-radius-top-right:0px;--awb-border-radius-bottom-right:0px;--awb-border-radius-bottom-left:0px;--awb-padding-top:80px;--awb-padding-bottom:80px;--awb-margin-top:0px;--awb-background-color:#383838;--awb-flex-wrap:wrap;\" ><div class=\"fusion-builder-row fusion-row fusion-flex-align-items-center fusion-flex-justify-content-center fusion-flex-content-wrap\" style=\"max-width:1289.6px;margin-left: calc(-4% \/ 2 );margin-right: calc(-4% \/ 2 );\"><div class=\"fusion-layout-column fusion_builder_column fusion-builder-column-3 fusion_builder_column_1_1 1_1 fusion-flex-column fusion-flex-align-self-center\" style=\"--awb-padding-right:120px;--awb-padding-left:120px;--awb-padding-right-medium:20px;--awb-padding-left-medium:20px;--awb-padding-right-small:10px;--awb-padding-left-small:10px;--awb-bg-size:cover;--awb-width-large:100%;--awb-margin-top-large:0px;--awb-spacing-right-large:1.92%;--awb-margin-bottom-large:20px;--awb-spacing-left-large:1.92%;--awb-width-medium:100%;--awb-order-medium:0;--awb-spacing-right-medium:1.92%;--awb-spacing-left-medium:1.92%;--awb-width-small:100%;--awb-order-small:0;--awb-spacing-right-small:1.92%;--awb-spacing-left-small:1.92%;\"><div class=\"fusion-column-wrapper fusion-column-has-shadow fusion-flex-justify-content-center fusion-content-layout-column\"><div class=\"accordian fusion-accordian\" style=\"--awb-border-size:1px;--awb-icon-size:16px;--awb-content-font-size:16px;--awb-icon-alignment:right;--awb-hover-color:#f9f9fb;--awb-border-color:#e2e2e2;--awb-background-color:#ffffff;--awb-divider-color:#e0dede;--awb-divider-hover-color:#e0dede;--awb-icon-color:#ffffff;--awb-title-color:#ffffff;--awb-content-color:#050505;--awb-icon-box-color:#333333;--awb-toggle-hover-accent-color:#c6b429;--awb-toggle-active-accent-color:#c6b429;--awb-title-font-family:&quot;Century Gothic&quot;;--awb-title-font-weight:400;--awb-title-font-style:normal;--awb-title-font-size:18px;--awb-content-font-family:&quot;Century Gothic&quot;;--awb-content-font-style:normal;--awb-content-font-weight:400;\"><div class=\"panel-group fusion-toggle-icon-right fusion-toggle-icon-unboxed\" id=\"accordion-2097-1\"><div class=\"fusion-panel panel-default panel-45a13718501fe7dc9 fusion-toggle-has-divider\"><div class=\"panel-heading\"><h4 class=\"panel-title toggle\" id=\"toggle_45a13718501fe7dc9\"><a aria-expanded=\"false\" aria-controls=\"45a13718501fe7dc9\" role=\"button\" data-toggle=\"collapse\" data-parent=\"#accordion-2097-1\" data-target=\"#45a13718501fe7dc9\" href=\"#45a13718501fe7dc9\"><span class=\"fusion-toggle-icon-wrapper\" aria-hidden=\"true\"><i class=\"fa-fusion-box active-icon awb-icon-minus\" aria-hidden=\"true\"><\/i><i class=\"fa-fusion-box inactive-icon awb-icon-plus\" aria-hidden=\"true\"><\/i><\/span><span class=\"fusion-toggle-heading\">Mamaplastia de Aumento<\/span><\/a><\/h4><\/div><div id=\"45a13718501fe7dc9\" class=\"panel-collapse collapse \" aria-labelledby=\"toggle_45a13718501fe7dc9\"><div class=\"panel-body toggle-content fusion-clearfix\">\n<p style=\"color: rgb(255, 255, 255); font-size: 16px; line-height: 24px; letter-spacing: 0.3px;\" data-fusion-font=\"true\">Aumento do volume, restaura\u00e7\u00e3o do contorno mam\u00e1rio e corre\u00e7\u00e3o de uma assimetria poss\u00edvel ou de uma queda leve das mamas com implantes de silicone e\/ou inje\u00e7\u00e3o de gordura (lipoenxertia)<\/p>\n<\/div><\/div><\/div><div class=\"fusion-panel panel-default panel-97886532b22693162 fusion-toggle-has-divider\"><div class=\"panel-heading\"><h4 class=\"panel-title toggle\" id=\"toggle_97886532b22693162\"><a aria-expanded=\"false\" aria-controls=\"97886532b22693162\" role=\"button\" data-toggle=\"collapse\" data-parent=\"#accordion-2097-1\" data-target=\"#97886532b22693162\" href=\"#97886532b22693162\"><span class=\"fusion-toggle-icon-wrapper\" aria-hidden=\"true\"><i class=\"fa-fusion-box active-icon awb-icon-minus\" aria-hidden=\"true\"><\/i><i class=\"fa-fusion-box inactive-icon awb-icon-plus\" aria-hidden=\"true\"><\/i><\/span><span class=\"fusion-toggle-heading\">Mamaplastia de Aumento com Mastopexia<\/span><\/a><\/h4><\/div><div id=\"97886532b22693162\" class=\"panel-collapse collapse \" aria-labelledby=\"toggle_97886532b22693162\"><div class=\"panel-body toggle-content fusion-clearfix\">\n<p style=\"color: #ffffff; font-size: 16px; font-family: 'Century Gothic'; line-height: 26px; letter-spacing: 0.3px;\" data-fusion-font=\"true\"><span style=\"color: rgb(255, 255, 255); font-family: var(--body_typography-font-family); font-size: 16px; font-style: var(--body_typography-font-style,normal); font-weight: var(--body_typography-font-weight); letter-spacing: 0.3px; line-height: 24px;\" data-fusion-font=\"true\">Aumento do volume, retifica\u00e7\u00e3o (queda leve a moderada) restaura\u00e7\u00e3o do contorno mam\u00e1rio, e corre\u00e7\u00e3o de assimetria mam\u00e1ria poss\u00edvel com implantes de silicone e\/ou inje\u00e7\u00e3o de gordura(lipoenxertia)<\/span><\/p>\n<\/div><\/div><\/div><div class=\"fusion-panel panel-default panel-bd0e554ac6e1a77a2 fusion-toggle-has-divider\"><div class=\"panel-heading\"><h4 class=\"panel-title toggle\" id=\"toggle_bd0e554ac6e1a77a2\"><a aria-expanded=\"false\" aria-controls=\"bd0e554ac6e1a77a2\" role=\"button\" data-toggle=\"collapse\" data-parent=\"#accordion-2097-1\" data-target=\"#bd0e554ac6e1a77a2\" href=\"#bd0e554ac6e1a77a2\"><span class=\"fusion-toggle-icon-wrapper\" aria-hidden=\"true\"><i class=\"fa-fusion-box active-icon awb-icon-minus\" aria-hidden=\"true\"><\/i><i class=\"fa-fusion-box inactive-icon awb-icon-plus\" aria-hidden=\"true\"><\/i><\/span><span class=\"fusion-toggle-heading\">Mamaplastia de Redu\u00e7\u00e3o<\/span><\/a><\/h4><\/div><div id=\"bd0e554ac6e1a77a2\" class=\"panel-collapse collapse \" aria-labelledby=\"toggle_bd0e554ac6e1a77a2\"><div class=\"panel-body toggle-content fusion-clearfix\">\n<p style=\"color: rgb(255, 255, 255); font-size: 16px; line-height: 24px; letter-spacing: 0.3px;\" data-fusion-font=\"true\">Redu\u00e7\u00e3o do volume, restaura\u00e7\u00e3o do contorno mam\u00e1rio e corre\u00e7\u00e3o de uma assimetria poss\u00edvel e\/ou de uma queda leve a moderada das mamas<\/p>\n<\/div><\/div><\/div><div class=\"fusion-panel panel-default panel-15f7f78e0722c85c4 fusion-toggle-has-divider\"><div class=\"panel-heading\"><h4 class=\"panel-title toggle\" id=\"toggle_15f7f78e0722c85c4\"><a aria-expanded=\"false\" aria-controls=\"15f7f78e0722c85c4\" role=\"button\" data-toggle=\"collapse\" data-parent=\"#accordion-2097-1\" data-target=\"#15f7f78e0722c85c4\" href=\"#15f7f78e0722c85c4\"><span class=\"fusion-toggle-icon-wrapper\" aria-hidden=\"true\"><i class=\"fa-fusion-box active-icon awb-icon-minus\" aria-hidden=\"true\"><\/i><i class=\"fa-fusion-box inactive-icon awb-icon-plus\" aria-hidden=\"true\"><\/i><\/span><span class=\"fusion-toggle-heading\">Mamaplastia de Redu\u00e7\u00e3o com Mastopexia<\/span><\/a><\/h4><\/div><div id=\"15f7f78e0722c85c4\" class=\"panel-collapse collapse \" aria-labelledby=\"toggle_15f7f78e0722c85c4\"><div class=\"panel-body toggle-content fusion-clearfix\">\n<p style=\"color: rgb(255, 255, 255); font-size: 16px; line-height: 24px; letter-spacing: 0.3px;\" data-fusion-font=\"true\">Redu\u00e7\u00e3o do volume, retifica\u00e7\u00e3o (queda moderada a severa), restaura\u00e7\u00e3o do contorno mam\u00e1rio e corre\u00e7\u00e3o de uma assimetria poss\u00edvel das mamas<\/p>\n<\/div><\/div><\/div><div class=\"fusion-panel panel-default panel-6d77f0df5a3a4881c fusion-toggle-has-divider\"><div class=\"panel-heading\"><h4 class=\"panel-title toggle\" id=\"toggle_6d77f0df5a3a4881c\"><a aria-expanded=\"false\" aria-controls=\"6d77f0df5a3a4881c\" role=\"button\" data-toggle=\"collapse\" data-parent=\"#accordion-2097-1\" data-target=\"#6d77f0df5a3a4881c\" href=\"#6d77f0df5a3a4881c\"><span class=\"fusion-toggle-icon-wrapper\" aria-hidden=\"true\"><i class=\"fa-fusion-box active-icon awb-icon-minus\" aria-hidden=\"true\"><\/i><i class=\"fa-fusion-box inactive-icon awb-icon-plus\" aria-hidden=\"true\"><\/i><\/span><span class=\"fusion-toggle-heading\">Mastopexia \/ Lifting das Mamas<\/span><\/a><\/h4><\/div><div id=\"6d77f0df5a3a4881c\" class=\"panel-collapse collapse \" aria-labelledby=\"toggle_6d77f0df5a3a4881c\"><div class=\"panel-body toggle-content fusion-clearfix\">\n<p style=\"color: rgb(255, 255, 255); font-size: 16px; line-height: 24px; letter-spacing: 0.3px;\" data-fusion-font=\"true\">Retifica\u00e7\u00e3o(queda leve a severa), remodelagem com ou sem suporte das mamas, restaura\u00e7\u00e3o do contorno mam\u00e1rio e corre\u00e7\u00e3o de uma assimetria poss\u00edvel das mamas sem aumento do volume com uso de implantes de silicone ou redu\u00e7\u00e3o substancial no volume das mamas<\/p>\n<\/div><\/div><\/div><div class=\"fusion-panel panel-default panel-ee93ce1e29c28a80b fusion-toggle-has-divider\"><div class=\"panel-heading\"><h4 class=\"panel-title toggle\" id=\"toggle_ee93ce1e29c28a80b\"><a aria-expanded=\"false\" aria-controls=\"ee93ce1e29c28a80b\" role=\"button\" data-toggle=\"collapse\" data-parent=\"#accordion-2097-1\" data-target=\"#ee93ce1e29c28a80b\" href=\"#ee93ce1e29c28a80b\"><span class=\"fusion-toggle-icon-wrapper\" aria-hidden=\"true\"><i class=\"fa-fusion-box active-icon awb-icon-minus\" aria-hidden=\"true\"><\/i><i class=\"fa-fusion-box inactive-icon awb-icon-plus\" aria-hidden=\"true\"><\/i><\/span><span class=\"fusion-toggle-heading\">Tratamento Invasivo da Gynecomastia<\/span><\/a><\/h4><\/div><div id=\"ee93ce1e29c28a80b\" class=\"panel-collapse collapse \" aria-labelledby=\"toggle_ee93ce1e29c28a80b\"><div class=\"panel-body toggle-content fusion-clearfix\">\n<p style=\"color: rgb(255, 255, 255); font-size: 16px; line-height: 24px; letter-spacing: 0.3px;\" data-fusion-font=\"true\">Remo\u00e7\u00e3o do excesso de gordura (Lipossuc\u00e7\u00e3o) e\/ou de gl\u00e2ndula mam\u00e1ria e\/ou de pele (Mamaplastia) da mama masculina<\/p>\n<\/div><\/div><\/div><div class=\"fusion-panel panel-default panel-d5b4ae0032152fe0f fusion-toggle-has-divider\"><div class=\"panel-heading\"><h4 class=\"panel-title toggle\" id=\"toggle_d5b4ae0032152fe0f\"><a aria-expanded=\"false\" aria-controls=\"d5b4ae0032152fe0f\" role=\"button\" data-toggle=\"collapse\" data-parent=\"#accordion-2097-1\" data-target=\"#d5b4ae0032152fe0f\" href=\"#d5b4ae0032152fe0f\"><span class=\"fusion-toggle-icon-wrapper\" aria-hidden=\"true\"><i class=\"fa-fusion-box active-icon awb-icon-minus\" aria-hidden=\"true\"><\/i><i class=\"fa-fusion-box inactive-icon awb-icon-plus\" aria-hidden=\"true\"><\/i><\/span><span class=\"fusion-toggle-heading\">Redu\u00e7\u00e3o\/Aumento de Ar\u00e9ola\/Mamilo<\/span><\/a><\/h4><\/div><div id=\"d5b4ae0032152fe0f\" class=\"panel-collapse collapse \" aria-labelledby=\"toggle_d5b4ae0032152fe0f\"><div class=\"panel-body toggle-content fusion-clearfix\">\n<p style=\"color: rgb(255, 255, 255); font-size: 16px; line-height: 24px; letter-spacing: 0.3px;\" data-fusion-font=\"true\">Remodela\u00e7\u00e3o da altura e do volume dos mamilos e \/ ou altera\u00e7\u00e3o do tamanho do per\u00edmetro do mamilo<\/p>\n<\/div><\/div><\/div><\/div><\/div><\/div><\/div><\/div><\/div><\/p>\n","protected":false},"excerpt":{"rendered":"","protected":false},"author":1,"featured_media":0,"parent":0,"menu_order":0,"comment_status":"closed","ping_status":"closed","template":"100-width.php","meta":{"footnotes":""},"class_list":["post-2097","page","type-page","status-publish","hentry"],"_links":{"self":[{"href":"https:\/\/delimpaltasplasticsurgery.com\/index.php\/wp-json\/wp\/v2\/pages\/2097","targetHints":{"allow":["GET"]}}],"collection":[{"href":"https:\/\/delimpaltasplasticsurgery.com\/index.php\/wp-json\/wp\/v2\/pages"}],"about":[{"href":"https:\/\/delimpaltasplasticsurgery.com\/index.php\/wp-json\/wp\/v2\/types\/page"}],"author":[{"embeddable":true,"href":"https:\/\/delimpaltasplasticsurgery.com\/index.php\/wp-json\/wp\/v2\/users\/1"}],"replies":[{"embeddable":true,"href":"https:\/\/delimpaltasplasticsurgery.com\/index.php\/wp-json\/wp\/v2\/comments?post=2097"}],"version-history":[{"count":7,"href":"https:\/\/delimpaltasplasticsurgery.com\/index.php\/wp-json\/wp\/v2\/pages\/2097\/revisions"}],"predecessor-version":[{"id":2281,"href":"https:\/\/delimpaltasplasticsurgery.com\/index.php\/wp-json\/wp\/v2\/pages\/2097\/revisions\/2281"}],"wp:attachment":[{"href":"https:\/\/delimpaltasplasticsurgery.com\/index.php\/wp-json\/wp\/v2\/media?parent=2097"}],"curies":[{"name":"wp","href":"https:\/\/api.w.org\/{rel}","templated":true}]}}