{"id":2104,"date":"2021-11-03T10:24:41","date_gmt":"2021-11-03T10:24:41","guid":{"rendered":"https:\/\/delimpaltasplasticsurgery.com\/?page_id=2104"},"modified":"2021-11-03T10:32:33","modified_gmt":"2021-11-03T10:32:33","slug":"rosto-pescoco","status":"publish","type":"page","link":"https:\/\/delimpaltasplasticsurgery.com\/index.php\/language\/pt\/rosto-pescoco\/","title":{"rendered":"Rosto_Pesco\u00e7o"},"content":{"rendered":"<p><div class=\"fusion-fullwidth fullwidth-box fusion-builder-row-1 fusion-flex-container nonhundred-percent-fullwidth non-hundred-percent-height-scrolling\" style=\"--awb-border-radius-top-left:0px;--awb-border-radius-top-right:0px;--awb-border-radius-bottom-right:0px;--awb-border-radius-bottom-left:0px;--awb-padding-top:10px;--awb-margin-bottom:0px;--awb-flex-wrap:wrap;\" ><div class=\"fusion-builder-row fusion-row fusion-flex-align-items-center fusion-flex-justify-content-center fusion-flex-content-wrap\" style=\"max-width:1289.6px;margin-left: calc(-4% \/ 2 );margin-right: calc(-4% \/ 2 );\"><div class=\"fusion-layout-column fusion_builder_column fusion-builder-column-0 fusion_builder_column_1_1 1_1 fusion-flex-column\" style=\"--awb-bg-size:cover;--awb-width-large:100%;--awb-margin-top-large:0px;--awb-spacing-right-large:1.92%;--awb-margin-bottom-large:20px;--awb-spacing-left-large:1.92%;--awb-width-medium:100%;--awb-order-medium:0;--awb-spacing-right-medium:1.92%;--awb-spacing-left-medium:1.92%;--awb-width-small:100%;--awb-order-small:0;--awb-spacing-right-small:1.92%;--awb-spacing-left-small:1.92%;\"><div class=\"fusion-column-wrapper fusion-column-has-shadow fusion-flex-justify-content-flex-start fusion-content-layout-column\"><div class=\"fusion-title title fusion-title-1 fusion-sep-none fusion-title-text fusion-title-size-one\" style=\"--awb-text-color:#000000;--awb-margin-top:-5px;--awb-margin-bottom:30px;--awb-margin-top-small:10px;--awb-margin-right-small:0px;--awb-margin-bottom-small:10px;--awb-margin-left-small:0px;--awb-link-color:#000000;--awb-font-size:15px;\"><h1 class=\"fusion-title-heading title-heading-left fusion-responsive-typography-calculated\" style=\"font-family:&quot;Century Gothic&quot;;margin:0;font-size:1em;--fontSize:15;--minFontSize:15;line-height:2.07;\"><a href=\"https:\/\/delimpaltasplasticsurgery.com\/index.php\/aesthetic-procedures\/\" class=\"awb-custom-text-color awb-custom-text-hover-color\" target=\"_self\"><a href=\"https:\/\/delimpaltasplasticsurgery.com\/index.php\/pt\/procedimentos-esteticos\/#aesthetic\">&lt; Back to procedimentos EST\u00c9TICOS<\/a><\/a><\/h1><\/div><\/div><\/div><div class=\"fusion-layout-column fusion_builder_column fusion-builder-column-1 fusion_builder_column_1_3 1_3 fusion-flex-column\" style=\"--awb-bg-size:cover;--awb-width-large:33.333333333333%;--awb-margin-top-large:0px;--awb-spacing-right-large:5.76%;--awb-margin-bottom-large:20px;--awb-spacing-left-large:5.76%;--awb-width-medium:100%;--awb-order-medium:0;--awb-spacing-right-medium:1.92%;--awb-spacing-left-medium:1.92%;--awb-width-small:100%;--awb-order-small:0;--awb-spacing-right-small:1.92%;--awb-spacing-left-small:1.92%;\"><div class=\"fusion-column-wrapper fusion-column-has-shadow fusion-flex-justify-content-flex-start fusion-content-layout-column\"><div class=\"fusion-image-element \" style=\"text-align:center;--awb-caption-title-font-family:var(--h2_typography-font-family);--awb-caption-title-font-weight:var(--h2_typography-font-weight);--awb-caption-title-font-style:var(--h2_typography-font-style);--awb-caption-title-size:var(--h2_typography-font-size);--awb-caption-title-transform:var(--h2_typography-text-transform);--awb-caption-title-line-height:var(--h2_typography-line-height);--awb-caption-title-letter-spacing:var(--h2_typography-letter-spacing);\"><span class=\" fusion-imageframe imageframe-none imageframe-1 hover-type-none\"><img decoding=\"async\" width=\"447\" height=\"300\" title=\"face_neck\" src=\"https:\/\/delimpaltasplasticsurgery.com\/wp-content\/uploads\/2021\/10\/face_neck.png\" alt class=\"img-responsive wp-image-1452\" srcset=\"https:\/\/delimpaltasplasticsurgery.com\/wp-content\/uploads\/2021\/10\/face_neck-200x134.png 200w, https:\/\/delimpaltasplasticsurgery.com\/wp-content\/uploads\/2021\/10\/face_neck-400x268.png 400w, https:\/\/delimpaltasplasticsurgery.com\/wp-content\/uploads\/2021\/10\/face_neck.png 447w\" sizes=\"(max-width: 1024px) 100vw, (max-width: 640px) 100vw, 400px\" \/><\/span><\/div><\/div><\/div><div class=\"fusion-layout-column fusion_builder_column fusion-builder-column-2 fusion_builder_column_2_3 2_3 fusion-flex-column\" style=\"--awb-bg-size:cover;--awb-width-large:66.666666666667%;--awb-margin-top-large:0px;--awb-spacing-right-large:2.88%;--awb-margin-bottom-large:60px;--awb-spacing-left-large:2.88%;--awb-width-medium:100%;--awb-order-medium:0;--awb-spacing-right-medium:1.92%;--awb-spacing-left-medium:1.92%;--awb-width-small:100%;--awb-order-small:0;--awb-spacing-right-small:1.92%;--awb-spacing-left-small:1.92%;\"><div class=\"fusion-column-wrapper fusion-column-has-shadow fusion-flex-justify-content-flex-start fusion-content-layout-column\"><div class=\"fusion-title title fusion-title-2 fusion-sep-none fusion-title-center fusion-title-text fusion-title-size-one\" style=\"--awb-text-color:#848484;--awb-margin-top-small:10px;--awb-margin-right-small:0px;--awb-margin-bottom-small:10px;--awb-margin-left-small:0px;\"><h1 class=\"fusion-title-heading title-heading-center fusion-responsive-typography-calculated\" style=\"margin:0;--fontSize:32;line-height:0.97;\"><span style=\"font-family: 'Century Gothic';\" data-fusion-font=\"true\">Rosto &amp; Pesco\u00e7o &#8211; procedimentos EST\u00c9TICOS<\/span><\/h1><\/div><\/div><\/div><\/div><\/div><div class=\"fusion-fullwidth fullwidth-box fusion-builder-row-2 fusion-flex-container nonhundred-percent-fullwidth non-hundred-percent-height-scrolling\" style=\"--awb-border-radius-top-left:0px;--awb-border-radius-top-right:0px;--awb-border-radius-bottom-right:0px;--awb-border-radius-bottom-left:0px;--awb-padding-top:80px;--awb-padding-bottom:80px;--awb-margin-top:0px;--awb-background-color:#383838;--awb-flex-wrap:wrap;\" ><div class=\"fusion-builder-row fusion-row fusion-flex-align-items-center fusion-flex-justify-content-center fusion-flex-content-wrap\" style=\"max-width:1289.6px;margin-left: calc(-4% \/ 2 );margin-right: calc(-4% \/ 2 );\"><div class=\"fusion-layout-column fusion_builder_column fusion-builder-column-3 fusion_builder_column_1_1 1_1 fusion-flex-column fusion-flex-align-self-center\" style=\"--awb-padding-right:120px;--awb-padding-left:120px;--awb-padding-right-medium:20px;--awb-padding-left-medium:20px;--awb-padding-right-small:10px;--awb-padding-left-small:10px;--awb-bg-size:cover;--awb-width-large:100%;--awb-margin-top-large:0px;--awb-spacing-right-large:1.92%;--awb-margin-bottom-large:20px;--awb-spacing-left-large:1.92%;--awb-width-medium:100%;--awb-order-medium:0;--awb-spacing-right-medium:1.92%;--awb-spacing-left-medium:1.92%;--awb-width-small:100%;--awb-order-small:0;--awb-spacing-right-small:1.92%;--awb-spacing-left-small:1.92%;\"><div class=\"fusion-column-wrapper fusion-column-has-shadow fusion-flex-justify-content-center fusion-content-layout-column\"><div class=\"accordian fusion-accordian\" style=\"--awb-border-size:1px;--awb-icon-size:16px;--awb-content-font-size:16px;--awb-icon-alignment:right;--awb-hover-color:#f9f9fb;--awb-border-color:#e2e2e2;--awb-background-color:#ffffff;--awb-divider-color:#e0dede;--awb-divider-hover-color:#e0dede;--awb-icon-color:#ffffff;--awb-title-color:#ffffff;--awb-content-color:#050505;--awb-icon-box-color:#333333;--awb-toggle-hover-accent-color:#c6b429;--awb-toggle-active-accent-color:#c6b429;--awb-title-font-family:&quot;Century Gothic&quot;;--awb-title-font-weight:400;--awb-title-font-style:normal;--awb-title-font-size:18px;--awb-content-font-family:&quot;Century Gothic&quot;;--awb-content-font-style:normal;--awb-content-font-weight:400;\"><div class=\"panel-group fusion-toggle-icon-right fusion-toggle-icon-unboxed\" id=\"accordion-2104-1\"><div class=\"fusion-panel panel-default panel-d35620426a4b4f905 fusion-toggle-has-divider\"><div class=\"panel-heading\"><h4 class=\"panel-title toggle\" id=\"toggle_d35620426a4b4f905\"><a aria-expanded=\"false\" aria-controls=\"d35620426a4b4f905\" role=\"button\" data-toggle=\"collapse\" data-parent=\"#accordion-2104-1\" data-target=\"#d35620426a4b4f905\" href=\"#d35620426a4b4f905\"><span class=\"fusion-toggle-icon-wrapper\" aria-hidden=\"true\"><i class=\"fa-fusion-box active-icon awb-icon-minus\" aria-hidden=\"true\"><\/i><i class=\"fa-fusion-box inactive-icon awb-icon-plus\" aria-hidden=\"true\"><\/i><\/span><span class=\"fusion-toggle-heading\">Blefaroplastia (superior X inferior)<\/span><\/a><\/h4><\/div><div id=\"d35620426a4b4f905\" class=\"panel-collapse collapse \" aria-labelledby=\"toggle_d35620426a4b4f905\"><div class=\"panel-body toggle-content fusion-clearfix\">\n<p style=\"color: rgb(255, 255, 255); font-size: 16px; line-height: 24px; letter-spacing: 0.3px;\" data-fusion-font=\"true\">Remo\u00e7\u00e3o do excesso de pele e\/ou gordura em combina\u00e7\u00e3o com retifica\u00e7\u00e3o e restaura\u00e7\u00e3o do contorno(<b>Cantopexia<\/b>) e do volume das p\u00e1lpebras (<b>micro lipoenxertia<\/b>)<\/p>\n<\/div><\/div><\/div><div class=\"fusion-panel panel-default panel-9e97a41e0f75cf3a3 fusion-toggle-has-divider\"><div class=\"panel-heading\"><h4 class=\"panel-title toggle\" id=\"toggle_9e97a41e0f75cf3a3\"><a aria-expanded=\"false\" aria-controls=\"9e97a41e0f75cf3a3\" role=\"button\" data-toggle=\"collapse\" data-parent=\"#accordion-2104-1\" data-target=\"#9e97a41e0f75cf3a3\" href=\"#9e97a41e0f75cf3a3\"><span class=\"fusion-toggle-icon-wrapper\" aria-hidden=\"true\"><i class=\"fa-fusion-box active-icon awb-icon-minus\" aria-hidden=\"true\"><\/i><i class=\"fa-fusion-box inactive-icon awb-icon-plus\" aria-hidden=\"true\"><\/i><\/span><span class=\"fusion-toggle-heading\">Pexia \/ Lifting des Sobrancelhas<\/span><\/a><\/h4><\/div><div id=\"9e97a41e0f75cf3a3\" class=\"panel-collapse collapse \" aria-labelledby=\"toggle_9e97a41e0f75cf3a3\"><div class=\"panel-body toggle-content fusion-clearfix\">\n<p style=\"color: rgb(255, 255, 255); font-size: 16px; line-height: 24px; letter-spacing: 0.3px;\" data-fusion-font=\"true\">Retifica\u00e7\u00e3o e\/ou suporte das sobrancelhas em casos de assimetria ou de queda<\/p>\n<\/div><\/div><\/div><div class=\"fusion-panel panel-default panel-a8a9df51d6034a86d fusion-toggle-has-divider\"><div class=\"panel-heading\"><h4 class=\"panel-title toggle\" id=\"toggle_a8a9df51d6034a86d\"><a aria-expanded=\"false\" aria-controls=\"a8a9df51d6034a86d\" role=\"button\" data-toggle=\"collapse\" data-parent=\"#accordion-2104-1\" data-target=\"#a8a9df51d6034a86d\" href=\"#a8a9df51d6034a86d\"><span class=\"fusion-toggle-icon-wrapper\" aria-hidden=\"true\"><i class=\"fa-fusion-box active-icon awb-icon-minus\" aria-hidden=\"true\"><\/i><i class=\"fa-fusion-box inactive-icon awb-icon-plus\" aria-hidden=\"true\"><\/i><\/span><span class=\"fusion-toggle-heading\">Ritidoplastia (lifting do rosto)<\/span><\/a><\/h4><\/div><div id=\"a8a9df51d6034a86d\" class=\"panel-collapse collapse \" aria-labelledby=\"toggle_a8a9df51d6034a86d\"><div class=\"panel-body toggle-content fusion-clearfix\">\n<p style=\"color: rgb(255, 255, 255); font-size: 16px; line-height: 24px; letter-spacing: 0.3px;\" data-fusion-font=\"true\">Remo\u00e7\u00e3o do excesso de pele e \/ ou gordura (<b>lipossuc\u00e7\u00e3o<\/b>) em combina\u00e7\u00e3o com retifica\u00e7\u00e3o e restaura\u00e7\u00e3o do contorno(<b>Plicatura do SMAS<\/b>) e do volume do rosto (<b>micro lipoenxertia<\/b>)<\/p>\n<\/div><\/div><\/div><div class=\"fusion-panel panel-default panel-09ae11fbfc69ae056 fusion-toggle-has-divider\"><div class=\"panel-heading\"><h4 class=\"panel-title toggle\" id=\"toggle_09ae11fbfc69ae056\"><a aria-expanded=\"false\" aria-controls=\"09ae11fbfc69ae056\" role=\"button\" data-toggle=\"collapse\" data-parent=\"#accordion-2104-1\" data-target=\"#09ae11fbfc69ae056\" href=\"#09ae11fbfc69ae056\"><span class=\"fusion-toggle-icon-wrapper\" aria-hidden=\"true\"><i class=\"fa-fusion-box active-icon awb-icon-minus\" aria-hidden=\"true\"><\/i><i class=\"fa-fusion-box inactive-icon awb-icon-plus\" aria-hidden=\"true\"><\/i><\/span><span class=\"fusion-toggle-heading\">Ritidoplastia Inferior (Lifting do Pesco\u00e7o)<\/span><\/a><\/h4><\/div><div id=\"09ae11fbfc69ae056\" class=\"panel-collapse collapse \" aria-labelledby=\"toggle_09ae11fbfc69ae056\"><div class=\"panel-body toggle-content fusion-clearfix\">\n<p style=\"color: rgb(255, 255, 255); font-size: 16px; line-height: 24px; letter-spacing: 0.3px;\" data-fusion-font=\"true\">Remo\u00e7\u00e3o do excesso de pele e \/ ou gordura (<b>lipossuc\u00e7\u00e3o<\/b>) em combina\u00e7\u00e3o com retifica\u00e7\u00e3o e restaura\u00e7\u00e3o do contorno do pesco\u00e7o (<b>Plicatura do Platysma<\/b>)<\/p>\n<\/div><\/div><\/div><div class=\"fusion-panel panel-default panel-b6acae1dbe00b532b fusion-toggle-has-divider\"><div class=\"panel-heading\"><h4 class=\"panel-title toggle\" id=\"toggle_b6acae1dbe00b532b\"><a aria-expanded=\"false\" aria-controls=\"b6acae1dbe00b532b\" role=\"button\" data-toggle=\"collapse\" data-parent=\"#accordion-2104-1\" data-target=\"#b6acae1dbe00b532b\" href=\"#b6acae1dbe00b532b\"><span class=\"fusion-toggle-icon-wrapper\" aria-hidden=\"true\"><i class=\"fa-fusion-box active-icon awb-icon-minus\" aria-hidden=\"true\"><\/i><i class=\"fa-fusion-box inactive-icon awb-icon-plus\" aria-hidden=\"true\"><\/i><\/span><span class=\"fusion-toggle-heading\">Rinoplastia<\/span><\/a><\/h4><\/div><div id=\"b6acae1dbe00b532b\" class=\"panel-collapse collapse \" aria-labelledby=\"toggle_b6acae1dbe00b532b\"><div class=\"panel-body toggle-content fusion-clearfix\">\n<p style=\"color: rgb(255, 255, 255); font-size: 16px; line-height: 24px; letter-spacing: 0.3px;\" data-fusion-font=\"true\">Restaura\u00e7\u00e3o est\u00e9tica e funcional do nariz ou reparo de um nariz j\u00e1 operado<\/p>\n<\/div><\/div><\/div><div class=\"fusion-panel panel-default panel-25b3e3e6f0a01165f fusion-toggle-has-divider\"><div class=\"panel-heading\"><h4 class=\"panel-title toggle\" id=\"toggle_25b3e3e6f0a01165f\"><a aria-expanded=\"false\" aria-controls=\"25b3e3e6f0a01165f\" role=\"button\" data-toggle=\"collapse\" data-parent=\"#accordion-2104-1\" data-target=\"#25b3e3e6f0a01165f\" href=\"#25b3e3e6f0a01165f\"><span class=\"fusion-toggle-icon-wrapper\" aria-hidden=\"true\"><i class=\"fa-fusion-box active-icon awb-icon-minus\" aria-hidden=\"true\"><\/i><i class=\"fa-fusion-box inactive-icon awb-icon-plus\" aria-hidden=\"true\"><\/i><\/span><span class=\"fusion-toggle-heading\">Otoplastia de orelhas proeminentes<\/span><\/a><\/h4><\/div><div id=\"25b3e3e6f0a01165f\" class=\"panel-collapse collapse \" aria-labelledby=\"toggle_25b3e3e6f0a01165f\"><div class=\"panel-body toggle-content fusion-clearfix\">\n<p style=\"color: rgb(255, 255, 255); font-size: 16px; line-height: 24px; letter-spacing: 0.3px;\" data-fusion-font=\"true\">Restaura\u00e7\u00e3o est\u00e9tica da intensa proje\u00e7\u00e3o anterior das orelhas (<b>orelha de abano<\/b>)<\/p>\n<\/div><\/div><\/div><div class=\"fusion-panel panel-default panel-6152b46552887f093 fusion-toggle-has-divider\"><div class=\"panel-heading\"><h4 class=\"panel-title toggle\" id=\"toggle_6152b46552887f093\"><a aria-expanded=\"false\" aria-controls=\"6152b46552887f093\" role=\"button\" data-toggle=\"collapse\" data-parent=\"#accordion-2104-1\" data-target=\"#6152b46552887f093\" href=\"#6152b46552887f093\"><span class=\"fusion-toggle-icon-wrapper\" aria-hidden=\"true\"><i class=\"fa-fusion-box active-icon awb-icon-minus\" aria-hidden=\"true\"><\/i><i class=\"fa-fusion-box inactive-icon awb-icon-plus\" aria-hidden=\"true\"><\/i><\/span><span class=\"fusion-toggle-heading\">Genioplastia<\/span><\/a><\/h4><\/div><div id=\"6152b46552887f093\" class=\"panel-collapse collapse \" aria-labelledby=\"toggle_6152b46552887f093\"><div class=\"panel-body toggle-content fusion-clearfix\">\n<p style=\"color: rgb(255, 255, 255); font-size: 16px; line-height: 24px; letter-spacing: 0.3px;\" data-fusion-font=\"true\">Harmoniza\u00e7\u00e3o da mand\u00edbula e remodelagem do perfil em casos de macrogenia (queixo protuberante), microgenia (queixo pequeno) ou assimetria com implantes ou fillers<\/p>\n<\/div><\/div><\/div><div class=\"fusion-panel panel-default panel-3e9a935a6e58b0746 fusion-toggle-has-divider\"><div class=\"panel-heading\"><h4 class=\"panel-title toggle\" id=\"toggle_3e9a935a6e58b0746\"><a aria-expanded=\"false\" aria-controls=\"3e9a935a6e58b0746\" role=\"button\" data-toggle=\"collapse\" data-parent=\"#accordion-2104-1\" data-target=\"#3e9a935a6e58b0746\" href=\"#3e9a935a6e58b0746\"><span class=\"fusion-toggle-icon-wrapper\" aria-hidden=\"true\"><i class=\"fa-fusion-box active-icon awb-icon-minus\" aria-hidden=\"true\"><\/i><i class=\"fa-fusion-box inactive-icon awb-icon-plus\" aria-hidden=\"true\"><\/i><\/span><span class=\"fusion-toggle-heading\">Lipoescultura \/ Lipofilling (lipoenchimento) do rosto (ma\u00e7\u00e3s, \u00e1rea suborbital, t\u00eamporas, bochechas, contorno mandibular)<\/span><\/a><\/h4><\/div><div id=\"3e9a935a6e58b0746\" class=\"panel-collapse collapse \" aria-labelledby=\"toggle_3e9a935a6e58b0746\"><div class=\"panel-body toggle-content fusion-clearfix\">\n<p style=\"color: rgb(255, 255, 255); font-size: 16px; line-height: 24px; letter-spacing: 0.3px;\" data-fusion-font=\"true\">Remodela\u00e7\u00e3o, rejuvenescimento e restaura\u00e7\u00e3o do contorno e volume do rosto com <b>lipossuc\u00e7\u00e3o-microlipoenxeria<\/b><\/p>\n<\/div><\/div><\/div><\/div><\/div><\/div><\/div><\/div><\/div><\/p>\n","protected":false},"excerpt":{"rendered":"","protected":false},"author":1,"featured_media":0,"parent":0,"menu_order":0,"comment_status":"closed","ping_status":"closed","template":"100-width.php","meta":{"footnotes":""},"class_list":["post-2104","page","type-page","status-publish","hentry"],"_links":{"self":[{"href":"https:\/\/delimpaltasplasticsurgery.com\/index.php\/wp-json\/wp\/v2\/pages\/2104","targetHints":{"allow":["GET"]}}],"collection":[{"href":"https:\/\/delimpaltasplasticsurgery.com\/index.php\/wp-json\/wp\/v2\/pages"}],"about":[{"href":"https:\/\/delimpaltasplasticsurgery.com\/index.php\/wp-json\/wp\/v2\/types\/page"}],"author":[{"embeddable":true,"href":"https:\/\/delimpaltasplasticsurgery.com\/index.php\/wp-json\/wp\/v2\/users\/1"}],"replies":[{"embeddable":true,"href":"https:\/\/delimpaltasplasticsurgery.com\/index.php\/wp-json\/wp\/v2\/comments?post=2104"}],"version-history":[{"count":7,"href":"https:\/\/delimpaltasplasticsurgery.com\/index.php\/wp-json\/wp\/v2\/pages\/2104\/revisions"}],"predecessor-version":[{"id":2111,"href":"https:\/\/delimpaltasplasticsurgery.com\/index.php\/wp-json\/wp\/v2\/pages\/2104\/revisions\/2111"}],"wp:attachment":[{"href":"https:\/\/delimpaltasplasticsurgery.com\/index.php\/wp-json\/wp\/v2\/media?parent=2104"}],"curies":[{"name":"wp","href":"https:\/\/api.w.org\/{rel}","templated":true}]}}