{"id":2118,"date":"2021-11-03T11:17:21","date_gmt":"2021-11-03T11:17:21","guid":{"rendered":"https:\/\/delimpaltasplasticsurgery.com\/?page_id=2118"},"modified":"2021-11-03T11:23:24","modified_gmt":"2021-11-03T11:23:24","slug":"pele-tecidos-moles","status":"publish","type":"page","link":"https:\/\/delimpaltasplasticsurgery.com\/index.php\/language\/pt\/pele-tecidos-moles\/","title":{"rendered":"Pele &#038; Tecidos Moles"},"content":{"rendered":"<p><div class=\"fusion-fullwidth fullwidth-box fusion-builder-row-1 fusion-flex-container nonhundred-percent-fullwidth non-hundred-percent-height-scrolling\" style=\"--awb-border-radius-top-left:0px;--awb-border-radius-top-right:0px;--awb-border-radius-bottom-right:0px;--awb-border-radius-bottom-left:0px;--awb-padding-top:10px;--awb-margin-bottom:0px;--awb-flex-wrap:wrap;\" ><div class=\"fusion-builder-row fusion-row fusion-flex-align-items-center fusion-flex-justify-content-center fusion-flex-content-wrap\" style=\"max-width:1289.6px;margin-left: calc(-4% \/ 2 );margin-right: calc(-4% \/ 2 );\"><div class=\"fusion-layout-column fusion_builder_column fusion-builder-column-0 fusion_builder_column_1_1 1_1 fusion-flex-column\" style=\"--awb-bg-size:cover;--awb-width-large:100%;--awb-margin-top-large:0px;--awb-spacing-right-large:1.92%;--awb-margin-bottom-large:20px;--awb-spacing-left-large:1.92%;--awb-width-medium:100%;--awb-order-medium:0;--awb-spacing-right-medium:1.92%;--awb-spacing-left-medium:1.92%;--awb-width-small:100%;--awb-order-small:0;--awb-spacing-right-small:1.92%;--awb-spacing-left-small:1.92%;\"><div class=\"fusion-column-wrapper fusion-column-has-shadow fusion-flex-justify-content-flex-start fusion-content-layout-column\"><div class=\"fusion-title title fusion-title-1 fusion-sep-none fusion-title-text fusion-title-size-one\" style=\"--awb-text-color:#000000;--awb-margin-top:-5px;--awb-margin-bottom:30px;--awb-margin-top-small:10px;--awb-margin-right-small:0px;--awb-margin-bottom-small:10px;--awb-margin-left-small:0px;--awb-link-color:#000000;--awb-font-size:15px;\"><h1 class=\"fusion-title-heading title-heading-left fusion-responsive-typography-calculated\" style=\"font-family:&quot;Century Gothic&quot;;margin:0;font-size:1em;--fontSize:15;--minFontSize:15;line-height:2.07;\"><a href=\"https:\/\/delimpaltasplasticsurgery.com\/index.php\/aesthetic-procedures\/\" class=\"awb-custom-text-color awb-custom-text-hover-color\" target=\"_self\"><a href=\"https:\/\/delimpaltasplasticsurgery.com\/index.php\/pt\/procedimentos-esteticos\/#aesthetic\">&lt; Back to procedimentos EST\u00c9TICOS<\/a><\/a><\/h1><\/div><\/div><\/div><div class=\"fusion-layout-column fusion_builder_column fusion-builder-column-1 fusion_builder_column_1_3 1_3 fusion-flex-column\" style=\"--awb-bg-size:cover;--awb-width-large:33.333333333333%;--awb-margin-top-large:0px;--awb-spacing-right-large:5.76%;--awb-margin-bottom-large:20px;--awb-spacing-left-large:5.76%;--awb-width-medium:100%;--awb-order-medium:0;--awb-spacing-right-medium:1.92%;--awb-spacing-left-medium:1.92%;--awb-width-small:100%;--awb-order-small:0;--awb-spacing-right-small:1.92%;--awb-spacing-left-small:1.92%;\"><div class=\"fusion-column-wrapper fusion-column-has-shadow fusion-flex-justify-content-flex-start fusion-content-layout-column\"><div class=\"fusion-image-element \" style=\"text-align:center;--awb-caption-title-font-family:var(--h2_typography-font-family);--awb-caption-title-font-weight:var(--h2_typography-font-weight);--awb-caption-title-font-style:var(--h2_typography-font-style);--awb-caption-title-size:var(--h2_typography-font-size);--awb-caption-title-transform:var(--h2_typography-text-transform);--awb-caption-title-line-height:var(--h2_typography-line-height);--awb-caption-title-letter-spacing:var(--h2_typography-letter-spacing);\"><span class=\" fusion-imageframe imageframe-none imageframe-1 hover-type-none\"><img decoding=\"async\" width=\"264\" height=\"300\" title=\"skin_tissue\" src=\"https:\/\/delimpaltasplasticsurgery.com\/wp-content\/uploads\/2021\/10\/skin_tissue.png\" alt class=\"img-responsive wp-image-1464\" srcset=\"https:\/\/delimpaltasplasticsurgery.com\/wp-content\/uploads\/2021\/10\/skin_tissue-200x227.png 200w, https:\/\/delimpaltasplasticsurgery.com\/wp-content\/uploads\/2021\/10\/skin_tissue.png 264w\" sizes=\"(max-width: 1024px) 100vw, (max-width: 640px) 100vw, 264px\" \/><\/span><\/div><\/div><\/div><div class=\"fusion-layout-column fusion_builder_column fusion-builder-column-2 fusion_builder_column_2_3 2_3 fusion-flex-column\" style=\"--awb-bg-size:cover;--awb-width-large:66.666666666667%;--awb-margin-top-large:0px;--awb-spacing-right-large:2.88%;--awb-margin-bottom-large:60px;--awb-spacing-left-large:2.88%;--awb-width-medium:100%;--awb-order-medium:0;--awb-spacing-right-medium:1.92%;--awb-spacing-left-medium:1.92%;--awb-width-small:100%;--awb-order-small:0;--awb-spacing-right-small:1.92%;--awb-spacing-left-small:1.92%;\"><div class=\"fusion-column-wrapper fusion-column-has-shadow fusion-flex-justify-content-flex-start fusion-content-layout-column\"><div class=\"fusion-title title fusion-title-2 fusion-sep-none fusion-title-center fusion-title-text fusion-title-size-one\" style=\"--awb-text-color:#848484;--awb-margin-top-small:10px;--awb-margin-right-small:0px;--awb-margin-bottom-small:10px;--awb-margin-left-small:0px;\"><h1 class=\"fusion-title-heading title-heading-center fusion-responsive-typography-calculated\" style=\"margin:0;--fontSize:32;line-height:0.97;\"><span style=\"font-family: 'Century Gothic';\" data-fusion-font=\"true\">Pele &amp; Tecidos Moles &#8211; procedimentos EST\u00c9TICOS<\/span><\/h1><\/div><\/div><\/div><\/div><\/div><div class=\"fusion-fullwidth fullwidth-box fusion-builder-row-2 fusion-flex-container nonhundred-percent-fullwidth non-hundred-percent-height-scrolling\" style=\"--awb-border-radius-top-left:0px;--awb-border-radius-top-right:0px;--awb-border-radius-bottom-right:0px;--awb-border-radius-bottom-left:0px;--awb-padding-top:80px;--awb-padding-bottom:80px;--awb-margin-top:0px;--awb-background-color:#383838;--awb-flex-wrap:wrap;\" ><div class=\"fusion-builder-row fusion-row fusion-flex-align-items-center fusion-flex-justify-content-center fusion-flex-content-wrap\" style=\"max-width:1289.6px;margin-left: calc(-4% \/ 2 );margin-right: calc(-4% \/ 2 );\"><div class=\"fusion-layout-column fusion_builder_column fusion-builder-column-3 fusion_builder_column_1_1 1_1 fusion-flex-column fusion-flex-align-self-center\" style=\"--awb-padding-right:120px;--awb-padding-left:120px;--awb-padding-right-medium:20px;--awb-padding-left-medium:20px;--awb-padding-right-small:10px;--awb-padding-left-small:10px;--awb-bg-size:cover;--awb-width-large:100%;--awb-margin-top-large:0px;--awb-spacing-right-large:1.92%;--awb-margin-bottom-large:20px;--awb-spacing-left-large:1.92%;--awb-width-medium:100%;--awb-order-medium:0;--awb-spacing-right-medium:1.92%;--awb-spacing-left-medium:1.92%;--awb-width-small:100%;--awb-order-small:0;--awb-spacing-right-small:1.92%;--awb-spacing-left-small:1.92%;\"><div class=\"fusion-column-wrapper fusion-column-has-shadow fusion-flex-justify-content-center fusion-content-layout-column\"><div class=\"accordian fusion-accordian\" style=\"--awb-border-size:1px;--awb-icon-size:16px;--awb-content-font-size:16px;--awb-icon-alignment:right;--awb-hover-color:#f9f9fb;--awb-border-color:#e2e2e2;--awb-background-color:#ffffff;--awb-divider-color:#e0dede;--awb-divider-hover-color:#e0dede;--awb-icon-color:#ffffff;--awb-title-color:#ffffff;--awb-content-color:#050505;--awb-icon-box-color:#333333;--awb-toggle-hover-accent-color:#c6b429;--awb-toggle-active-accent-color:#c6b429;--awb-title-font-family:&quot;Century Gothic&quot;;--awb-title-font-weight:400;--awb-title-font-style:normal;--awb-title-font-size:18px;--awb-content-font-family:&quot;Century Gothic&quot;;--awb-content-font-style:normal;--awb-content-font-weight:400;\"><div class=\"panel-group fusion-toggle-icon-right fusion-toggle-icon-unboxed\" id=\"accordion-2118-1\"><div class=\"fusion-panel panel-default panel-829dc6a21f80f8061 fusion-toggle-has-divider\"><div class=\"panel-heading\"><h4 class=\"panel-title toggle\" id=\"toggle_829dc6a21f80f8061\"><a aria-expanded=\"false\" aria-controls=\"829dc6a21f80f8061\" role=\"button\" data-toggle=\"collapse\" data-parent=\"#accordion-2118-1\" data-target=\"#829dc6a21f80f8061\" href=\"#829dc6a21f80f8061\"><span class=\"fusion-toggle-icon-wrapper\" aria-hidden=\"true\"><i class=\"fa-fusion-box active-icon awb-icon-minus\" aria-hidden=\"true\"><\/i><i class=\"fa-fusion-box inactive-icon awb-icon-plus\" aria-hidden=\"true\"><\/i><\/span><span class=\"fusion-toggle-heading\">Infus\u00e3o de gordura com liposuccion-microlipoenxertia (Fat fillers) <\/span><\/a><\/h4><\/div><div id=\"829dc6a21f80f8061\" class=\"panel-collapse collapse \" aria-labelledby=\"toggle_829dc6a21f80f8061\"><div class=\"panel-body toggle-content fusion-clearfix\">\n<p style=\"color: #ffffff; font-size: 16px; font-family: 'Century Gothic'; line-height: 26px; letter-spacing: 0.3px;\" data-fusion-font=\"true\"><span data-fusion-font=\"true\" style=\"font-size: 16px; line-height: 24px;\">Sess\u00f5es de infus\u00e3o com microc\u00e2nulas, com a finalidade de regenera\u00e7\u00e3o e rejuvenescimento, restaurando a textura, apar\u00eancia e espessura da pele em casos de envelhecimento, cicatrizes (p\u00f3s-traum\u00e1tica, p\u00f3s-operat\u00f3ria, p\u00f3s-queimadura, acne) bem como restaurando o volume da partes moles subjacente incluindo ossos em casos de malforma\u00e7\u00f5es gen\u00e9ticas e est\u00e9ticas ou perda de volume normal em \u00e1reas como o rosto conducente a envelhecimento normal. \u00c9 usado sozinho ou em combina\u00e7\u00e3o com cirurgias ou outros fillers<\/span> <\/p>\n<\/div><\/div><\/div><div class=\"fusion-panel panel-default panel-a1027d822b8186add fusion-toggle-has-divider\"><div class=\"panel-heading\"><h4 class=\"panel-title toggle\" id=\"toggle_a1027d822b8186add\"><a aria-expanded=\"false\" aria-controls=\"a1027d822b8186add\" role=\"button\" data-toggle=\"collapse\" data-parent=\"#accordion-2118-1\" data-target=\"#a1027d822b8186add\" href=\"#a1027d822b8186add\"><span class=\"fusion-toggle-icon-wrapper\" aria-hidden=\"true\"><i class=\"fa-fusion-box active-icon awb-icon-minus\" aria-hidden=\"true\"><\/i><i class=\"fa-fusion-box inactive-icon awb-icon-plus\" aria-hidden=\"true\"><\/i><\/span><span class=\"fusion-toggle-heading\">Infus\u00e3o de \u00e1cido hialur\u00f4nico (H.A. fillers)<\/span><\/a><\/h4><\/div><div id=\"a1027d822b8186add\" class=\"panel-collapse collapse \" aria-labelledby=\"toggle_a1027d822b8186add\"><div class=\"panel-body toggle-content fusion-clearfix\">\n<p style=\"color: #ffffff; font-size: 16px; font-family: 'Century Gothic'; line-height: 26px; letter-spacing: 0.3px;\" data-fusion-font=\"true\"><span style=\"color: #ffffff; font-family: var(--body_typography-font-family); font-size: 16px; font-style: var(--body_typography-font-style,normal); font-weight: var(--body_typography-font-weight); letter-spacing: 0.3px;\" data-fusion-font=\"true\"><span data-fusion-font=\"true\" style=\"font-size: 16px; line-height: 24px;\">Sess\u00f5es injet\u00e1veis \u200b\u200b com a finalidade de  rejuvenescimento e grau moderado de regenera\u00e7\u00e3o da pele, remo\u00e7\u00e3o de rugas, melhora de cicatrizes (p\u00f3s-traum\u00e1tica, p\u00f3s-operat\u00f3ria, p\u00f3s-queimadura, acne), bem como grau intermedi\u00e1rio tempor\u00e1rio de modelagem, retifica\u00e7\u00e3o e modelagem do contorno facial, modelagem est\u00e9tica transit\u00f3ria dos l\u00e1bios (bio-esultura dos labios) e deformidades nasais (rinoplastia n\u00e3o cir\u00fargica) e rejuvenescimento total tempor\u00e1rio do pesco\u00e7o e face (face lifting l\u00edquido). \u00c9 usado sozinho ou em combina\u00e7\u00e3o com cirurgias ou outros fillers<\/span> <\/span><\/p>\n<\/div><\/div><\/div><div class=\"fusion-panel panel-default panel-b5d2fb7bb7c76b0bf fusion-toggle-has-divider\"><div class=\"panel-heading\"><h4 class=\"panel-title toggle\" id=\"toggle_b5d2fb7bb7c76b0bf\"><a aria-expanded=\"false\" aria-controls=\"b5d2fb7bb7c76b0bf\" role=\"button\" data-toggle=\"collapse\" data-parent=\"#accordion-2118-1\" data-target=\"#b5d2fb7bb7c76b0bf\" href=\"#b5d2fb7bb7c76b0bf\"><span class=\"fusion-toggle-icon-wrapper\" aria-hidden=\"true\"><i class=\"fa-fusion-box active-icon awb-icon-minus\" aria-hidden=\"true\"><\/i><i class=\"fa-fusion-box inactive-icon awb-icon-plus\" aria-hidden=\"true\"><\/i><\/span><span class=\"fusion-toggle-heading\">Infus\u00e3o de toxina botul\u00ednica (Botox\/ Dyspor)<\/span><\/a><\/h4><\/div><div id=\"b5d2fb7bb7c76b0bf\" class=\"panel-collapse collapse \" aria-labelledby=\"toggle_b5d2fb7bb7c76b0bf\"><div class=\"panel-body toggle-content fusion-clearfix\">\n<p style=\"color: #ffffff; font-size: 16px; line-height: 26px; letter-spacing: 0.3px;\" data-fusion-font=\"true\"><span data-fusion-font=\"true\" style=\"line-height: 24px; font-size: 16px;\">Sess\u00f5es injet\u00e1veis \u200b\u200bcom a finalidade de enfraquecimento tempor\u00e1rio at\u00e9 a elimina\u00e7\u00e3o de pequenas e m\u00e9dias rugas, principalmente da express\u00e3o facial, bem como o enfraquecimento tempor\u00e1rio de volume indesejado e de pequeno a m\u00e9dio grau de remodela\u00e7\u00e3o tempor\u00e1ria de unidades est\u00e9ticas e pontos da face. \u00c9 usado sozinho ou em combina\u00e7\u00e3o com cirurgias ou outros fillers<\/span> <\/p>\n<\/div><\/div><\/div><div class=\"fusion-panel panel-default panel-6942b659e363d796f fusion-toggle-has-divider\"><div class=\"panel-heading\"><h4 class=\"panel-title toggle\" id=\"toggle_6942b659e363d796f\"><a aria-expanded=\"false\" aria-controls=\"6942b659e363d796f\" role=\"button\" data-toggle=\"collapse\" data-parent=\"#accordion-2118-1\" data-target=\"#6942b659e363d796f\" href=\"#6942b659e363d796f\"><span class=\"fusion-toggle-icon-wrapper\" aria-hidden=\"true\"><i class=\"fa-fusion-box active-icon awb-icon-minus\" aria-hidden=\"true\"><\/i><i class=\"fa-fusion-box inactive-icon awb-icon-plus\" aria-hidden=\"true\"><\/i><\/span><span class=\"fusion-toggle-heading\">Mesoterapia por infus\u00e3o de plasma rico em plaquetas (PRP)<\/span><\/a><\/h4><\/div><div id=\"6942b659e363d796f\" class=\"panel-collapse collapse \" aria-labelledby=\"toggle_6942b659e363d796f\"><div class=\"panel-body toggle-content fusion-clearfix\">\n<p style=\"color: rgb(255, 255, 255); font-size: 16px; line-height: 24px; letter-spacing: 0.3px;\" data-fusion-font=\"true\">Sess\u00f5es injet\u00e1veis \u200b\u200b com a finalidade de restaura\u00e7\u00e3o est\u00e9tica da textura e apar\u00eancia da pele em casos de rejuvenescimento simples, envelhecimento leve ou moderado, melhora de cicatrizes (p\u00f3s-traum\u00e1tica, p\u00f3s-operat\u00f3ria, p\u00f3s-queimadura, acne)<\/p>\n<\/div><\/div><\/div><div class=\"fusion-panel panel-default panel-640bc238f205255c4 fusion-toggle-has-divider\"><div class=\"panel-heading\"><h4 class=\"panel-title toggle\" id=\"toggle_640bc238f205255c4\"><a aria-expanded=\"false\" aria-controls=\"640bc238f205255c4\" role=\"button\" data-toggle=\"collapse\" data-parent=\"#accordion-2118-1\" data-target=\"#640bc238f205255c4\" href=\"#640bc238f205255c4\"><span class=\"fusion-toggle-icon-wrapper\" aria-hidden=\"true\"><i class=\"fa-fusion-box active-icon awb-icon-minus\" aria-hidden=\"true\"><\/i><i class=\"fa-fusion-box inactive-icon awb-icon-plus\" aria-hidden=\"true\"><\/i><\/span><span class=\"fusion-toggle-heading\">Dermoabras\u00e3o qu\u00edmica e \/ou mec\u00e2nica (lasers, peelings) <\/span><\/a><\/h4><\/div><div id=\"640bc238f205255c4\" class=\"panel-collapse collapse \" aria-labelledby=\"toggle_640bc238f205255c4\"><div class=\"panel-body toggle-content fusion-clearfix\">\n<p style=\"color: rgb(255, 255, 255); line-height: 24px; letter-spacing: 0.3px; font-size: 16px;\" data-fusion-font=\"true\">Sess\u00f5es de restaura\u00e7\u00e3o est\u00e9tica da textura, apar\u00eancia e cor da pele nos casos de rejuvenescimento simples, envelhecimento leve ou moderado, melhora de cicatrizes (p\u00f3s-traum\u00e1tica, p\u00f3s-operat\u00f3ria, p\u00f3s-queimadura, acne)<\/p>\n<\/div><\/div><\/div><\/div><\/div><\/div><\/div><\/div><\/div><\/p>\n","protected":false},"excerpt":{"rendered":"","protected":false},"author":1,"featured_media":0,"parent":0,"menu_order":0,"comment_status":"closed","ping_status":"closed","template":"100-width.php","meta":{"footnotes":""},"class_list":["post-2118","page","type-page","status-publish","hentry"],"_links":{"self":[{"href":"https:\/\/delimpaltasplasticsurgery.com\/index.php\/wp-json\/wp\/v2\/pages\/2118","targetHints":{"allow":["GET"]}}],"collection":[{"href":"https:\/\/delimpaltasplasticsurgery.com\/index.php\/wp-json\/wp\/v2\/pages"}],"about":[{"href":"https:\/\/delimpaltasplasticsurgery.com\/index.php\/wp-json\/wp\/v2\/types\/page"}],"author":[{"embeddable":true,"href":"https:\/\/delimpaltasplasticsurgery.com\/index.php\/wp-json\/wp\/v2\/users\/1"}],"replies":[{"embeddable":true,"href":"https:\/\/delimpaltasplasticsurgery.com\/index.php\/wp-json\/wp\/v2\/comments?post=2118"}],"version-history":[{"count":3,"href":"https:\/\/delimpaltasplasticsurgery.com\/index.php\/wp-json\/wp\/v2\/pages\/2118\/revisions"}],"predecessor-version":[{"id":2121,"href":"https:\/\/delimpaltasplasticsurgery.com\/index.php\/wp-json\/wp\/v2\/pages\/2118\/revisions\/2121"}],"wp:attachment":[{"href":"https:\/\/delimpaltasplasticsurgery.com\/index.php\/wp-json\/wp\/v2\/media?parent=2118"}],"curies":[{"name":"wp","href":"https:\/\/api.w.org\/{rel}","templated":true}]}}