{"id":2126,"date":"2021-11-03T11:29:27","date_gmt":"2021-11-03T11:29:27","guid":{"rendered":"https:\/\/delimpaltasplasticsurgery.com\/?page_id=2126"},"modified":"2021-11-03T11:32:23","modified_gmt":"2021-11-03T11:32:23","slug":"genero","status":"publish","type":"page","link":"https:\/\/delimpaltasplasticsurgery.com\/index.php\/language\/pt\/genero\/","title":{"rendered":"G\u00eanero"},"content":{"rendered":"<p><div class=\"fusion-fullwidth fullwidth-box fusion-builder-row-1 fusion-flex-container nonhundred-percent-fullwidth non-hundred-percent-height-scrolling\" style=\"--awb-border-radius-top-left:0px;--awb-border-radius-top-right:0px;--awb-border-radius-bottom-right:0px;--awb-border-radius-bottom-left:0px;--awb-padding-top:10px;--awb-margin-bottom:0px;--awb-flex-wrap:wrap;\" ><div class=\"fusion-builder-row fusion-row fusion-flex-align-items-center fusion-flex-justify-content-center fusion-flex-content-wrap\" style=\"max-width:1289.6px;margin-left: calc(-4% \/ 2 );margin-right: calc(-4% \/ 2 );\"><div class=\"fusion-layout-column fusion_builder_column fusion-builder-column-0 fusion_builder_column_1_1 1_1 fusion-flex-column\" style=\"--awb-bg-size:cover;--awb-width-large:100%;--awb-margin-top-large:0px;--awb-spacing-right-large:1.92%;--awb-margin-bottom-large:20px;--awb-spacing-left-large:1.92%;--awb-width-medium:100%;--awb-order-medium:0;--awb-spacing-right-medium:1.92%;--awb-spacing-left-medium:1.92%;--awb-width-small:100%;--awb-order-small:0;--awb-spacing-right-small:1.92%;--awb-spacing-left-small:1.92%;\"><div class=\"fusion-column-wrapper fusion-column-has-shadow fusion-flex-justify-content-flex-start fusion-content-layout-column\"><div class=\"fusion-title title fusion-title-1 fusion-sep-none fusion-title-text fusion-title-size-one\" style=\"--awb-text-color:#000000;--awb-margin-top:-5px;--awb-margin-bottom:30px;--awb-margin-top-small:10px;--awb-margin-right-small:0px;--awb-margin-bottom-small:10px;--awb-margin-left-small:0px;--awb-link-color:#000000;--awb-font-size:15px;\"><h1 class=\"fusion-title-heading title-heading-left fusion-responsive-typography-calculated\" style=\"font-family:&quot;Century Gothic&quot;;margin:0;font-size:1em;--fontSize:15;--minFontSize:15;line-height:2.07;\"><a href=\"https:\/\/delimpaltasplasticsurgery.com\/index.php\/aesthetic-procedures\/\" class=\"awb-custom-text-color awb-custom-text-hover-color\" target=\"_self\"><a href=\"https:\/\/delimpaltasplasticsurgery.com\/index.php\/pt\/procedimentos-esteticos\/#aesthetic\">&lt; Back to procedimentos EST\u00c9TICOS<\/a><\/a><\/h1><\/div><\/div><\/div><div class=\"fusion-layout-column fusion_builder_column fusion-builder-column-1 fusion_builder_column_1_3 1_3 fusion-flex-column\" style=\"--awb-bg-size:cover;--awb-width-large:33.333333333333%;--awb-margin-top-large:0px;--awb-spacing-right-large:5.76%;--awb-margin-bottom-large:20px;--awb-spacing-left-large:5.76%;--awb-width-medium:100%;--awb-order-medium:0;--awb-spacing-right-medium:1.92%;--awb-spacing-left-medium:1.92%;--awb-width-small:100%;--awb-order-small:0;--awb-spacing-right-small:1.92%;--awb-spacing-left-small:1.92%;\"><div class=\"fusion-column-wrapper fusion-column-has-shadow fusion-flex-justify-content-flex-start fusion-content-layout-column\"><div class=\"fusion-image-element \" style=\"text-align:center;--awb-caption-title-font-family:var(--h2_typography-font-family);--awb-caption-title-font-weight:var(--h2_typography-font-weight);--awb-caption-title-font-style:var(--h2_typography-font-style);--awb-caption-title-size:var(--h2_typography-font-size);--awb-caption-title-transform:var(--h2_typography-text-transform);--awb-caption-title-line-height:var(--h2_typography-line-height);--awb-caption-title-letter-spacing:var(--h2_typography-letter-spacing);\"><span class=\" fusion-imageframe imageframe-none imageframe-1 hover-type-none\"><img decoding=\"async\" width=\"609\" height=\"300\" title=\"gender\" src=\"https:\/\/delimpaltasplasticsurgery.com\/wp-content\/uploads\/2021\/10\/gender.png\" alt class=\"img-responsive wp-image-1489\" srcset=\"https:\/\/delimpaltasplasticsurgery.com\/wp-content\/uploads\/2021\/10\/gender-200x99.png 200w, https:\/\/delimpaltasplasticsurgery.com\/wp-content\/uploads\/2021\/10\/gender-400x197.png 400w, https:\/\/delimpaltasplasticsurgery.com\/wp-content\/uploads\/2021\/10\/gender-600x296.png 600w, https:\/\/delimpaltasplasticsurgery.com\/wp-content\/uploads\/2021\/10\/gender.png 609w\" sizes=\"(max-width: 1024px) 100vw, (max-width: 640px) 100vw, 400px\" \/><\/span><\/div><\/div><\/div><div class=\"fusion-layout-column fusion_builder_column fusion-builder-column-2 fusion_builder_column_2_3 2_3 fusion-flex-column\" style=\"--awb-bg-size:cover;--awb-width-large:66.666666666667%;--awb-margin-top-large:0px;--awb-spacing-right-large:2.88%;--awb-margin-bottom-large:60px;--awb-spacing-left-large:2.88%;--awb-width-medium:100%;--awb-order-medium:0;--awb-spacing-right-medium:1.92%;--awb-spacing-left-medium:1.92%;--awb-width-small:100%;--awb-order-small:0;--awb-spacing-right-small:1.92%;--awb-spacing-left-small:1.92%;\"><div class=\"fusion-column-wrapper fusion-column-has-shadow fusion-flex-justify-content-flex-start fusion-content-layout-column\"><div class=\"fusion-title title fusion-title-2 fusion-sep-none fusion-title-center fusion-title-text fusion-title-size-one\" style=\"--awb-text-color:#848484;--awb-margin-top-small:10px;--awb-margin-right-small:0px;--awb-margin-bottom-small:10px;--awb-margin-left-small:0px;\"><h1 class=\"fusion-title-heading title-heading-center fusion-responsive-typography-calculated\" style=\"margin:0;--fontSize:32;line-height:0.97;\"><span style=\"font-family: 'Century Gothic';\" data-fusion-font=\"true\">G\u00eanero &#8211; procedimentos EST\u00c9TICOS<\/span><\/h1><\/div><\/div><\/div><\/div><\/div><div class=\"fusion-fullwidth fullwidth-box fusion-builder-row-2 fusion-flex-container nonhundred-percent-fullwidth non-hundred-percent-height-scrolling\" style=\"--awb-border-radius-top-left:0px;--awb-border-radius-top-right:0px;--awb-border-radius-bottom-right:0px;--awb-border-radius-bottom-left:0px;--awb-padding-top:80px;--awb-padding-bottom:80px;--awb-margin-top:0px;--awb-background-color:#383838;--awb-flex-wrap:wrap;\" ><div class=\"fusion-builder-row fusion-row fusion-flex-align-items-center fusion-flex-justify-content-center fusion-flex-content-wrap\" style=\"max-width:1289.6px;margin-left: calc(-4% \/ 2 );margin-right: calc(-4% \/ 2 );\"><div class=\"fusion-layout-column fusion_builder_column fusion-builder-column-3 fusion_builder_column_1_1 1_1 fusion-flex-column fusion-flex-align-self-center\" style=\"--awb-padding-right:120px;--awb-padding-left:120px;--awb-padding-right-medium:20px;--awb-padding-left-medium:20px;--awb-padding-right-small:10px;--awb-padding-left-small:10px;--awb-bg-size:cover;--awb-width-large:100%;--awb-margin-top-large:0px;--awb-spacing-right-large:1.92%;--awb-margin-bottom-large:20px;--awb-spacing-left-large:1.92%;--awb-width-medium:100%;--awb-order-medium:0;--awb-spacing-right-medium:1.92%;--awb-spacing-left-medium:1.92%;--awb-width-small:100%;--awb-order-small:0;--awb-spacing-right-small:1.92%;--awb-spacing-left-small:1.92%;\"><div class=\"fusion-column-wrapper fusion-column-has-shadow fusion-flex-justify-content-center fusion-content-layout-column\"><div class=\"accordian fusion-accordian\" style=\"--awb-border-size:1px;--awb-icon-size:16px;--awb-content-font-size:16px;--awb-icon-alignment:right;--awb-hover-color:#f9f9fb;--awb-border-color:#e2e2e2;--awb-background-color:#ffffff;--awb-divider-color:#e0dede;--awb-divider-hover-color:#e0dede;--awb-icon-color:#ffffff;--awb-title-color:#ffffff;--awb-content-color:#050505;--awb-icon-box-color:#333333;--awb-toggle-hover-accent-color:#c6b429;--awb-toggle-active-accent-color:#c6b429;--awb-title-font-family:&quot;Century Gothic&quot;;--awb-title-font-weight:400;--awb-title-font-style:normal;--awb-title-font-size:18px;--awb-content-font-family:&quot;Century Gothic&quot;;--awb-content-font-style:normal;--awb-content-font-weight:400;\"><div class=\"panel-group fusion-toggle-icon-right fusion-toggle-icon-unboxed\" id=\"accordion-2126-1\"><div class=\"fusion-panel panel-default panel-a6ea65dc51d054f64 fusion-toggle-has-divider\"><div class=\"panel-heading\"><h4 class=\"panel-title toggle\" id=\"toggle_a6ea65dc51d054f64\"><a aria-expanded=\"false\" aria-controls=\"a6ea65dc51d054f64\" role=\"button\" data-toggle=\"collapse\" data-parent=\"#accordion-2126-1\" data-target=\"#a6ea65dc51d054f64\" href=\"#a6ea65dc51d054f64\"><span class=\"fusion-toggle-icon-wrapper\" aria-hidden=\"true\"><i class=\"fa-fusion-box active-icon awb-icon-minus\" aria-hidden=\"true\"><\/i><i class=\"fa-fusion-box inactive-icon awb-icon-plus\" aria-hidden=\"true\"><\/i><\/span><span class=\"fusion-toggle-heading\">Cirurgia de redesigna\u00e7\u00e3o de g\u00eanero (reorienta\u00e7\u00e3o) de homem para mulher (HM)<\/span><\/a><\/h4><\/div><div id=\"a6ea65dc51d054f64\" class=\"panel-collapse collapse \" aria-labelledby=\"toggle_a6ea65dc51d054f64\"><div class=\"panel-body toggle-content fusion-clearfix\">\n<p style=\"color: rgb(255, 255, 255); font-size: 16px; line-height: 24px; letter-spacing: 0.3px;\" data-fusion-font=\"true\">Cria\u00e7\u00e3o est\u00e9tica e funcional de uma neo-vulva. Orquiectomia bilateral, remo\u00e7\u00e3o de uma parte do corpo do p\u00eanis, cria\u00e7\u00e3o da vagina, cria\u00e7\u00e3o do clit\u00f3ris com sensibilidade, uretra na posi\u00e7\u00e3o correta e cria\u00e7\u00e3o dos l\u00e1bios.<\/p>\n<\/div><\/div><\/div><div class=\"fusion-panel panel-default panel-597af8c7e20b2e27f fusion-toggle-has-divider\"><div class=\"panel-heading\"><h4 class=\"panel-title toggle\" id=\"toggle_597af8c7e20b2e27f\"><a aria-expanded=\"false\" aria-controls=\"597af8c7e20b2e27f\" role=\"button\" data-toggle=\"collapse\" data-parent=\"#accordion-2126-1\" data-target=\"#597af8c7e20b2e27f\" href=\"#597af8c7e20b2e27f\"><span class=\"fusion-toggle-icon-wrapper\" aria-hidden=\"true\"><i class=\"fa-fusion-box active-icon awb-icon-minus\" aria-hidden=\"true\"><\/i><i class=\"fa-fusion-box inactive-icon awb-icon-plus\" aria-hidden=\"true\"><\/i><\/span><span class=\"fusion-toggle-heading\">Cirurgias de feminiza\u00e7\u00e3o<\/span><\/a><\/h4><\/div><div id=\"597af8c7e20b2e27f\" class=\"panel-collapse collapse \" aria-labelledby=\"toggle_597af8c7e20b2e27f\"><div class=\"panel-body toggle-content fusion-clearfix\">\n<p style=\"color: #ffffff; font-size: 16px; font-family: 'Century Gothic'; line-height: 26px; letter-spacing: 0.3px;\" data-fusion-font=\"true\"><span style=\"color: rgb(255, 255, 255); font-family: var(--body_typography-font-family); font-size: 16px; font-style: var(--body_typography-font-style,normal); font-weight: var(--body_typography-font-weight); letter-spacing: 0.3px; line-height: 24px;\" data-fusion-font=\"true\">Na face (rinoplastia, cirurgia das p\u00e1lpebras, remo\u00e7\u00e3o do pomo de Ad\u00e3o, remodelagem feminina da ma\u00e7\u00e3 do rosto, genioplastia, etc.) e no corpo (remodelagem do contorno com lipoaspira\u00e7\u00e3o-transfer\u00eancia de gordura)<\/span><\/p>\n<\/div><\/div><\/div><div class=\"fusion-panel panel-default panel-6b6a68d8acc97e788 fusion-toggle-has-divider\"><div class=\"panel-heading\"><h4 class=\"panel-title toggle\" id=\"toggle_6b6a68d8acc97e788\"><a aria-expanded=\"false\" aria-controls=\"6b6a68d8acc97e788\" role=\"button\" data-toggle=\"collapse\" data-parent=\"#accordion-2126-1\" data-target=\"#6b6a68d8acc97e788\" href=\"#6b6a68d8acc97e788\"><span class=\"fusion-toggle-icon-wrapper\" aria-hidden=\"true\"><i class=\"fa-fusion-box active-icon awb-icon-minus\" aria-hidden=\"true\"><\/i><i class=\"fa-fusion-box inactive-icon awb-icon-plus\" aria-hidden=\"true\"><\/i><\/span><span class=\"fusion-toggle-heading\">Cirurgias corretivas secund\u00e1rias<\/span><\/a><\/h4><\/div><div id=\"6b6a68d8acc97e788\" class=\"panel-collapse collapse \" aria-labelledby=\"toggle_6b6a68d8acc97e788\"><div class=\"panel-body toggle-content fusion-clearfix\">\n<p style=\"color: rgb(255, 255, 255); font-size: 16px; line-height: 24px; letter-spacing: 0.3px;\" data-fusion-font=\"true\">Interven\u00e7\u00f5es est\u00e9ticas e funcionais e corre\u00e7\u00f5es na neo-vagina com regenera\u00e7\u00e3o e remodelagem suplementares dos l\u00e1bios e clit\u00f3ris, bem como remodelagem da uretra e vagina<\/p>\n<\/div><\/div><\/div><\/div><\/div><\/div><\/div><\/div><\/div><\/p>\n","protected":false},"excerpt":{"rendered":"","protected":false},"author":1,"featured_media":0,"parent":0,"menu_order":0,"comment_status":"closed","ping_status":"closed","template":"100-width.php","meta":{"footnotes":""},"class_list":["post-2126","page","type-page","status-publish","hentry"],"_links":{"self":[{"href":"https:\/\/delimpaltasplasticsurgery.com\/index.php\/wp-json\/wp\/v2\/pages\/2126","targetHints":{"allow":["GET"]}}],"collection":[{"href":"https:\/\/delimpaltasplasticsurgery.com\/index.php\/wp-json\/wp\/v2\/pages"}],"about":[{"href":"https:\/\/delimpaltasplasticsurgery.com\/index.php\/wp-json\/wp\/v2\/types\/page"}],"author":[{"embeddable":true,"href":"https:\/\/delimpaltasplasticsurgery.com\/index.php\/wp-json\/wp\/v2\/users\/1"}],"replies":[{"embeddable":true,"href":"https:\/\/delimpaltasplasticsurgery.com\/index.php\/wp-json\/wp\/v2\/comments?post=2126"}],"version-history":[{"count":3,"href":"https:\/\/delimpaltasplasticsurgery.com\/index.php\/wp-json\/wp\/v2\/pages\/2126\/revisions"}],"predecessor-version":[{"id":2129,"href":"https:\/\/delimpaltasplasticsurgery.com\/index.php\/wp-json\/wp\/v2\/pages\/2126\/revisions\/2129"}],"wp:attachment":[{"href":"https:\/\/delimpaltasplasticsurgery.com\/index.php\/wp-json\/wp\/v2\/media?parent=2126"}],"curies":[{"name":"wp","href":"https:\/\/api.w.org\/{rel}","templated":true}]}}