{"id":2565,"date":"2021-11-17T11:15:50","date_gmt":"2021-11-17T11:15:50","guid":{"rendered":"https:\/\/delimpaltasplasticsurgery.com\/?page_id=2565"},"modified":"2022-04-12T08:48:48","modified_gmt":"2022-04-12T08:48:48","slug":"sobre","status":"publish","type":"page","link":"https:\/\/delimpaltasplasticsurgery.com\/index.php\/language\/pt\/sobre\/","title":{"rendered":"Sobre"},"content":{"rendered":"<p><div class=\"fusion-fullwidth fullwidth-box fusion-builder-row-1 fusion-flex-container nonhundred-percent-fullwidth non-hundred-percent-height-scrolling\" style=\"--awb-background-blend-mode:multiply;--awb-border-radius-top-left:0px;--awb-border-radius-top-right:0px;--awb-border-radius-bottom-right:0px;--awb-border-radius-bottom-left:0px;--awb-padding-top:40px;--awb-padding-right:0px;--awb-padding-bottom:0px;--awb-padding-left:0px;--awb-margin-bottom:0px;--awb-flex-wrap:wrap;\" ><div class=\"fusion-builder-row fusion-row fusion-flex-align-items-flex-start fusion-flex-justify-content-center fusion-flex-content-wrap\" style=\"max-width:1289.6px;margin-left: calc(-4% \/ 2 );margin-right: calc(-4% \/ 2 );\"><div class=\"fusion-layout-column fusion_builder_column fusion-builder-column-0 fusion_builder_column_1_1 1_1 fusion-flex-column\" style=\"--awb-bg-size:cover;--awb-width-large:100%;--awb-margin-top-large:0px;--awb-spacing-right-large:2.88%;--awb-margin-bottom-large:0px;--awb-spacing-left-large:1.92%;--awb-width-medium:100%;--awb-order-medium:0;--awb-spacing-right-medium:1.92%;--awb-spacing-left-medium:1.92%;--awb-width-small:100%;--awb-order-small:0;--awb-spacing-right-small:1.92%;--awb-spacing-left-small:1.92%;\"><div class=\"fusion-column-wrapper fusion-column-has-shadow fusion-flex-justify-content-flex-start fusion-content-layout-column\"><div class=\"fusion-title title fusion-title-1 fusion-sep-none fusion-title-center fusion-title-text fusion-title-size-one\" style=\"--awb-text-color:#000000;--awb-margin-bottom:60px;--awb-margin-top-small:10px;--awb-margin-right-small:0px;--awb-margin-bottom-small:10px;--awb-margin-left-small:0px;--awb-font-size:32px;\"><h1 class=\"fusion-title-heading title-heading-center fusion-responsive-typography-calculated\" style=\"margin:0;letter-spacing:4px;font-size:1em;--fontSize:32;line-height:0.97;\"><b><\/p>\n<p>\t\t\tAlexandros DELIMPALTAS M.D.<\/p>\n<p>\t<\/b><\/h1><\/div><\/div><\/div><\/div><\/div><div class=\"fusion-fullwidth fullwidth-box fusion-builder-row-2 fusion-flex-container nonhundred-percent-fullwidth non-hundred-percent-height-scrolling\" style=\"--awb-border-radius-top-left:0px;--awb-border-radius-top-right:0px;--awb-border-radius-bottom-right:0px;--awb-border-radius-bottom-left:0px;--awb-padding-top:0px;--awb-padding-right:20px;--awb-padding-top-medium:0px;--awb-margin-top-medium:0px;--awb-flex-wrap:wrap;\" ><div class=\"fusion-builder-row fusion-row fusion-flex-align-items-flex-start fusion-flex-content-wrap\" style=\"max-width:1289.6px;margin-left: calc(-4% \/ 2 );margin-right: calc(-4% \/ 2 );\"><div class=\"fusion-layout-column fusion_builder_column fusion-builder-column-1 fusion_builder_column_1_3 1_3 fusion-flex-column fusion-flex-align-self-flex-start\" style=\"--awb-bg-size:cover;--awb-width-large:33.333333333333%;--awb-margin-top-large:100px;--awb-spacing-right-large:4.32%;--awb-margin-bottom-large:20px;--awb-spacing-left-large:0%;--awb-width-medium:100%;--awb-order-medium:0;--awb-margin-top-medium:20px;--awb-spacing-right-medium:1.92%;--awb-spacing-left-medium:1.92%;--awb-width-small:100%;--awb-order-small:0;--awb-spacing-right-small:1.92%;--awb-spacing-left-small:1.92%;\"><div class=\"fusion-column-wrapper fusion-column-has-shadow fusion-flex-justify-content-center fusion-content-layout-column\"><div class=\"fusion-image-element md-text-align-center\" style=\"--awb-caption-title-font-family:var(--h2_typography-font-family);--awb-caption-title-font-weight:var(--h2_typography-font-weight);--awb-caption-title-font-style:var(--h2_typography-font-style);--awb-caption-title-size:var(--h2_typography-font-size);--awb-caption-title-transform:var(--h2_typography-text-transform);--awb-caption-title-line-height:var(--h2_typography-line-height);--awb-caption-title-letter-spacing:var(--h2_typography-letter-spacing);\"><span class=\" fusion-imageframe imageframe-none imageframe-1 hover-type-none\"><img decoding=\"async\" width=\"550\" height=\"1000\" src=\"https:\/\/delimpaltasplasticsurgery.com\/wp-content\/uploads\/2021\/12\/alexandros_photo_portrait.png\" alt class=\"img-responsive wp-image-3971\" srcset=\"https:\/\/delimpaltasplasticsurgery.com\/wp-content\/uploads\/2021\/12\/alexandros_photo_portrait-200x364.png 200w, https:\/\/delimpaltasplasticsurgery.com\/wp-content\/uploads\/2021\/12\/alexandros_photo_portrait-400x727.png 400w, https:\/\/delimpaltasplasticsurgery.com\/wp-content\/uploads\/2021\/12\/alexandros_photo_portrait.png 550w\" sizes=\"(max-width: 1024px) 100vw, (max-width: 640px) 100vw, 400px\" \/><\/span><\/div><\/div><\/div><div class=\"fusion-layout-column fusion_builder_column fusion-builder-column-2 fusion-flex-column\" style=\"--awb-bg-size:cover;--awb-width-large:66.5%;--awb-margin-top-large:0px;--awb-spacing-right-large:0%;--awb-margin-bottom-large:20px;--awb-spacing-left-large:0%;--awb-width-medium:100%;--awb-order-medium:0;--awb-spacing-right-medium:1.92%;--awb-spacing-left-medium:1.92%;--awb-width-small:100%;--awb-order-small:0;--awb-spacing-right-small:1.92%;--awb-spacing-left-small:1.92%;\"><div class=\"fusion-column-wrapper fusion-column-has-shadow fusion-flex-justify-content-center fusion-content-layout-column\"><div class=\"fusion-title title fusion-title-2 fusion-sep-none fusion-title-center fusion-title-text fusion-title-size-one\" style=\"--awb-text-color:#000000;--awb-margin-top-small:10px;--awb-margin-right-small:0px;--awb-margin-bottom-small:10px;--awb-margin-left-small:0px;--awb-font-size:32px;\"><h1 class=\"fusion-title-heading title-heading-center fusion-responsive-typography-calculated\" style=\"margin:0;font-size:1em;--fontSize:32;line-height:0.97;\"><b>CIRURGI\u00c3O PL\u00c1STICO<\/b><\/h1><\/div><div class=\"fusion-title title fusion-title-3 fusion-sep-none fusion-title-center fusion-title-text fusion-title-size-one\" style=\"--awb-text-color:#c6b429;--awb-margin-top-small:10px;--awb-margin-right-small:0px;--awb-margin-bottom-small:10px;--awb-margin-left-small:0px;--awb-font-size:28.0px;\"><h1 class=\"fusion-title-heading title-heading-center fusion-responsive-typography-calculated\" style=\"margin:0;font-size:1em;--fontSize:28;line-height:1.11;\"><span style=\"font-size: 28px; line-height: 32px;\" data-fusion-font=\"true\"><span style=\"color: #5e5e5e;\">Especializa\u00e7\u00e3o em<br \/><\/span><span style=\"color: #5e5e5e;\">t\u00e9cnicas avan\u00e7adas<br \/><\/span><\/span><i>brasileiras, francesas &amp; internacionais<\/i><\/h1><\/div><div class=\"fusion-image-element \" style=\"text-align:center;--awb-margin-bottom:50px;--awb-max-width:800px;--awb-caption-title-font-family:var(--h2_typography-font-family);--awb-caption-title-font-weight:var(--h2_typography-font-weight);--awb-caption-title-font-style:var(--h2_typography-font-style);--awb-caption-title-size:var(--h2_typography-font-size);--awb-caption-title-transform:var(--h2_typography-text-transform);--awb-caption-title-line-height:var(--h2_typography-line-height);--awb-caption-title-letter-spacing:var(--h2_typography-letter-spacing);\"><span class=\" fusion-imageframe imageframe-none imageframe-2 hover-type-none\"><img decoding=\"async\" width=\"818\" height=\"68\" title=\"nisteria3\" src=\"https:\/\/delimpaltasplasticsurgery.com\/wp-content\/uploads\/2021\/12\/nisteria3.png\" alt class=\"img-responsive wp-image-3324\" srcset=\"https:\/\/delimpaltasplasticsurgery.com\/wp-content\/uploads\/2021\/12\/nisteria3-200x17.png 200w, https:\/\/delimpaltasplasticsurgery.com\/wp-content\/uploads\/2021\/12\/nisteria3-400x33.png 400w, https:\/\/delimpaltasplasticsurgery.com\/wp-content\/uploads\/2021\/12\/nisteria3-600x50.png 600w, https:\/\/delimpaltasplasticsurgery.com\/wp-content\/uploads\/2021\/12\/nisteria3-800x67.png 800w, https:\/\/delimpaltasplasticsurgery.com\/wp-content\/uploads\/2021\/12\/nisteria3.png 818w\" sizes=\"(max-width: 1024px) 100vw, (max-width: 640px) 100vw, 818px\" \/><\/span><\/div><div class=\"fusion-title title fusion-title-4 fusion-sep-none fusion-title-center fusion-title-text fusion-title-size-one\" style=\"--awb-margin-top-small:10px;--awb-margin-right-small:0px;--awb-margin-bottom-small:10px;--awb-margin-left-small:0px;--awb-font-size:18px;\"><h1 class=\"fusion-title-heading title-heading-center fusion-responsive-typography-calculated\" style=\"margin:0;font-size:1em;--fontSize:18;--minFontSize:18;line-height:1.72;\"><b>DIPLOMA DE MEDICINA 2005: <\/b>Universidade Arist\u00f3teles de Tessal\u00f3nica  (AUTh)<b><br \/>SERVI\u00c7O MILITAR 2006-7: <\/b>M\u00e9dico Soldado de Unidade de Artilharia Autopropulsada<\/h1><\/div><div class=\"fusion-title title fusion-title-5 fusion-sep-none fusion-title-center fusion-title-text fusion-title-size-one\" style=\"--awb-margin-bottom:0px;--awb-margin-top-small:10px;--awb-margin-right-small:0px;--awb-margin-bottom-small:10px;--awb-margin-left-small:0px;--awb-font-size:24px;\"><h1 class=\"fusion-title-heading title-heading-center fusion-responsive-typography-calculated\" style=\"margin:0;font-size:1em;--fontSize:24;line-height:1.29;\"><b>PER\u00cdODO DO BRASIL<\/b> <b>(<\/b><span style=\"color: rgb(198, 180, 41);\">Rio de Janeiro, Niter\u00f3i<\/span><b>)<\/b><\/h1><\/div><div class=\"fusion-title title fusion-title-6 fusion-sep-none fusion-title-text fusion-title-size-one\" style=\"--awb-margin-top-small:10px;--awb-margin-right-small:0px;--awb-margin-bottom-small:10px;--awb-margin-left-small:0px;--awb-font-size:18px;\"><h1 class=\"fusion-title-heading title-heading-left fusion-responsive-typography-calculated\" style=\"margin:0;font-size:1em;--fontSize:18;--minFontSize:18;line-height:1.72;\"><strong style=\"font-size: 22px; color: #000000;\" data-fusion-font=\"true\">2007-2008<br \/><\/strong><b data-fusion-font=\"true\" style=\"font-size: 16px; color: rgb(137, 137, 137);\">L\u00edngua P<span style=\"color: rgb(137, 137, 137);\">or<\/span><span style=\"color: rgb(137, 137, 137);\"><span style=\"color: rgb(137, 137, 137);\">t<\/span>ugues<\/span>a<\/b><span style=\"color: rgb(137, 137, 137);\">:<\/span> <span data-fusion-font=\"true\" style=\"font-size: 16px;\">Universidade Federal Fluminense (UFF)<\/span><\/h1><\/div><div class=\"fusion-text fusion-text-1\"><p><span style=\"color: var(--body_typography-color); font-family: var(--body_typography-font-family); font-size: var(--body_typography-font-size); font-style: var(--body_typography-font-style,normal); letter-spacing: var(--body_typography-letter-spacing);\"><b style=\"color: rgb(137, 137, 137);\">Cirurgia Pl\u00e1stica:<\/b><\/span><b> <br \/><\/b>&#8211; <span style=\"color: var(--body_typography-color); font-family: var(--body_typography-font-family); font-size: var(--body_typography-font-size); font-style: var(--body_typography-font-style,normal); font-weight: var(--body_typography-font-weight); letter-spacing: var(--body_typography-letter-spacing);\">Instituto Ivo Pitanguy \/ Hospital Santa Casa de Misericordia<br \/><\/span><span style=\"color: var(--body_typography-color); font-family: var(--body_typography-font-family); font-size: var(--body_typography-font-size); font-style: var(--body_typography-font-style,normal); font-weight: var(--body_typography-font-weight); letter-spacing: var(--body_typography-letter-spacing);\">&#8211; Cl\u00ednica Vit\u00e9e do Prof. Ricardo Cavalcanti Ribeiro\/ Hospital Santa Casa de Misericordia<br \/><\/span><span style=\"color: var(--body_typography-color); font-family: var(--body_typography-font-family); font-size: var(--body_typography-font-size); font-style: var(--body_typography-font-style,normal); font-weight: var(--body_typography-font-weight); letter-spacing: var(--body_typography-letter-spacing);\">&#8211; <\/span><span style=\"color: var(--body_typography-color); font-family: var(--body_typography-font-family); font-size: var(--body_typography-font-size); font-style: var(--body_typography-font-style,normal); font-weight: var(--body_typography-font-weight); letter-spacing: var(--body_typography-letter-spacing);\">Cl\u00ednica Pedi\u00e1trica Privada \u201cCl\u00ednica da Primeira Idade\u201d, Cirurgi\u00e3o Pl\u00e1stico Dr. Vanisio Melo<br \/><\/span><span style=\"color: var(--body_typography-color); font-family: var(--body_typography-font-family); font-size: var(--body_typography-font-size); font-style: var(--body_typography-font-style,normal); font-weight: var(--body_typography-font-weight); letter-spacing: var(--body_typography-letter-spacing);\">&#8211; <\/span><span style=\"color: var(--body_typography-color); font-family: var(--body_typography-font-family); font-size: var(--body_typography-font-size); font-style: var(--body_typography-font-style,normal); font-weight: var(--body_typography-font-weight); letter-spacing: var(--body_typography-letter-spacing);\">Cl\u00ednicas Privadas: Hospital Barra D&#8217;or, Cl\u00ednica Ipanema, Cl\u00ednica S\u00e3o Jo\u00e3o<\/span><\/p>\n<p><span style=\"color: var(--body_typography-color); font-family: var(--body_typography-font-family); font-size: var(--body_typography-font-size); font-style: var(--body_typography-font-style,normal); letter-spacing: var(--body_typography-letter-spacing);\"><b style=\"color: rgb(136, 153, 136);\"><span>Cirurgia Geral<\/span>:<\/b><\/span><span style=\"font-family: var(--body_typography-font-family); font-size: var(--body_typography-font-size); font-style: var(--body_typography-font-style,normal); letter-spacing: var(--body_typography-letter-spacing);\"><font color=\"#898989\"><b> <\/b><\/font><\/span><span style=\"color: var(--body_typography-color); font-family: var(--body_typography-font-family); font-size: var(--body_typography-font-size); font-style: var(--body_typography-font-style,normal); font-weight: var(--body_typography-font-weight); letter-spacing: var(--body_typography-letter-spacing);\">Hospital Municipal Miguel Couto (Setor \u201cPolitrauma\u201d das Urg\u00eancias de Cirurgia Geral)<\/span><\/p>\n<\/div><div class=\"fusion-title title fusion-title-7 fusion-sep-none fusion-title-text fusion-title-size-one\" style=\"--awb-margin-bottom:5px;--awb-margin-top-small:10px;--awb-margin-right-small:0px;--awb-margin-bottom-small:10px;--awb-margin-left-small:0px;--awb-font-size:18px;\"><h1 class=\"fusion-title-heading title-heading-left fusion-responsive-typography-calculated\" style=\"margin:0;font-size:1em;--fontSize:18;--minFontSize:18;line-height:1.72;\"><strong style=\"font-size: 22px; color: #000000;\" data-fusion-font=\"true\">2010-2012<\/strong><br \/><\/h1><\/div><div class=\"fusion-text fusion-text-2\"><p><span style=\"color: var(--body_typography-color); font-family: var(--body_typography-font-family); font-size: var(--body_typography-font-size); font-style: var(--body_typography-font-style,normal); letter-spacing: var(--body_typography-letter-spacing);\"><b style=\"color: rgb(137, 137, 137);\">Cirurgia Pl\u00e1stica:<\/b><\/span><b> <br \/><\/b>&#8211; Servi\u00e7o do Prof. Ronaldo Pontes \/ Hospital Niter\u00f3i D\u2019Or \/ Hospital Municipal Carlos Tortelly <br \/>                          &#8211; <span style=\"color: var(--body_typography-color); font-family: var(--body_typography-font-family); font-size: var(--body_typography-font-size); font-style: var(--body_typography-font-style,normal); font-weight: var(--body_typography-font-weight); letter-spacing: var(--body_typography-letter-spacing);\">Instituto Ivo Pitanguy \/ Hospital Santa Casa de Misericordia<\/span><\/p>\n<p><span style=\"color: var(--body_typography-color); font-family: var(--body_typography-font-family); font-size: var(--body_typography-font-size); font-style: var(--body_typography-font-style,normal); letter-spacing: var(--body_typography-letter-spacing);\"><b style=\"color: rgb(137, 137, 137);\">Atividades Acad\u00eamicas:<\/b><\/span> <br \/><b><\/b><b><\/b>&#8211; Centro de estudos de Extens\u00e3o M\u00e9dica \u201cPr\u00f3-R\u201d na \u00e1rea de Cirurgia Cl\u00ednica <br \/>\n<span style=\"color: var(--body_typography-color); font-family: var(--body_typography-font-family); font-size: var(--body_typography-font-size); font-style: var(--body_typography-font-style,normal); font-weight: var(--body_typography-font-weight); letter-spacing: var(--body_typography-letter-spacing);\">                                    &#8211; <\/span>Departamento de Anatomia da Faculdade de Medicina da UFF<span style=\"color: var(--body_typography-color); font-family: var(--body_typography-font-family); font-size: var(--body_typography-font-size); font-style: var(--body_typography-font-style,normal); font-weight: var(--body_typography-font-weight); letter-spacing: var(--body_typography-letter-spacing);\"><br \/>\n<\/span><span style=\"color: var(--body_typography-color); font-family: var(--body_typography-font-family); font-size: var(--body_typography-font-size); font-style: var(--body_typography-font-style,normal); font-weight: var(--body_typography-font-weight); letter-spacing: var(--body_typography-letter-spacing);\">                                    &#8211; <\/span><span style=\"color: var(--body_typography-color); font-family: var(--body_typography-font-family); font-size: var(--body_typography-font-size); font-style: var(--body_typography-font-style,normal); font-weight: var(--body_typography-font-weight); letter-spacing: var(--body_typography-letter-spacing);\">Departamento de Medicina Interna da Faculdade de Medicina da UFRJ<\/span><\/p>\n<\/div><div class=\"fusion-title title fusion-title-8 fusion-sep-none fusion-title-center fusion-title-text fusion-title-size-one\" style=\"--awb-margin-bottom:0px;--awb-margin-top-small:10px;--awb-margin-right-small:0px;--awb-margin-bottom-small:10px;--awb-margin-left-small:0px;--awb-font-size:24px;\"><h1 class=\"fusion-title-heading title-heading-center fusion-responsive-typography-calculated\" style=\"margin:0;font-size:1em;--fontSize:24;line-height:1.29;\"><b>PER\u00cdODO DA FRAN\u00c7A <\/b><b>(<\/b><span style=\"color: #c6b429;\">Montpellier, Paris<\/span><b>)<\/b><\/h1><\/div><div class=\"fusion-title title fusion-title-9 fusion-sep-none fusion-title-text fusion-title-size-one\" style=\"--awb-margin-top-small:10px;--awb-margin-right-small:0px;--awb-margin-bottom-small:10px;--awb-margin-left-small:0px;--awb-font-size:18px;\"><h1 class=\"fusion-title-heading title-heading-left fusion-responsive-typography-calculated\" style=\"margin:0;font-size:1em;--fontSize:18;--minFontSize:18;line-height:1.72;\"><strong style=\"font-size: 22px; color: #000000;\" data-fusion-font=\"true\">2013-2015<br \/><\/strong><span style=\"color: rgb(137, 137, 137);\"><b data-fusion-font=\"true\" style=\"font-size: 16px; color: rgb(137, 137, 137);\">Lingua <span style=\"color: rgb(137, 137, 137);\">Fran<\/span>cesa:<\/b><\/span> <span data-fusion-font=\"true\" style=\"font-size: 16px;\">University Paul-Val\u00e9ry, Montpellier III<\/span><b><\/b><\/h1><\/div><div class=\"fusion-text fusion-text-3\"><p><span style=\"color: var(--body_typography-color); font-family: var(--body_typography-font-family); font-size: var(--body_typography-font-size); font-style: var(--body_typography-font-style,normal); letter-spacing: var(--body_typography-letter-spacing);\"><b style=\"color: rgb(137, 137, 137);\">Cirurgia Pl\u00e1stica:<\/b><\/span> <br \/>&#8211; <span style=\"color: var(--body_typography-color); font-family: var(--body_typography-font-family); font-size: var(--body_typography-font-size); font-style: var(--body_typography-font-style,normal); font-weight: var(--body_typography-font-weight); letter-spacing: var(--body_typography-letter-spacing);\">Servi\u00e7o do Prof. Marc Revol no Hospital Saint-Louis (Paris)<br \/><\/span><span style=\"color: var(--body_typography-color); font-family: var(--body_typography-font-family); font-size: var(--body_typography-font-size); font-style: var(--body_typography-font-style,normal); font-weight: var(--body_typography-font-weight); letter-spacing: var(--body_typography-letter-spacing);\">&#8211; <\/span><span style=\"color: var(--body_typography-color); font-family: var(--body_typography-font-family); font-size: var(--body_typography-font-size); font-style: var(--body_typography-font-style,normal); font-weight: var(--body_typography-font-weight); letter-spacing: var(--body_typography-letter-spacing);\">Cl\u00ednicas Privadas: Clinique Internationale du Parc Monceau, Clinique Blomet (Paris)<\/span><\/p>\n<\/div><div class=\"fusion-title title fusion-title-10 fusion-sep-none fusion-title-center fusion-title-text fusion-title-size-one\" style=\"--awb-margin-bottom:0px;--awb-margin-top-small:10px;--awb-margin-right-small:0px;--awb-margin-bottom-small:10px;--awb-margin-left-small:0px;--awb-font-size:24px;\"><h1 class=\"fusion-title-heading title-heading-center fusion-responsive-typography-calculated\" style=\"margin:0;font-size:1em;--fontSize:24;line-height:1.29;\"><b>PER\u00cdODO DA GR\u00c9CIA <\/b><b>(<\/b><span style=\"color: rgb(198, 180, 41);\">Tessal\u00f3nica, Atenas<\/span><b>)<\/b><\/h1><\/div><div class=\"fusion-title title fusion-title-11 fusion-sep-none fusion-title-text fusion-title-size-one\" style=\"--awb-margin-bottom:0px;--awb-margin-top-small:10px;--awb-margin-right-small:0px;--awb-margin-bottom-small:10px;--awb-margin-left-small:0px;--awb-font-size:18px;\"><h1 class=\"fusion-title-heading title-heading-left fusion-responsive-typography-calculated\" style=\"margin:0;font-size:1em;--fontSize:18;--minFontSize:18;line-height:1.72;\"><span style=\"color: rgb(137, 137, 137);\"><\/p>\n<p>\t\t\t<\/span><strong style=\"font-size: 22px; color: #000000;\" data-fusion-font=\"true\"><span style=\"color: rgb(51, 51, 51);\">2008-2010<\/span><br \/><\/strong><\/p>\n<p><b><span data-fusion-font=\"true\" style=\"font-size: 16px; color: rgb(137, 137, 137);\">Cirurgia Gera<\/span><span style=\"color: rgb(137, 137, 137);\">l<\/span><span style=\"color: rgb(137, 137, 137); font-size: 16px;\" data-fusion-font=\"true\">:<\/span><\/b><b data-fusion-font=\"true\" style=\"font-size: 16px;\"> <\/b><span data-fusion-font=\"true\" style=\"font-size: 16px;\">Servi\u00e7o de Primeira Cl\u00ednica Cir\u00fargica, Hospital Papageorgiou de Tessal\u00f3nica  <\/span><\/p><\/h1><\/div><div class=\"fusion-title title fusion-title-12 fusion-sep-none fusion-title-text fusion-title-size-one\" style=\"--awb-margin-bottom:0px;--awb-margin-top-small:10px;--awb-margin-right-small:0px;--awb-margin-bottom-small:10px;--awb-margin-left-small:0px;--awb-font-size:18px;\"><h1 class=\"fusion-title-heading title-heading-left fusion-responsive-typography-calculated\" style=\"margin:0;font-size:1em;--fontSize:18;--minFontSize:18;line-height:1.72;\"><strong style=\"font-size: 22px; color: #000000;\" data-fusion-font=\"true\"><span style=\"color: rgb(51, 51, 51);\">2016-2020<\/span><br \/><\/strong><b style=\"font-size: 16px;\" data-fusion-font=\"true\"><span style=\"color: rgb(137, 137, 137);\">Cirurgia Pl\u00e1stica:<\/span> <\/b><span style=\"font-size: 16px;\" data-fusion-font=\"true\">Servi\u00e7o de Cl\u00ednica Universitaria (AUTh), Hospital Papageorgiou de Tessal\u00f3nica  <\/span><\/h1><\/div><div class=\"fusion-title title fusion-title-13 fusion-sep-none fusion-title-text fusion-title-size-one\" style=\"--awb-margin-bottom:5px;--awb-margin-top-small:10px;--awb-margin-right-small:0px;--awb-margin-bottom-small:10px;--awb-margin-left-small:0px;--awb-font-size:18px;\"><h1 class=\"fusion-title-heading title-heading-left fusion-responsive-typography-calculated\" style=\"margin:0;font-size:1em;--fontSize:18;--minFontSize:18;line-height:1.72;\"><strong style=\"font-size: 22px; color: #000000;\" data-fusion-font=\"true\">2020-<\/strong><span data-fusion-font=\"true\" style=\"font-size: 22px; line-height: 37.84px;\"><b style=\"color: rgb(51, 51, 51);\">At\u00e9 Hoje<\/b><\/span><br \/><\/h1><\/div><div class=\"fusion-text fusion-text-4\"><p><b><span style=\"font-family: var(--body_typography-font-family); font-size: var(--body_typography-font-size); font-style: var(--body_typography-font-style,normal); letter-spacing: var(--body_typography-letter-spacing); color: rgb(137, 137, 137);\">Cirurgi\u00e3o Pl\u00e1stico Particular:<\/span> <br \/><\/b>&#8211; <span style=\"color: var(--body_typography-color); font-family: var(--body_typography-font-family); font-size: var(--body_typography-font-size); font-style: var(--body_typography-font-style,normal); font-weight: var(--body_typography-font-weight); letter-spacing: var(--body_typography-letter-spacing);\">Consult\u00f3rio Privado em Tessalonica. Rua Karolou Ntil 6, no 3o Andar<br \/><\/span><span style=\"color: var(--body_typography-color); font-family: var(--body_typography-font-family); font-size: var(--body_typography-font-size); font-style: var(--body_typography-font-style,normal); font-weight: var(--body_typography-font-weight); letter-spacing: var(--body_typography-letter-spacing);\">&#8211; <\/span><span style=\"color: var(--body_typography-color); font-family: var(--body_typography-font-family); font-size: var(--body_typography-font-size); font-style: var(--body_typography-font-style,normal); font-weight: var(--body_typography-font-weight); letter-spacing: var(--body_typography-letter-spacing);\">Colabora\u00e7\u00f5es com cl\u00ednicas privadas em Tessal\u00f3nica, Atenas<\/span><\/p>\n<\/div><\/div><\/div><\/div><\/div><\/p>\n","protected":false},"excerpt":{"rendered":"","protected":false},"author":1,"featured_media":0,"parent":0,"menu_order":0,"comment_status":"closed","ping_status":"closed","template":"100-width.php","meta":{"footnotes":""},"class_list":["post-2565","page","type-page","status-publish","hentry"],"_links":{"self":[{"href":"https:\/\/delimpaltasplasticsurgery.com\/index.php\/wp-json\/wp\/v2\/pages\/2565","targetHints":{"allow":["GET"]}}],"collection":[{"href":"https:\/\/delimpaltasplasticsurgery.com\/index.php\/wp-json\/wp\/v2\/pages"}],"about":[{"href":"https:\/\/delimpaltasplasticsurgery.com\/index.php\/wp-json\/wp\/v2\/types\/page"}],"author":[{"embeddable":true,"href":"https:\/\/delimpaltasplasticsurgery.com\/index.php\/wp-json\/wp\/v2\/users\/1"}],"replies":[{"embeddable":true,"href":"https:\/\/delimpaltasplasticsurgery.com\/index.php\/wp-json\/wp\/v2\/comments?post=2565"}],"version-history":[{"count":25,"href":"https:\/\/delimpaltasplasticsurgery.com\/index.php\/wp-json\/wp\/v2\/pages\/2565\/revisions"}],"predecessor-version":[{"id":4868,"href":"https:\/\/delimpaltasplasticsurgery.com\/index.php\/wp-json\/wp\/v2\/pages\/2565\/revisions\/4868"}],"wp:attachment":[{"href":"https:\/\/delimpaltasplasticsurgery.com\/index.php\/wp-json\/wp\/v2\/media?parent=2565"}],"curies":[{"name":"wp","href":"https:\/\/api.w.org\/{rel}","templated":true}]}}