{"id":735,"date":"2021-09-20T12:29:53","date_gmt":"2021-09-20T12:29:53","guid":{"rendered":"https:\/\/delimpaltasplasticsurgery.com\/?page_id=735"},"modified":"2022-04-12T08:44:06","modified_gmt":"2022-04-12T08:44:06","slug":"about","status":"publish","type":"page","link":"https:\/\/delimpaltasplasticsurgery.com\/index.php\/about\/","title":{"rendered":"About"},"content":{"rendered":"<p><div class=\"fusion-fullwidth fullwidth-box fusion-builder-row-1 fusion-flex-container nonhundred-percent-fullwidth non-hundred-percent-height-scrolling\" style=\"--awb-background-blend-mode:multiply;--awb-border-radius-top-left:0px;--awb-border-radius-top-right:0px;--awb-border-radius-bottom-right:0px;--awb-border-radius-bottom-left:0px;--awb-padding-top:40px;--awb-padding-right:0px;--awb-padding-bottom:0px;--awb-padding-left:0px;--awb-margin-bottom:0px;--awb-flex-wrap:wrap;\" ><div class=\"fusion-builder-row fusion-row fusion-flex-align-items-flex-start fusion-flex-justify-content-center fusion-flex-content-wrap\" style=\"max-width:1289.6px;margin-left: calc(-4% \/ 2 );margin-right: calc(-4% \/ 2 );\"><div class=\"fusion-layout-column fusion_builder_column fusion-builder-column-0 fusion_builder_column_1_1 1_1 fusion-flex-column\" style=\"--awb-bg-size:cover;--awb-width-large:100%;--awb-margin-top-large:0px;--awb-spacing-right-large:2.88%;--awb-margin-bottom-large:0px;--awb-spacing-left-large:1.92%;--awb-width-medium:100%;--awb-order-medium:0;--awb-spacing-right-medium:1.92%;--awb-spacing-left-medium:1.92%;--awb-width-small:100%;--awb-order-small:0;--awb-spacing-right-small:1.92%;--awb-spacing-left-small:1.92%;\"><div class=\"fusion-column-wrapper fusion-column-has-shadow fusion-flex-justify-content-flex-start fusion-content-layout-column\"><div class=\"fusion-title title fusion-title-1 fusion-sep-none fusion-title-center fusion-title-text fusion-title-size-one\" style=\"--awb-text-color:#000000;--awb-margin-bottom:60px;--awb-margin-top-small:10px;--awb-margin-right-small:0px;--awb-margin-bottom-small:10px;--awb-margin-left-small:0px;--awb-font-size:32px;\"><h1 class=\"fusion-title-heading title-heading-center fusion-responsive-typography-calculated\" style=\"margin:0;letter-spacing:4px;font-size:1em;--fontSize:32;line-height:0.97;\"><b><\/p>\n<p>\t\t\tAlexandros DELIMPALTAS M.D.<\/p>\n<p>\t<\/b><\/h1><\/div><\/div><\/div><\/div><\/div><div class=\"fusion-fullwidth fullwidth-box fusion-builder-row-2 fusion-flex-container nonhundred-percent-fullwidth non-hundred-percent-height-scrolling\" style=\"--awb-border-radius-top-left:0px;--awb-border-radius-top-right:0px;--awb-border-radius-bottom-right:0px;--awb-border-radius-bottom-left:0px;--awb-padding-top:0px;--awb-padding-right:20px;--awb-padding-top-medium:0px;--awb-margin-top-medium:0px;--awb-flex-wrap:wrap;\" ><div class=\"fusion-builder-row fusion-row fusion-flex-align-items-flex-start fusion-flex-content-wrap\" style=\"max-width:1289.6px;margin-left: calc(-4% \/ 2 );margin-right: calc(-4% \/ 2 );\"><div class=\"fusion-layout-column fusion_builder_column fusion-builder-column-1 fusion_builder_column_1_3 1_3 fusion-flex-column fusion-flex-align-self-flex-start\" style=\"--awb-bg-size:cover;--awb-width-large:33.333333333333%;--awb-margin-top-large:100px;--awb-spacing-right-large:4.32%;--awb-margin-bottom-large:20px;--awb-spacing-left-large:0%;--awb-width-medium:100%;--awb-order-medium:0;--awb-margin-top-medium:20px;--awb-spacing-right-medium:1.92%;--awb-spacing-left-medium:1.92%;--awb-width-small:100%;--awb-order-small:0;--awb-spacing-right-small:1.92%;--awb-spacing-left-small:1.92%;\"><div class=\"fusion-column-wrapper fusion-column-has-shadow fusion-flex-justify-content-center fusion-content-layout-column\"><div class=\"fusion-image-element md-text-align-center\" style=\"--awb-caption-title-font-family:var(--h2_typography-font-family);--awb-caption-title-font-weight:var(--h2_typography-font-weight);--awb-caption-title-font-style:var(--h2_typography-font-style);--awb-caption-title-size:var(--h2_typography-font-size);--awb-caption-title-transform:var(--h2_typography-text-transform);--awb-caption-title-line-height:var(--h2_typography-line-height);--awb-caption-title-letter-spacing:var(--h2_typography-letter-spacing);\"><span class=\" fusion-imageframe imageframe-none imageframe-1 hover-type-none\"><img decoding=\"async\" width=\"550\" height=\"1000\" src=\"https:\/\/delimpaltasplasticsurgery.com\/wp-content\/uploads\/2021\/12\/alexandros_photo_portrait.png\" alt class=\"img-responsive wp-image-3971\" srcset=\"https:\/\/delimpaltasplasticsurgery.com\/wp-content\/uploads\/2021\/12\/alexandros_photo_portrait-200x364.png 200w, https:\/\/delimpaltasplasticsurgery.com\/wp-content\/uploads\/2021\/12\/alexandros_photo_portrait-400x727.png 400w, https:\/\/delimpaltasplasticsurgery.com\/wp-content\/uploads\/2021\/12\/alexandros_photo_portrait.png 550w\" sizes=\"(max-width: 1024px) 100vw, (max-width: 640px) 100vw, 400px\" \/><\/span><\/div><\/div><\/div><div class=\"fusion-layout-column fusion_builder_column fusion-builder-column-2 fusion-flex-column\" style=\"--awb-bg-size:cover;--awb-width-large:66.5%;--awb-margin-top-large:0px;--awb-spacing-right-large:0%;--awb-margin-bottom-large:20px;--awb-spacing-left-large:0%;--awb-width-medium:100%;--awb-order-medium:0;--awb-spacing-right-medium:1.92%;--awb-spacing-left-medium:1.92%;--awb-width-small:100%;--awb-order-small:0;--awb-spacing-right-small:1.92%;--awb-spacing-left-small:1.92%;\"><div class=\"fusion-column-wrapper fusion-column-has-shadow fusion-flex-justify-content-center fusion-content-layout-column\"><div class=\"fusion-title title fusion-title-2 fusion-sep-none fusion-title-center fusion-title-text fusion-title-size-one\" style=\"--awb-text-color:#000000;--awb-margin-top-small:10px;--awb-margin-right-small:0px;--awb-margin-bottom-small:10px;--awb-margin-left-small:0px;--awb-font-size:32px;\"><h1 class=\"fusion-title-heading title-heading-center fusion-responsive-typography-calculated\" style=\"margin:0;font-size:1em;--fontSize:32;line-height:0.97;\"><b><b style=\"font-family: 'Century Gothic';\" data-fusion-font=\"true\">PLASTIC SURGEON<\/b><\/b><\/h1><\/div><div class=\"fusion-title title fusion-title-3 fusion-sep-none fusion-title-center fusion-title-text fusion-title-size-one\" style=\"--awb-text-color:#c6b429;--awb-margin-top-small:10px;--awb-margin-right-small:0px;--awb-margin-bottom-small:10px;--awb-margin-left-small:0px;--awb-font-size:28.0px;\"><h1 class=\"fusion-title-heading title-heading-center fusion-responsive-typography-calculated\" style=\"margin:0;font-size:1em;--fontSize:28;line-height:1.11;\"><span style=\"font-size: 28px; line-height: 32px;\" data-fusion-font=\"true\"><span style=\"color: #5e5e5e;\">Specialization in<\/span><br \/><\/span><i><span style=\"font-size: 28px; line-height: 32px;\" data-fusion-font=\"true\"><span style=\"color: rgb(198, 180, 41);\">brazilia<\/span>n<\/span><\/i><i><span style=\"font-size: 28px; line-height: 32px;\" data-fusion-font=\"true\">, <\/span><\/i><i><span style=\"font-size: 28px; line-height: 32px;\" data-fusion-font=\"true\">french<\/span><\/i><i><span style=\"font-size: 28px; line-height: 32px;\" data-fusion-font=\"true\"> &amp; international<br \/><\/span><\/i><span style=\"font-size: 28px; line-height: 32px; color: #5e5e5e;\" data-fusion-font=\"true\">advanced technique<\/span><span style=\"color: #5e5e5e;\">s<\/span><\/h1><\/div><div class=\"fusion-image-element \" style=\"text-align:center;--awb-margin-bottom:50px;--awb-max-width:800px;--awb-caption-title-font-family:var(--h2_typography-font-family);--awb-caption-title-font-weight:var(--h2_typography-font-weight);--awb-caption-title-font-style:var(--h2_typography-font-style);--awb-caption-title-size:var(--h2_typography-font-size);--awb-caption-title-transform:var(--h2_typography-text-transform);--awb-caption-title-line-height:var(--h2_typography-line-height);--awb-caption-title-letter-spacing:var(--h2_typography-letter-spacing);\"><span class=\" fusion-imageframe imageframe-none imageframe-2 hover-type-none\"><img decoding=\"async\" width=\"818\" height=\"68\" title=\"nisteria3\" src=\"https:\/\/delimpaltasplasticsurgery.com\/wp-content\/uploads\/2021\/12\/nisteria3.png\" alt class=\"img-responsive wp-image-3324\" srcset=\"https:\/\/delimpaltasplasticsurgery.com\/wp-content\/uploads\/2021\/12\/nisteria3-200x17.png 200w, https:\/\/delimpaltasplasticsurgery.com\/wp-content\/uploads\/2021\/12\/nisteria3-400x33.png 400w, https:\/\/delimpaltasplasticsurgery.com\/wp-content\/uploads\/2021\/12\/nisteria3-600x50.png 600w, https:\/\/delimpaltasplasticsurgery.com\/wp-content\/uploads\/2021\/12\/nisteria3-800x67.png 800w, https:\/\/delimpaltasplasticsurgery.com\/wp-content\/uploads\/2021\/12\/nisteria3.png 818w\" sizes=\"(max-width: 1024px) 100vw, (max-width: 640px) 100vw, 818px\" \/><\/span><\/div><div class=\"fusion-title title fusion-title-4 fusion-sep-none fusion-title-center fusion-title-text fusion-title-size-one\" style=\"--awb-margin-top-small:10px;--awb-margin-right-small:0px;--awb-margin-bottom-small:10px;--awb-margin-left-small:0px;--awb-font-size:18px;\"><h1 class=\"fusion-title-heading title-heading-center fusion-responsive-typography-calculated\" style=\"margin:0;font-size:1em;--fontSize:18;--minFontSize:18;line-height:1.72;\"><b>MEDICAL DEGREE <\/b><b>2005: <\/b>Aristotle University of Thessaloniki (AUTh)<br \/><strong>MILITARY SERVICE<\/strong> <b>200<\/b><b>6<\/b><b>&#8211;<\/b><b>7: <\/b>Medical Private of Self-propelled Artillery Unit<\/h1><\/div><div class=\"fusion-title title fusion-title-5 fusion-sep-none fusion-title-center fusion-title-text fusion-title-size-one\" style=\"--awb-margin-bottom:0px;--awb-margin-top-small:10px;--awb-margin-right-small:0px;--awb-margin-bottom-small:10px;--awb-margin-left-small:0px;--awb-font-size:24px;\"><h1 class=\"fusion-title-heading title-heading-center fusion-responsive-typography-calculated\" style=\"margin:0;font-size:1em;--fontSize:24;line-height:1.29;\"><b>PERIOD OF BRAZIL <\/b><b>(<\/b><span style=\"color: #c6b429;\">Rio de Janeiro, Niteroi<\/span><b>)<\/b><\/h1><\/div><div class=\"fusion-title title fusion-title-6 fusion-sep-none fusion-title-text fusion-title-size-one\" style=\"--awb-margin-top-small:10px;--awb-margin-right-small:0px;--awb-margin-bottom-small:10px;--awb-margin-left-small:0px;--awb-font-size:18px;\"><h1 class=\"fusion-title-heading title-heading-left fusion-responsive-typography-calculated\" style=\"margin:0;font-size:1em;--fontSize:18;--minFontSize:18;line-height:1.72;\"><strong style=\"font-size: 22px; color: #000000;\" data-fusion-font=\"true\">2007-2008<br \/><\/strong><strong><span style=\"color: #898989;\"><span style=\"color: rgb(137, 137, 137); font-size: 16px;\" data-fusion-font=\"true\">Portuguese<\/span><span data-fusion-font=\"true\" style=\"font-size: 16px;\"> Language<\/span><\/span><b style=\"color: rgb(137, 137, 137); font-size: 16px;\" data-fusion-font=\"true\">:<\/b><\/strong><b data-fusion-font=\"true\" style=\"font-size: 16px;\"> <\/b><span data-fusion-font=\"true\" style=\"font-size: 16px;\">Federal Fluminense University (UFF)<\/span><\/h1><\/div><div class=\"fusion-text fusion-text-1\"><p><b style=\"color: #898989;\">Plastic Surgery<\/b><b><span style=\"color: #898989;\">:<\/span> <br \/><\/b>&#8211; Institute Ivo Pitanguy \/ Hospital Santa Casa de Misericordia<br \/>                          &#8211; Clinic Vit\u00e9e of Prof. Ricardo Cavalcanti Ribeiro\/ Hospital Santa Casa de Misericordia<br \/>\n<span style=\"color: var(--body_typography-color); font-family: var(--body_typography-font-family); font-size: var(--body_typography-font-size); font-style: var(--body_typography-font-style,normal); font-weight: var(--body_typography-font-weight); letter-spacing: var(--body_typography-letter-spacing);\">                          &#8211; Private Pediatric Clinic \u201cCl\u00ednica da Primeira Idade\u201d, Plastic Surgeon Dr. Vanisio Melo<br \/>\n<\/span><span style=\"color: var(--body_typography-color); font-family: var(--body_typography-font-family); font-size: var(--body_typography-font-size); font-style: var(--body_typography-font-style,normal); font-weight: var(--body_typography-font-weight); letter-spacing: var(--body_typography-letter-spacing);\">                          &#8211; Private Clinics: Hospital Barra D&#8217;or, Cl\u00ednica Ipanema, Cl\u00ednica S\u00e3o Jo\u00e3o<\/span><\/p>\n<p><b style=\"color: #898989;\">General Surgery<\/b><b><span style=\"color: #898989;\">:<\/span> <\/b>Hospital Municipal Miguel Couto (Polytrauma Emergency Sector)<\/p>\n<\/div><div class=\"fusion-text fusion-text-2\"><p><strong style=\"font-size: 22px; color: #000000;\" data-fusion-font=\"true\"><span style=\"line-height: 37.84px; font-size: 22px;\" data-fusion-font=\"true\">2010-2012<\/span><br \/>\n<\/strong><b style=\"color: #898989;\">Plastic Surgery<\/b><b><span style=\"color: #898989;\">:<\/span><br \/>\n<\/b>&#8211; Clinic of Prof. Ronaldo Pontes \/ Hospital Niter\u00f3i D\u2019Or \/ Hospital Municipal Carlos Tortelly<br \/>\n&#8211; Institute Ivo Pitanguy \/ Hospital Santa Casa de Misericordia<\/p>\n<p><b style=\"color: #898989;\">Academic Activities:<\/b> <b> <\/b><b> <\/b>&#8211; Center of Medical Studies Extension \u201cPr\u00f3-R\u201d in Clinical Surgery<br \/>\n<span style=\"color: var(--body_typography-color); font-family: var(--body_typography-font-family); font-size: var(--body_typography-font-size); font-style: var(--body_typography-font-style,normal); font-weight: var(--body_typography-font-weight); letter-spacing: var(--body_typography-letter-spacing);\"> &#8211; Chair of Anatomy at UFF University School of Medicine<br \/>\n<\/span><span style=\"color: var(--body_typography-color); font-family: var(--body_typography-font-family); font-size: var(--body_typography-font-size); font-style: var(--body_typography-font-style,normal); font-weight: var(--body_typography-font-weight); letter-spacing: var(--body_typography-letter-spacing);\"> &#8211; Chair of Internal Medicine at UFRJ University School of Medicine<\/span><\/p>\n<\/div><div class=\"fusion-title title fusion-title-7 fusion-sep-none fusion-title-center fusion-title-text fusion-title-size-one\" style=\"--awb-margin-bottom:0px;--awb-margin-top-small:10px;--awb-margin-right-small:0px;--awb-margin-bottom-small:10px;--awb-margin-left-small:0px;--awb-font-size:24px;\"><h1 class=\"fusion-title-heading title-heading-center fusion-responsive-typography-calculated\" style=\"margin:0;font-size:1em;--fontSize:24;line-height:1.29;\"><b>PERIOD OF FRANCE <\/b><b>(<\/b><span style=\"color: #c6b429;\">Montpellier, Paris<\/span><b>)<\/b><\/h1><\/div><div class=\"fusion-title title fusion-title-8 fusion-sep-none fusion-title-text fusion-title-size-one\" style=\"--awb-margin-top-small:10px;--awb-margin-right-small:0px;--awb-margin-bottom-small:10px;--awb-margin-left-small:0px;--awb-font-size:18px;\"><h1 class=\"fusion-title-heading title-heading-left fusion-responsive-typography-calculated\" style=\"margin:0;font-size:1em;--fontSize:18;--minFontSize:18;line-height:1.72;\"><strong style=\"font-size: 22px; color: #000000;\" data-fusion-font=\"true\">2013-2015<br \/><\/strong><strong><span style=\"color: #898989;\"><b data-fusion-font=\"true\" style=\"font-size: 16px;\">French <\/b><span data-fusion-font=\"true\" style=\"font-size: 16px;\">Language<\/span><\/span><b style=\"color: rgb(137, 137, 137); font-size: 16px;\" data-fusion-font=\"true\">: <\/b><\/strong><b data-fusion-font=\"true\" style=\"font-size: 16px;\"><\/b><span data-fusion-font=\"true\" style=\"font-size: 16px;\">University Paul-Val\u00e9ry, Montpellier III<\/span><b><\/b><\/h1><\/div><div class=\"fusion-text fusion-text-3\"><p><b style=\"color: #898989;\">Plastic Surgery:<\/b> <br \/>&#8211; Clinic of Prof. Marc Revol at Saint-Louis Hospital (Paris)<br \/>\n<span style=\"color: var(--body_typography-color); font-family: var(--body_typography-font-family); font-size: var(--body_typography-font-size); font-style: var(--body_typography-font-style,normal); font-weight: var(--body_typography-font-weight); letter-spacing: var(--body_typography-letter-spacing);\">                          &#8211; Private Clinics: Clinique Internationale du Parc Monceau, Clinique Blomet (Paris)<\/span><\/p>\n<\/div><div class=\"fusion-title title fusion-title-9 fusion-sep-none fusion-title-center fusion-title-text fusion-title-size-one\" style=\"--awb-margin-bottom:0px;--awb-margin-top-small:10px;--awb-margin-right-small:0px;--awb-margin-bottom-small:10px;--awb-margin-left-small:0px;--awb-font-size:24px;\"><h1 class=\"fusion-title-heading title-heading-center fusion-responsive-typography-calculated\" style=\"margin:0;font-size:1em;--fontSize:24;line-height:1.29;\"><b>PERIOD OF GREECE <\/b><b>(<\/b><span style=\"color: #c6b429;\">Thessaloniki, Athens<\/span><b>)<\/b><\/h1><\/div><div class=\"fusion-title title fusion-title-10 fusion-sep-none fusion-title-text fusion-title-size-one\" style=\"--awb-margin-bottom:0px;--awb-margin-top-small:10px;--awb-margin-right-small:0px;--awb-margin-bottom-small:10px;--awb-margin-left-small:0px;--awb-font-size:18px;\"><h1 class=\"fusion-title-heading title-heading-left fusion-responsive-typography-calculated\" style=\"margin:0;font-size:1em;--fontSize:18;--minFontSize:18;line-height:1.72;\"><strong style=\"font-size: 22px; color: #000000;\" data-fusion-font=\"true\">2008-2010<br \/><\/strong><strong><span style=\"color: #898989;\"><span style=\"color: rgb(137, 137, 137); font-size: 16px;\" data-fusion-font=\"true\">General Surgery<\/span><\/span><b style=\"color: rgb(137, 137, 137); font-size: 16px;\" data-fusion-font=\"true\">:<\/b><\/strong><b data-fusion-font=\"true\" style=\"font-size: 16px;\"> <\/b><span data-fusion-font=\"true\" style=\"font-size: 16px;\">\u0391&#8217; Department of General Surgery, Papageorgiou Hospital of Thessaloniki<\/span><\/h1><\/div><div class=\"fusion-title title fusion-title-11 fusion-sep-none fusion-title-text fusion-title-size-one\" style=\"--awb-margin-bottom:0px;--awb-margin-top-small:10px;--awb-margin-right-small:0px;--awb-margin-bottom-small:10px;--awb-margin-left-small:0px;--awb-font-size:18px;\"><h1 class=\"fusion-title-heading title-heading-left fusion-responsive-typography-calculated\" style=\"margin:0;font-size:1em;--fontSize:18;--minFontSize:18;line-height:1.72;\"><strong style=\"font-size: 22px; color: #000000;\" data-fusion-font=\"true\">2016-2020<br \/>\n<\/strong><strong><span style=\"color: #898989;\"><span style=\"color: #898989; font-size: 16px;\" data-fusion-font=\"true\">Plastic Surgery<\/span><\/span><b style=\"color: #898989; font-size: 16px;\" data-fusion-font=\"true\">:<\/b><\/strong><b style=\"font-size: 16px;\" data-fusion-font=\"true\"> <\/b><span style=\"font-size: 16px;\" data-fusion-font=\"true\">Department of Plastic Surgery (AUTh), Papageorgiou Hospital of Thessaloniki<br \/><\/span><\/h1><\/div><div class=\"fusion-text fusion-text-4\" style=\"--awb-margin-top:10px;\"><p><strong style=\"font-size: 22px; color: #000000; line-height: 40px; letter-spacing: normal;\" data-fusion-font=\"true\">2020-<\/strong><b><span style=\"font-size: 22px;\" data-fusion-font=\"true\"><span style=\"line-height: 40px; font-size: 22px; letter-spacing: normal;\" data-fusion-font=\"true\">Until today<br \/><\/span><\/span><\/b><b style=\"color: #898989;\">Private Plastic Surgeon:<\/b> <br \/>&#8211; Private Practice Office in Thessaloniki. Karolou Ntil Str. 6 on the 3rd floor)<br \/><span style=\"color: var(--body_typography-color); font-family: var(--body_typography-font-family); font-size: var(--body_typography-font-size); font-style: var(--body_typography-font-style,normal); font-weight: var(--body_typography-font-weight); letter-spacing: var(--body_typography-letter-spacing);\"> &#8211; Collaborations with Private Clinics in Thessaloniki, Athens<\/span><\/p>\n<\/div><\/div><\/div><\/div><\/div><\/p>\n","protected":false},"excerpt":{"rendered":"","protected":false},"author":1,"featured_media":0,"parent":0,"menu_order":0,"comment_status":"closed","ping_status":"closed","template":"100-width.php","meta":{"footnotes":""},"class_list":["post-735","page","type-page","status-publish","hentry"],"_links":{"self":[{"href":"https:\/\/delimpaltasplasticsurgery.com\/index.php\/wp-json\/wp\/v2\/pages\/735","targetHints":{"allow":["GET"]}}],"collection":[{"href":"https:\/\/delimpaltasplasticsurgery.com\/index.php\/wp-json\/wp\/v2\/pages"}],"about":[{"href":"https:\/\/delimpaltasplasticsurgery.com\/index.php\/wp-json\/wp\/v2\/types\/page"}],"author":[{"embeddable":true,"href":"https:\/\/delimpaltasplasticsurgery.com\/index.php\/wp-json\/wp\/v2\/users\/1"}],"replies":[{"embeddable":true,"href":"https:\/\/delimpaltasplasticsurgery.com\/index.php\/wp-json\/wp\/v2\/comments?post=735"}],"version-history":[{"count":88,"href":"https:\/\/delimpaltasplasticsurgery.com\/index.php\/wp-json\/wp\/v2\/pages\/735\/revisions"}],"predecessor-version":[{"id":4865,"href":"https:\/\/delimpaltasplasticsurgery.com\/index.php\/wp-json\/wp\/v2\/pages\/735\/revisions\/4865"}],"wp:attachment":[{"href":"https:\/\/delimpaltasplasticsurgery.com\/index.php\/wp-json\/wp\/v2\/media?parent=735"}],"curies":[{"name":"wp","href":"https:\/\/api.w.org\/{rel}","templated":true}]}}